{"id":9703,"date":"2024-05-29T17:12:35","date_gmt":"2024-05-29T20:12:35","guid":{"rendered":"https:\/\/www.rochalog.com.br\/?page_id=9703"},"modified":"2024-10-02T12:00:25","modified_gmt":"2024-10-02T15:00:25","slug":"az9a-2","status":"publish","type":"page","link":"https:\/\/www.rochalog.com.br\/en\/unidades-de-negocio-2\/porto-seco-e-industrializados\/az9a-2\/","title":{"rendered":"IPA AZ9A-2024"},"content":{"rendered":"<div id=\"pl-9703\"  class=\"panel-layout\" ><div id=\"pg-9703-0\"  class=\"panel-grid panel-has-style\" ><div class=\"rocha-banner siteorigin-panels-stretch panel-row-style panel-row-style-for-9703-0\" id=\"rocha-banner\" data-stretch-type=\"full-width-stretch\" ><div id=\"pgc-9703-0-0\"  class=\"panel-grid-cell panel-grid-cell-empty\" ><\/div><\/div><\/div><div id=\"pg-9703-1\"  class=\"panel-grid panel-no-style\" ><div id=\"pgc-9703-1-0\"  class=\"panel-grid-cell\" ><div id=\"panel-9703-1-0-0\" class=\"so-panel widget widget_sow-editor panel-first-child panel-last-child\" data-index=\"0\" ><div\n\t\t\t\n\t\t\tclass=\"so-widget-sow-editor so-widget-sow-editor-base\"\n\t\t\t\n\t\t>\n<div class=\"siteorigin-widget-tinymce textwidget\">\n\t<h2 style=\"margin-bottom: 0;\">AZ9A Facility<\/h2>\n<p style=\"margin-top: 3px;\"><strong>Your best choice for bonded cargo operations and project cargo.<\/strong><\/p>\n<\/div>\n<\/div><\/div><\/div><\/div><div id=\"pg-9703-2\"  class=\"panel-grid panel-no-style\" ><div id=\"pgc-9703-2-0\"  class=\"panel-grid-cell\" ><div id=\"panel-9703-2-0-0\" class=\"so-panel widget widget_sow-editor panel-first-child panel-last-child\" data-index=\"1\" ><div\n\t\t\t\n\t\t\tclass=\"so-widget-sow-editor so-widget-sow-editor-base\"\n\t\t\t\n\t\t>\n<div class=\"siteorigin-widget-tinymce textwidget\">\n\t<p style=\"text-align: justify;\">With an agile and personalized service, ROCHA has a bonded facility at berth 209 of the Port of Paranagu\u00e1 for handling, stuffing and storage services, including bonded warehousing for containerized cargos, <em>big bag<\/em> general cargo as well as project (oversized) or break bulk cargos. <em>break bulk<\/em>.<\/p>\n<p style=\"text-align: justify;\">In this bonded area, we perform warehousing consolidation and deconsolidation operations of containers, always focusing on the safety and handling of these consolidated cargoes (LCL).<\/p>\n<p style=\"text-align: justify;\">We oversee the whole process and offer timely updated information which results in this facility (Armaz\u00e9m Rocha AZ9A) to deliver an excellent service.<\/p>\n<\/div>\n<\/div><\/div><\/div><\/div><div id=\"pg-9703-3\"  class=\"panel-grid panel-has-style\" ><div class=\"siteorigin-panels-stretch panel-row-style panel-row-style-for-9703-3\" data-stretch-type=\"full\" ><div id=\"pgc-9703-3-0\"  class=\"panel-grid-cell\" ><div id=\"panel-9703-3-0-0\" class=\"so-panel widget widget_shortcodes-ultimate shortcodes-ultimate panel-first-child panel-last-child\" data-index=\"2\" ><div class=\"textwidget\"><div class=\"su-image-carousel  su-image-carousel-columns-3 su-image-carousel-has-spacing su-image-carousel-crop su-image-carousel-crop-4-3 su-image-carousel-has-outline su-image-carousel-adaptive su-image-carousel-slides-style-photo su-image-carousel-controls-style-light su-image-carousel-align-center\" style=\"\" data-flickity-options='{\"groupCells\":true,\"cellSelector\":\".su-image-carousel-item\",\"adaptiveHeight\":false,\"cellAlign\":\"left\",\"prevNextButtons\":true,\"pageDots\":true,\"autoPlay\":5000,\"imagesLoaded\":true,\"contain\":true,\"selectedAttraction\":0.025000000000000001387778780781445675529539585113525390625,\"friction\":0.2800000000000000266453525910037569701671600341796875}' id=\"su_image_carousel_69f60b0d55e37\"><div class=\"su-image-carousel-item\"><div class=\"su-image-carousel-item-content\"><a href=\"https:\/\/www.rochalog.com.br\/wp-content\/uploads\/2018\/04\/un-az9a-slider-02.jpg\" data-caption=\"\"><img loading=\"lazy\" decoding=\"async\" width=\"720\" height=\"540\" src=\"https:\/\/www.rochalog.com.br\/wp-content\/uploads\/2018\/04\/un-az9a-slider-02.jpg\" class=\"\" alt=\"\" srcset=\"https:\/\/www.rochalog.com.br\/wp-content\/uploads\/2018\/04\/un-az9a-slider-02.jpg 800w, https:\/\/www.rochalog.com.br\/wp-content\/uploads\/2018\/04\/un-az9a-slider-02-300x225.jpg 300w, https:\/\/www.rochalog.com.br\/wp-content\/uploads\/2018\/04\/un-az9a-slider-02-768x576.jpg 768w\" sizes=\"auto, (max-width: 720px) 100vw, 720px\" \/><\/a><\/div><\/div><div class=\"su-image-carousel-item\"><div class=\"su-image-carousel-item-content\"><a href=\"https:\/\/www.rochalog.com.br\/wp-content\/uploads\/2018\/04\/un-az9a-slider-04.jpg\" data-caption=\"\"><img loading=\"lazy\" decoding=\"async\" width=\"720\" height=\"540\" src=\"https:\/\/www.rochalog.com.br\/wp-content\/uploads\/2018\/04\/un-az9a-slider-04.jpg\" class=\"\" alt=\"\" srcset=\"https:\/\/www.rochalog.com.br\/wp-content\/uploads\/2018\/04\/un-az9a-slider-04.jpg 800w, https:\/\/www.rochalog.com.br\/wp-content\/uploads\/2018\/04\/un-az9a-slider-04-300x225.jpg 300w, https:\/\/www.rochalog.com.br\/wp-content\/uploads\/2018\/04\/un-az9a-slider-04-768x576.jpg 768w\" sizes=\"auto, (max-width: 720px) 100vw, 720px\" \/><\/a><\/div><\/div><div class=\"su-image-carousel-item\"><div class=\"su-image-carousel-item-content\"><a href=\"https:\/\/www.rochalog.com.br\/wp-content\/uploads\/2019\/03\/imagem_caminhao.jpg\" data-caption=\"\"><img loading=\"lazy\" decoding=\"async\" width=\"720\" height=\"540\" src=\"https:\/\/www.rochalog.com.br\/wp-content\/uploads\/2019\/03\/imagem_caminhao.jpg\" class=\"\" alt=\"Rocha - Unidades de neg\u00f3cio - Porto Seco\" srcset=\"https:\/\/www.rochalog.com.br\/wp-content\/uploads\/2019\/03\/imagem_caminhao.jpg 800w, https:\/\/www.rochalog.com.br\/wp-content\/uploads\/2019\/03\/imagem_caminhao-300x225.jpg 300w, https:\/\/www.rochalog.com.br\/wp-content\/uploads\/2019\/03\/imagem_caminhao-768x576.jpg 768w\" sizes=\"auto, (max-width: 720px) 100vw, 720px\" \/><\/a><\/div><\/div><div class=\"su-image-carousel-item\"><div class=\"su-image-carousel-item-content\"><a href=\"https:\/\/www.rochalog.com.br\/wp-content\/uploads\/2018\/04\/un-az9a-slider-05.jpg\" data-caption=\"\"><img loading=\"lazy\" decoding=\"async\" width=\"720\" height=\"540\" src=\"https:\/\/www.rochalog.com.br\/wp-content\/uploads\/2018\/04\/un-az9a-slider-05.jpg\" class=\"\" alt=\"\" srcset=\"https:\/\/www.rochalog.com.br\/wp-content\/uploads\/2018\/04\/un-az9a-slider-05.jpg 800w, https:\/\/www.rochalog.com.br\/wp-content\/uploads\/2018\/04\/un-az9a-slider-05-300x225.jpg 300w, https:\/\/www.rochalog.com.br\/wp-content\/uploads\/2018\/04\/un-az9a-slider-05-768x576.jpg 768w\" sizes=\"auto, (max-width: 720px) 100vw, 720px\" \/><\/a><\/div><\/div><div class=\"su-image-carousel-item\"><div class=\"su-image-carousel-item-content\"><a href=\"https:\/\/www.rochalog.com.br\/wp-content\/uploads\/2019\/03\/carregando-conteiner.jpg\" data-caption=\"\"><img loading=\"lazy\" decoding=\"async\" width=\"720\" height=\"540\" src=\"https:\/\/www.rochalog.com.br\/wp-content\/uploads\/2019\/03\/carregando-conteiner.jpg\" class=\"\" alt=\"\" srcset=\"https:\/\/www.rochalog.com.br\/wp-content\/uploads\/2019\/03\/carregando-conteiner.jpg 800w, https:\/\/www.rochalog.com.br\/wp-content\/uploads\/2019\/03\/carregando-conteiner-300x225.jpg 300w, https:\/\/www.rochalog.com.br\/wp-content\/uploads\/2019\/03\/carregando-conteiner-768x576.jpg 768w\" sizes=\"auto, (max-width: 720px) 100vw, 720px\" \/><\/a><\/div><\/div><div class=\"su-image-carousel-item\"><div class=\"su-image-carousel-item-content\"><a href=\"https:\/\/www.rochalog.com.br\/wp-content\/uploads\/2018\/04\/un-az9a-slider-08.jpg\" data-caption=\"\"><img loading=\"lazy\" decoding=\"async\" width=\"720\" height=\"540\" src=\"https:\/\/www.rochalog.com.br\/wp-content\/uploads\/2018\/04\/un-az9a-slider-08.jpg\" class=\"\" alt=\"\" srcset=\"https:\/\/www.rochalog.com.br\/wp-content\/uploads\/2018\/04\/un-az9a-slider-08.jpg 800w, https:\/\/www.rochalog.com.br\/wp-content\/uploads\/2018\/04\/un-az9a-slider-08-300x225.jpg 300w, https:\/\/www.rochalog.com.br\/wp-content\/uploads\/2018\/04\/un-az9a-slider-08-768x576.jpg 768w\" sizes=\"auto, (max-width: 720px) 100vw, 720px\" \/><\/a><\/div><\/div><div class=\"su-image-carousel-item\"><div class=\"su-image-carousel-item-content\"><a href=\"https:\/\/www.rochalog.com.br\/wp-content\/uploads\/2019\/03\/imagem_sacas.jpg\" data-caption=\"\"><img loading=\"lazy\" decoding=\"async\" width=\"720\" height=\"540\" src=\"https:\/\/www.rochalog.com.br\/wp-content\/uploads\/2019\/03\/imagem_sacas.jpg\" class=\"\" alt=\"Rocha - Armazem - sacas\" srcset=\"https:\/\/www.rochalog.com.br\/wp-content\/uploads\/2019\/03\/imagem_sacas.jpg 800w, https:\/\/www.rochalog.com.br\/wp-content\/uploads\/2019\/03\/imagem_sacas-300x225.jpg 300w, https:\/\/www.rochalog.com.br\/wp-content\/uploads\/2019\/03\/imagem_sacas-768x576.jpg 768w\" sizes=\"auto, (max-width: 720px) 100vw, 720px\" \/><\/a><\/div><\/div><div class=\"su-image-carousel-item\"><div class=\"su-image-carousel-item-content\"><a href=\"https:\/\/www.rochalog.com.br\/wp-content\/uploads\/2018\/04\/un-az9a-slider-13.jpg\" data-caption=\"\"><img loading=\"lazy\" decoding=\"async\" width=\"720\" height=\"540\" src=\"https:\/\/www.rochalog.com.br\/wp-content\/uploads\/2018\/04\/un-az9a-slider-13.jpg\" class=\"\" alt=\"\" srcset=\"https:\/\/www.rochalog.com.br\/wp-content\/uploads\/2018\/04\/un-az9a-slider-13.jpg 800w, https:\/\/www.rochalog.com.br\/wp-content\/uploads\/2018\/04\/un-az9a-slider-13-300x225.jpg 300w, https:\/\/www.rochalog.com.br\/wp-content\/uploads\/2018\/04\/un-az9a-slider-13-768x576.jpg 768w\" sizes=\"auto, (max-width: 720px) 100vw, 720px\" \/><\/a><\/div><\/div><div class=\"su-image-carousel-item\"><div class=\"su-image-carousel-item-content\"><a href=\"https:\/\/www.rochalog.com.br\/wp-content\/uploads\/2019\/05\/az9_imagens_carrossel_0001_az92.png\" data-caption=\"\"><img loading=\"lazy\" decoding=\"async\" width=\"720\" height=\"540\" src=\"https:\/\/www.rochalog.com.br\/wp-content\/uploads\/2019\/05\/az9_imagens_carrossel_0001_az92.png\" class=\"\" alt=\"Rocha - Armaz\u00e9m\" srcset=\"https:\/\/www.rochalog.com.br\/wp-content\/uploads\/2019\/05\/az9_imagens_carrossel_0001_az92.png 800w, https:\/\/www.rochalog.com.br\/wp-content\/uploads\/2019\/05\/az9_imagens_carrossel_0001_az92-300x225.png 300w, https:\/\/www.rochalog.com.br\/wp-content\/uploads\/2019\/05\/az9_imagens_carrossel_0001_az92-768x576.png 768w\" sizes=\"auto, (max-width: 720px) 100vw, 720px\" \/><\/a><\/div><\/div><\/div><script id=\"su_image_carousel_69f60b0d55e37_script\">if(window.SUImageCarousel){setTimeout(function() {window.SUImageCarousel.initGallery(document.getElementById(\"su_image_carousel_69f60b0d55e37\"))}, 0);}var su_image_carousel_69f60b0d55e37_script=document.getElementById(\"su_image_carousel_69f60b0d55e37_script\");if(su_image_carousel_69f60b0d55e37_script){su_image_carousel_69f60b0d55e37_script.parentNode.removeChild(su_image_carousel_69f60b0d55e37_script);}<\/script><\/div><\/div><\/div><\/div><\/div><div id=\"pg-9703-4\"  class=\"panel-grid panel-has-style\" ><div class=\"siteorigin-panels-stretch panel-row-style panel-row-style-for-9703-4\" data-stretch-type=\"full\" ><div id=\"pgc-9703-4-0\"  class=\"panel-grid-cell\" ><div id=\"panel-9703-4-0-0\" class=\"so-panel widget widget_sow-editor panel-first-child panel-last-child\" data-index=\"3\" ><div\n\t\t\t\n\t\t\tclass=\"so-widget-sow-editor so-widget-sow-editor-base\"\n\t\t\t\n\t\t>\n<div class=\"siteorigin-widget-tinymce textwidget\">\n\t<h4 style=\"margin-bottom: 0;\">Current Capacity<\/h4>\n<p style=\"margin-top: 3px;\">Total bonded area of 5,000 square meters, of which:<\/p>\n<\/div>\n<\/div><\/div><\/div><\/div><\/div><div id=\"pg-9703-5\"  class=\"panel-grid panel-has-style\" ><div class=\"linha-granel panel-row-style panel-row-style-for-9703-5\" ><div id=\"pgc-9703-5-0\"  class=\"panel-grid-cell\" ><div id=\"panel-9703-5-0-0\" class=\"so-panel widget widget_sow-editor panel-first-child panel-last-child\" data-index=\"4\" ><div class=\"fino borda-esquerda panel-widget-style panel-widget-style-for-9703-5-0-0\" ><div\n\t\t\t\n\t\t\tclass=\"so-widget-sow-editor so-widget-sow-editor-base\"\n\t\t\t\n\t\t>\n<div class=\"siteorigin-widget-tinymce textwidget\">\n\t<p style=\"text-align: left;\"><img loading=\"lazy\" decoding=\"async\" class=\"wp-image-2176 size-full alignnone\" src=\"https:\/\/www.rochalog.com.br\/wp-content\/uploads\/2018\/05\/gimpo-icone-01.png\" alt=\"\" width=\"66\" height=\"42\" \/><br \/>\n1 covered warehouse of 4 thousand square meters.<\/p>\n<\/div>\n<\/div><\/div><\/div><\/div><div id=\"pgc-9703-5-1\"  class=\"panel-grid-cell\" ><div id=\"panel-9703-5-1-0\" class=\"so-panel widget widget_sow-editor panel-first-child panel-last-child\" data-index=\"5\" ><div class=\"fino borda-esquerda panel-widget-style panel-widget-style-for-9703-5-1-0\" ><div\n\t\t\t\n\t\t\tclass=\"so-widget-sow-editor so-widget-sow-editor-base\"\n\t\t\t\n\t\t>\n<div class=\"siteorigin-widget-tinymce textwidget\">\n\t<p style=\"text-align: left;\"><img loading=\"lazy\" decoding=\"async\" class=\"wp-image-2761 size-full alignnone\" src=\"https:\/\/www.rochalog.com.br\/wp-content\/uploads\/2018\/05\/portoseco-icone-01.png\" alt=\"\" width=\"119\" height=\"42\" \/><br \/>\n1 open yard of 1 thousand square meters.<\/p>\n<\/div>\n<\/div><\/div><\/div><\/div><div id=\"pgc-9703-5-2\"  class=\"panel-grid-cell panel-grid-cell-empty panel-grid-cell-mobile-last\" ><\/div><div id=\"pgc-9703-5-3\"  class=\"panel-grid-cell panel-grid-cell-empty\" ><\/div><\/div><\/div><div id=\"pg-9703-6\"  class=\"panel-grid panel-has-style\" ><div class=\"siteorigin-panels-stretch panel-row-style panel-row-style-for-9703-6\" data-stretch-type=\"full\" ><div id=\"pgc-9703-6-0\"  class=\"panel-grid-cell\" ><div id=\"panel-9703-6-0-0\" class=\"so-panel widget widget_sow-editor panel-first-child panel-last-child\" data-index=\"6\" ><div\n\t\t\t\n\t\t\tclass=\"so-widget-sow-editor so-widget-sow-editor-base\"\n\t\t\t\n\t\t>\n<div class=\"siteorigin-widget-tinymce textwidget\">\n\t<h4>DIFERENTIALS<\/h4>\n<\/div>\n<\/div><\/div><\/div><\/div><\/div><div id=\"pg-9703-7\"  class=\"panel-grid panel-has-style\" ><div class=\"linha-granel panel-row-style panel-row-style-for-9703-7\" ><div id=\"pgc-9703-7-0\"  class=\"panel-grid-cell\" ><div id=\"panel-9703-7-0-0\" class=\"so-panel widget widget_sow-editor panel-first-child panel-last-child\" data-index=\"7\" ><div class=\"fino borda-esquerda panel-widget-style panel-widget-style-for-9703-7-0-0\" ><div\n\t\t\t\n\t\t\tclass=\"so-widget-sow-editor so-widget-sow-editor-base\"\n\t\t\t\n\t\t>\n<div class=\"siteorigin-widget-tinymce textwidget\">\n\t<p style=\"text-align: left;\"><img loading=\"lazy\" decoding=\"async\" class=\"wp-image-2767 size-full alignnone\" src=\"https:\/\/www.rochalog.com.br\/wp-content\/uploads\/2018\/05\/az9z-icone-01.png\" alt=\"\" width=\"119\" height=\"42\" \/><br \/>\nLatest cargo handling machinery and equipment.<\/p>\n<\/div>\n<\/div><\/div><\/div><\/div><div id=\"pgc-9703-7-1\"  class=\"panel-grid-cell\" ><div id=\"panel-9703-7-1-0\" class=\"so-panel widget widget_sow-editor panel-first-child panel-last-child\" data-index=\"8\" ><div class=\"fino borda-esquerda panel-widget-style panel-widget-style-for-9703-7-1-0\" ><div\n\t\t\t\n\t\t\tclass=\"so-widget-sow-editor so-widget-sow-editor-base\"\n\t\t\t\n\t\t>\n<div class=\"siteorigin-widget-tinymce textwidget\">\n\t<p><img loading=\"lazy\" decoding=\"async\" class=\"alignnone size-full wp-image-4220\" src=\"https:\/\/www.rochalog.com.br\/wp-content\/uploads\/2019\/03\/icones_areas_camera_2.png\" alt=\"\" width=\"119\" height=\"42\" \/><br \/>\nComplete security system, surveillance and monitoring 24 hours per day.<\/p>\n<\/div>\n<\/div><\/div><\/div><\/div><div id=\"pgc-9703-7-2\"  class=\"panel-grid-cell\" ><div id=\"panel-9703-7-2-0\" class=\"so-panel widget widget_sow-editor panel-first-child panel-last-child\" data-index=\"9\" ><div class=\"fino borda-esquerda panel-widget-style panel-widget-style-for-9703-7-2-0\" ><div\n\t\t\t\n\t\t\tclass=\"so-widget-sow-editor so-widget-sow-editor-base\"\n\t\t\t\n\t\t>\n<div class=\"siteorigin-widget-tinymce textwidget\">\n\t<p><img loading=\"lazy\" decoding=\"async\" class=\"wp-image-4860 size-full alignnone\" src=\"https:\/\/www.rochalog.com.br\/wp-content\/uploads\/2019\/03\/icones_balanca_OCR.png\" alt=\"Rocha - Porto Seco - Sistema OCR\" width=\"119\" height=\"42\" \/><br \/>\nOCR system \u2013 Electronic access and container tracking <em>system.<\/em>Fully automated container cargo and vehicle access control system.<\/p>\n<\/div>\n<\/div><\/div><\/div><\/div><div id=\"pgc-9703-7-3\"  class=\"panel-grid-cell\" ><div id=\"panel-9703-7-3-0\" class=\"so-panel widget widget_sow-editor panel-first-child\" data-index=\"10\" ><div class=\"fino borda-esquerda panel-widget-style panel-widget-style-for-9703-7-3-0\" ><div\n\t\t\t\n\t\t\tclass=\"so-widget-sow-editor so-widget-sow-editor-base\"\n\t\t\t\n\t\t>\n<div class=\"siteorigin-widget-tinymce textwidget\">\n\t<p style=\"text-align: left;\"><img loading=\"lazy\" decoding=\"async\" class=\"alignnone size-full wp-image-4213\" src=\"https:\/\/www.rochalog.com.br\/wp-content\/uploads\/2019\/03\/icones_areas_negociacao_2.png\" alt=\"Negoci\u00e7\u00e3o\" width=\"119\" height=\"42\" \/><br \/>\nNegocia\u00e7\u00e3o flex\u00edvel e solu\u00e7\u00f5es log\u00edsticas<b> <\/b>customizadas de acordo com a necessidade de cada cliente.<\/p>\n<\/div>\n<\/div><\/div><\/div><div id=\"panel-9703-7-3-1\" class=\"so-panel widget widget_sow-button panel-last-child\" data-index=\"11\" ><div class=\"panel-widget-style panel-widget-style-for-9703-7-3-1\" ><div\n\t\t\t\n\t\t\tclass=\"so-widget-sow-button so-widget-sow-button-flat-a48ba67e8bd8-9703\"\n\t\t\t\n\t\t><div class=\"ow-button-base ow-button-align-left\"\n>\n\t\t\t<a\n\t\t\t\t\thref=\"https:\/\/seop.rochalog.com.br\/simulation\"\n\t\t\t\t\tclass=\"botao-padrao popmake-tarifario-az9 sowb-button ow-icon-placement-left ow-button-hover\" target=\"_blank\" rel=\"noopener noreferrer\" \t>\n\t\t<span>\n\t\t\t<span class=\"sow-icon-fontawesome sow-fas\" data-sow-icon=\"&#x24;\"\n\t\tstyle=\"color: #f58220\" \n\t\taria-hidden=\"true\"><\/span>\n\t\t\tTarif\u00e1rio e Simula\u00e7\u00e3o\t\t<\/span>\n\t\t\t<\/a>\n\t<\/div>\n<\/div><\/div><\/div><\/div><\/div><\/div><div id=\"pg-9703-8\"  class=\"panel-grid panel-has-style\" ><div class=\"siteorigin-panels-stretch panel-row-style panel-row-style-for-9703-8\" data-stretch-type=\"full\" ><div id=\"pgc-9703-8-0\"  class=\"panel-grid-cell\" ><div id=\"panel-9703-8-0-0\" class=\"so-panel widget widget_sow-editor panel-first-child panel-last-child\" data-index=\"12\" ><div\n\t\t\t\n\t\t\tclass=\"so-widget-sow-editor so-widget-sow-editor-base\"\n\t\t\t\n\t\t>\n<div class=\"siteorigin-widget-tinymce textwidget\">\n\t<h4><em>ONE STOP SHOP - COMPLEMENTING THE LOGISTICS CHAIN<\/em> - COMPLEMENTO DA CADEIA LOG\u00cdSTICA<\/h4>\n<\/div>\n<\/div><\/div><\/div><\/div><\/div><div id=\"pg-9703-9\"  class=\"panel-grid panel-no-style\" ><div id=\"pgc-9703-9-0\"  class=\"panel-grid-cell\" ><div id=\"panel-9703-9-0-0\" class=\"so-panel widget widget_sow-editor panel-first-child panel-last-child\" data-index=\"13\" ><div\n\t\t\t\n\t\t\tclass=\"so-widget-sow-editor so-widget-sow-editor-base\"\n\t\t\t\n\t\t>\n<div class=\"siteorigin-widget-tinymce textwidget\">\n\t<p style=\"text-align: justify;\">ROCHA offers a complete logistic package with its own <a href=\"https:\/\/www.rochalog.com.br\/en\/unidades-de-negocio-2\/porto-seco-e-industrializados\/desembaraco-aduaneiro\/\">Customs Brokerage Team (CDA)<\/a> and our Road <a href=\"https:\/\/www.rochalog.com.br\/en\/unidades-de-negocio-2\/porto-seco-e-industrializados\/transporte-rodoviario\/\">Transportation Department.<\/a>.<\/p>\n<\/div>\n<\/div><\/div><\/div><\/div><div id=\"pg-9703-10\"  class=\"panel-grid panel-has-style\" ><div class=\"siteorigin-panels-stretch panel-row-style panel-row-style-for-9703-10\" data-stretch-type=\"full\" ><div id=\"pgc-9703-10-0\"  class=\"panel-grid-cell\" ><div id=\"panel-9703-10-0-0\" class=\"so-panel widget widget_sow-editor panel-first-child panel-last-child\" data-index=\"14\" ><div\n\t\t\t\n\t\t\tclass=\"so-widget-sow-editor so-widget-sow-editor-base\"\n\t\t\t\n\t\t>\n<div class=\"siteorigin-widget-tinymce textwidget\">\n\t<h4>TO WHOM IT IS INTENDED<\/h4>\n<\/div>\n<\/div><\/div><\/div><\/div><\/div><div id=\"pg-9703-11\"  class=\"panel-grid panel-no-style\" ><div id=\"pgc-9703-11-0\"  class=\"panel-grid-cell\" ><div id=\"panel-9703-11-0-0\" class=\"so-panel widget widget_sow-editor panel-first-child panel-last-child\" data-index=\"15\" ><div\n\t\t\t\n\t\t\tclass=\"so-widget-sow-editor so-widget-sow-editor-base\"\n\t\t\t\n\t\t>\n<div class=\"siteorigin-widget-tinymce textwidget\">\n\t<p style=\"text-align: justify;\">Import companies, exporters, <em>trading houses<\/em> and all foreign trade advisories, in addition to cargo agents.<\/p>\n<\/div>\n<\/div><\/div><\/div><\/div><div id=\"pg-9703-12\"  class=\"panel-grid panel-has-style\" ><div class=\"siteorigin-panels-stretch panel-row-style panel-row-style-for-9703-12\" data-stretch-type=\"full\" ><div id=\"pgc-9703-12-0\"  class=\"panel-grid-cell\" ><div id=\"panel-9703-12-0-0\" class=\"so-panel widget widget_sow-editor panel-first-child panel-last-child\" data-index=\"16\" ><div\n\t\t\t\n\t\t\tclass=\"so-widget-sow-editor so-widget-sow-editor-base\"\n\t\t\t\n\t\t>\n<div class=\"siteorigin-widget-tinymce textwidget\">\n\t<h4>CERTIFICATIONS<\/h4>\n<\/div>\n<\/div><\/div><\/div><\/div><\/div><div id=\"pg-9703-13\"  class=\"panel-grid panel-no-style\" ><div id=\"pgc-9703-13-0\"  class=\"panel-grid-cell\" ><div id=\"panel-9703-13-0-0\" class=\"so-panel widget widget_sow-editor panel-first-child\" data-index=\"17\" ><div\n\t\t\t\n\t\t\tclass=\"so-widget-sow-editor so-widget-sow-editor-base\"\n\t\t\t\n\t\t>\n<div class=\"siteorigin-widget-tinymce textwidget\">\n\t<p style=\"text-align: left;\">ROCHA Terminais Portu\u00e1rios e Log\u00edstica was officially certified as an Authorized Economic Operator (OAS) for the IPA AZ9A facility in Paranagu\u00e1.<\/p>\n<p style=\"text-align: left;\">This is the first such terminal at Paranagu\u00e1 to receive this certification from Brazilian Customs.<\/p>\n<\/div>\n<\/div><\/div><div id=\"panel-9703-13-0-1\" class=\"so-panel widget widget_sow-button panel-last-child\" data-index=\"18\" ><div class=\"align-button-center-mobile panel-widget-style panel-widget-style-for-9703-13-0-1\" ><div\n\t\t\t\n\t\t\tclass=\"so-widget-sow-button so-widget-sow-button-flat-f351f4d94ad3-9703\"\n\t\t\t\n\t\t><div class=\"ow-button-base ow-button-align-left\"\n>\n\t\t\t<a\n\t\t\t\t\thref=\"https:\/\/www.rochalog.com.br\/wp-content\/uploads\/2019\/02\/OEAS_AZ9A_ADE_16_de_27.08.2018_Certificado-217.pdf\"\n\t\t\t\t\tclass=\"botao-padrao popmake-certificacao-aeo-az9-correto sowb-button ow-icon-placement-left ow-button-hover\" \t>\n\t\t<span>\n\t\t\t<span class=\"sow-icon-fontawesome sow-fas\" data-sow-icon=\"&#xf002;\"\n\t\tstyle=\"color: #f58220\" \n\t\taria-hidden=\"true\"><\/span>\n\t\t\tView certificate\t\t<\/span>\n\t\t\t<\/a>\n\t<\/div>\n<\/div><\/div><\/div><\/div><div id=\"pgc-9703-13-1\"  class=\"panel-grid-cell\" ><div id=\"panel-9703-13-1-0\" class=\"so-panel widget widget_sow-editor panel-first-child panel-last-child\" data-index=\"19\" ><div class=\"panel-widget-style panel-widget-style-for-9703-13-1-0\" ><div\n\t\t\t\n\t\t\tclass=\"so-widget-sow-editor so-widget-sow-editor-base\"\n\t\t\t\n\t\t>\n<div class=\"siteorigin-widget-tinymce textwidget\">\n\t<p><img loading=\"lazy\" decoding=\"async\" class=\"alignnone wp-image-4118\" src=\"https:\/\/www.rochalog.com.br\/wp-content\/uploads\/2019\/03\/AEO.jpg\" alt=\"AEO - Rocha Terminais Portu\u00e1rios e Log\u00edstica\" width=\"410\" height=\"157\" srcset=\"https:\/\/www.rochalog.com.br\/wp-content\/uploads\/2019\/03\/AEO.jpg 668w, https:\/\/www.rochalog.com.br\/wp-content\/uploads\/2019\/03\/AEO-300x115.jpg 300w\" sizes=\"auto, (max-width: 410px) 100vw, 410px\" \/><\/p>\n<\/div>\n<\/div><\/div><\/div><\/div><\/div><div id=\"pg-9703-14\"  class=\"panel-grid panel-has-style\" ><div class=\"siteorigin-panels-stretch panel-row-style panel-row-style-for-9703-14\" data-stretch-type=\"full\" ><div id=\"pgc-9703-14-0\"  class=\"panel-grid-cell\" ><\/div><\/div><\/div><div id=\"pg-9703-15\"  class=\"panel-grid panel-has-style\" ><div class=\"barras siteorigin-panels-stretch panel-row-style panel-row-style-for-9703-15\" data-stretch-type=\"full\" ><div id=\"pgc-9703-15-0\"  class=\"panel-grid-cell panel-grid-cell-empty\" ><\/div><\/div><\/div><\/div>","protected":false},"excerpt":{"rendered":"<p>IPA AZ9A Sua melhor escolha alfandegada para opera\u00e7\u00f5es de cont\u00eaineres e cargas projeto.<\/p>","protected":false},"author":1,"featured_media":6864,"parent":1040,"menu_order":0,"comment_status":"closed","ping_status":"closed","template":"templates\/template-full-notitle.php","meta":{"footnotes":""},"class_list":["post-9703","page","type-page","status-publish","has-post-thumbnail","hentry","post","post-with-thumbnail","post-with-thumbnail-large"],"aioseo_notices":[],"jetpack_sharing_enabled":true,"_links":{"self":[{"href":"https:\/\/www.rochalog.com.br\/en\/wp-json\/wp\/v2\/pages\/9703","targetHints":{"allow":["GET"]}}],"collection":[{"href":"https:\/\/www.rochalog.com.br\/en\/wp-json\/wp\/v2\/pages"}],"about":[{"href":"https:\/\/www.rochalog.com.br\/en\/wp-json\/wp\/v2\/types\/page"}],"author":[{"embeddable":true,"href":"https:\/\/www.rochalog.com.br\/en\/wp-json\/wp\/v2\/users\/1"}],"replies":[{"embeddable":true,"href":"https:\/\/www.rochalog.com.br\/en\/wp-json\/wp\/v2\/comments?post=9703"}],"version-history":[{"count":0,"href":"https:\/\/www.rochalog.com.br\/en\/wp-json\/wp\/v2\/pages\/9703\/revisions"}],"up":[{"embeddable":true,"href":"https:\/\/www.rochalog.com.br\/en\/wp-json\/wp\/v2\/pages\/1040"}],"wp:featuredmedia":[{"embeddable":true,"href":"https:\/\/www.rochalog.com.br\/en\/wp-json\/wp\/v2\/media\/6864"}],"wp:attachment":[{"href":"https:\/\/www.rochalog.com.br\/en\/wp-json\/wp\/v2\/media?parent=9703"}],"curies":[{"name":"wp","href":"https:\/\/api.w.org\/{rel}","templated":true}]}}