{"id":968,"date":"2018-03-27T10:44:59","date_gmt":"2018-03-27T13:44:59","guid":{"rendered":"http:\/\/pontodesign.com.br\/clientes\/rocha\/site\/?page_id=968"},"modified":"2023-05-30T09:32:40","modified_gmt":"2023-05-30T12:32:40","slug":"transporte-rodoviario","status":"publish","type":"page","link":"https:\/\/www.rochalog.com.br\/en\/unidades-de-negocio-2\/porto-seco-e-industrializados\/transporte-rodoviario\/","title":{"rendered":"Road Transport"},"content":{"rendered":"<div id=\"pl-968\"  class=\"panel-layout\" ><div id=\"pg-968-0\"  class=\"panel-grid panel-has-style\" ><div class=\"rocha-banner siteorigin-panels-stretch panel-row-style panel-row-style-for-968-0\" id=\"rocha-banner\" data-stretch-type=\"full-stretched\" ><div id=\"pgc-968-0-0\"  class=\"panel-grid-cell panel-grid-cell-empty\" ><\/div><\/div><\/div><div id=\"pg-968-1\"  class=\"panel-grid panel-no-style\" ><div id=\"pgc-968-1-0\"  class=\"panel-grid-cell\" ><div id=\"panel-968-1-0-0\" class=\"so-panel widget widget_sow-editor panel-first-child panel-last-child\" data-index=\"0\" ><div\n\t\t\t\n\t\t\tclass=\"so-widget-sow-editor so-widget-sow-editor-base\"\n\t\t\t\n\t\t>\n<div class=\"siteorigin-widget-tinymce textwidget\">\n\t<h2 style=\"margin-bottom: 0;\">Road Transport<\/h2>\n<p style=\"margin-top: 3px;\"><strong>Logistic integration to facilitate business.<\/strong><\/p>\n<\/div>\n<\/div><\/div><\/div><\/div><div id=\"pg-968-2\"  class=\"panel-grid panel-no-style\" ><div id=\"pgc-968-2-0\"  class=\"panel-grid-cell\" ><div id=\"panel-968-2-0-0\" class=\"so-panel widget widget_sow-editor panel-first-child panel-last-child\" data-index=\"1\" ><div\n\t\t\t\n\t\t\tclass=\"so-widget-sow-editor so-widget-sow-editor-base\"\n\t\t\t\n\t\t>\n<div class=\"siteorigin-widget-tinymce textwidget\">\n\t<p style=\"text-align: justify;\">A complete, cost-effective solution is what customers expect when hiring a company. With this in mind, ROCHA has put together a fully dedicated transportation department to attend to the cargo transportation process with constant monitoring from the beginning to the actual delivery of the goods.<\/p>\n<p style=\"text-align: justify;\">Currently, ROCHA has an operational center in Paranagu\u00e1 in the state of Paran\u00e1, focused on the transportation of project cargo and containers and one in S\u00e3o Francisco do Sul - Porto Seco, Santa Catarina state, attending mainly to steel products (coils and steel slabs).<\/p>\n<\/div>\n<\/div><\/div><\/div><\/div><div id=\"pg-968-3\"  class=\"panel-grid panel-has-style\" ><div class=\"siteorigin-panels-stretch panel-row-style panel-row-style-for-968-3\" data-stretch-type=\"full\" ><div id=\"pgc-968-3-0\"  class=\"panel-grid-cell\" ><div id=\"panel-968-3-0-0\" class=\"so-panel widget widget_sow-editor panel-first-child panel-last-child\" data-index=\"2\" ><div\n\t\t\t\n\t\t\tclass=\"so-widget-sow-editor so-widget-sow-editor-base\"\n\t\t\t\n\t\t>\n<div class=\"siteorigin-widget-tinymce textwidget\">\n\t<h4>SCOPE<\/h4>\n<\/div>\n<\/div><\/div><\/div><\/div><\/div><div id=\"pg-968-4\"  class=\"panel-grid panel-has-style\" ><div class=\"linha-granel panel-row-style panel-row-style-for-968-4\" ><div id=\"pgc-968-4-0\"  class=\"panel-grid-cell\" ><div id=\"panel-968-4-0-0\" class=\"so-panel widget widget_sow-editor panel-first-child panel-last-child\" data-index=\"3\" ><div class=\"fino borda-esquerda panel-widget-style panel-widget-style-for-968-4-0-0\" ><div\n\t\t\t\n\t\t\tclass=\"so-widget-sow-editor so-widget-sow-editor-base\"\n\t\t\t\n\t\t>\n<div class=\"siteorigin-widget-tinymce textwidget\">\n\t<p><img loading=\"lazy\" decoding=\"async\" class=\"wp-image-2768 size-full alignnone\" src=\"https:\/\/www.rochalog.com.br\/wp-content\/uploads\/2018\/05\/transporte-rodoviario-icone-01.png\" alt=\"\" width=\"119\" height=\"42\" \/><br \/>\nRoad transport makes deliveries and pickups in the South and Southeast.<\/p>\n<\/div>\n<\/div><\/div><\/div><\/div><div id=\"pgc-968-4-1\"  class=\"panel-grid-cell panel-grid-cell-empty\" ><\/div><div id=\"pgc-968-4-2\"  class=\"panel-grid-cell panel-grid-cell-empty panel-grid-cell-mobile-last\" ><\/div><div id=\"pgc-968-4-3\"  class=\"panel-grid-cell panel-grid-cell-empty\" ><\/div><\/div><\/div><div id=\"pg-968-5\"  class=\"panel-grid panel-has-style\" ><div class=\"siteorigin-panels-stretch panel-row-style panel-row-style-for-968-5\" data-stretch-type=\"full\" ><div id=\"pgc-968-5-0\"  class=\"panel-grid-cell\" ><div id=\"panel-968-5-0-0\" class=\"so-panel widget widget_sow-editor panel-first-child panel-last-child\" data-index=\"4\" ><div\n\t\t\t\n\t\t\tclass=\"so-widget-sow-editor so-widget-sow-editor-base\"\n\t\t\t\n\t\t>\n<div class=\"siteorigin-widget-tinymce textwidget\">\n\t<h4>DIFERENTIALS<\/h4>\n<\/div>\n<\/div><\/div><\/div><\/div><\/div><div id=\"pg-968-6\"  class=\"panel-grid panel-has-style\" ><div class=\"linha-granel panel-row-style panel-row-style-for-968-6\" ><div id=\"pgc-968-6-0\"  class=\"panel-grid-cell\" ><div id=\"panel-968-6-0-0\" class=\"so-panel widget widget_sow-editor panel-first-child panel-last-child\" data-index=\"5\" ><div class=\"fino borda-esquerda panel-widget-style panel-widget-style-for-968-6-0-0\" ><div\n\t\t\t\n\t\t\tclass=\"so-widget-sow-editor so-widget-sow-editor-base\"\n\t\t\t\n\t\t>\n<div class=\"siteorigin-widget-tinymce textwidget\">\n\t<p><img loading=\"lazy\" decoding=\"async\" src=\"https:\/\/www.rochalog.com.br\/wp-content\/uploads\/2019\/03\/icones_areas_certificado_receita-1.png\" alt=\"icones_areas_certificado_receita\" width=\"119\" height=\"42\" \/><br \/>\nAuthorized by Customs for national transportation of goods \/ containers under Customs Transit Regime (DTA).<\/p>\n<\/div>\n<\/div><\/div><\/div><\/div><div id=\"pgc-968-6-1\"  class=\"panel-grid-cell\" ><div id=\"panel-968-6-1-0\" class=\"so-panel widget widget_sow-editor panel-first-child panel-last-child\" data-index=\"6\" ><div class=\"fino borda-esquerda panel-widget-style panel-widget-style-for-968-6-1-0\" ><div\n\t\t\t\n\t\t\tclass=\"so-widget-sow-editor so-widget-sow-editor-base\"\n\t\t\t\n\t\t>\n<div class=\"siteorigin-widget-tinymce textwidget\">\n\t<p><img loading=\"lazy\" decoding=\"async\" class=\"alignnone size-full wp-image-4248\" src=\"https:\/\/www.rochalog.com.br\/wp-content\/uploads\/2019\/03\/icones_areas_certificado_antt.png\" alt=\"Certificado ANTT\" width=\"119\" height=\"42\" \/><br \/>\nCertification by the National Land Transportation Agency (ANTT) as Multimodal Transport Operator (OTM).<\/p>\n<\/div>\n<\/div><\/div><\/div><\/div><div id=\"pgc-968-6-2\"  class=\"panel-grid-cell panel-grid-cell-mobile-last\" ><div id=\"panel-968-6-2-0\" class=\"so-panel widget widget_sow-editor panel-first-child panel-last-child\" data-index=\"7\" ><div class=\"fino borda-esquerda panel-widget-style panel-widget-style-for-968-6-2-0\" ><div\n\t\t\t\n\t\t\tclass=\"so-widget-sow-editor so-widget-sow-editor-base\"\n\t\t\t\n\t\t>\n<div class=\"siteorigin-widget-tinymce textwidget\">\n\t<p><img loading=\"lazy\" decoding=\"async\" class=\"alignnone wp-image-4863 size-full\" src=\"https:\/\/www.rochalog.com.br\/wp-content\/uploads\/2019\/03\/icones_cargas_especiais.png\" alt=\"\" width=\"119\" height=\"42\" \/><br \/>\nSpecialized transportation of off spec cargos that are above the weight and dimension limits established by CONTRAN.<\/p>\n<\/div>\n<\/div><\/div><\/div><\/div><div id=\"pgc-968-6-3\"  class=\"panel-grid-cell panel-grid-cell-empty\" ><\/div><\/div><\/div><div id=\"pg-968-7\"  class=\"panel-grid panel-has-style\" ><div class=\"siteorigin-panels-stretch panel-row-style panel-row-style-for-968-7\" data-stretch-type=\"full\" ><div id=\"pgc-968-7-0\"  class=\"panel-grid-cell\" ><div id=\"panel-968-7-0-0\" class=\"so-panel widget widget_sow-editor panel-first-child panel-last-child\" data-index=\"8\" ><div\n\t\t\t\n\t\t\tclass=\"so-widget-sow-editor so-widget-sow-editor-base\"\n\t\t\t\n\t\t>\n<div class=\"siteorigin-widget-tinymce textwidget\">\n\t<h4>TO WHOM IT IS INTENDED<\/h4>\n<\/div>\n<\/div><\/div><\/div><\/div><\/div><div id=\"pg-968-8\"  class=\"panel-grid panel-no-style\" ><div id=\"pgc-968-8-0\"  class=\"panel-grid-cell\" ><div id=\"panel-968-8-0-0\" class=\"so-panel widget widget_sow-editor panel-first-child panel-last-child\" data-index=\"9\" ><div\n\t\t\t\n\t\t\tclass=\"so-widget-sow-editor so-widget-sow-editor-base\"\n\t\t\t\n\t\t>\n<div class=\"siteorigin-widget-tinymce textwidget\">\n\t<p style=\"text-align: justify;\">Companies that need to transport containers, steel products and general cargo.<\/p>\n<\/div>\n<\/div><\/div><\/div><\/div><div id=\"pg-968-9\"  class=\"panel-grid panel-has-style\" ><div class=\"siteorigin-panels-stretch panel-row-style panel-row-style-for-968-9\" data-stretch-type=\"full\" ><div id=\"pgc-968-9-0\"  class=\"panel-grid-cell\" ><\/div><\/div><\/div><div id=\"pg-968-10\"  class=\"panel-grid panel-has-style\" ><div class=\"barras siteorigin-panels-stretch panel-row-style panel-row-style-for-968-10\" data-stretch-type=\"full\" ><div id=\"pgc-968-10-0\"  class=\"panel-grid-cell panel-grid-cell-empty\" ><\/div><\/div><\/div><\/div>","protected":false},"excerpt":{"rendered":"<p>Transporte Rodovi\u00e1rio Integra\u00e7\u00e3o log\u00edstica para facilitar os neg\u00f3cios.<\/p>","protected":false},"author":1,"featured_media":0,"parent":1040,"menu_order":0,"comment_status":"closed","ping_status":"closed","template":"templates\/template-full-notitle.php","meta":{"footnotes":""},"class_list":["post-968","page","type-page","status-publish","hentry","post"],"aioseo_notices":[],"jetpack_sharing_enabled":true,"_links":{"self":[{"href":"https:\/\/www.rochalog.com.br\/en\/wp-json\/wp\/v2\/pages\/968","targetHints":{"allow":["GET"]}}],"collection":[{"href":"https:\/\/www.rochalog.com.br\/en\/wp-json\/wp\/v2\/pages"}],"about":[{"href":"https:\/\/www.rochalog.com.br\/en\/wp-json\/wp\/v2\/types\/page"}],"author":[{"embeddable":true,"href":"https:\/\/www.rochalog.com.br\/en\/wp-json\/wp\/v2\/users\/1"}],"replies":[{"embeddable":true,"href":"https:\/\/www.rochalog.com.br\/en\/wp-json\/wp\/v2\/comments?post=968"}],"version-history":[{"count":0,"href":"https:\/\/www.rochalog.com.br\/en\/wp-json\/wp\/v2\/pages\/968\/revisions"}],"up":[{"embeddable":true,"href":"https:\/\/www.rochalog.com.br\/en\/wp-json\/wp\/v2\/pages\/1040"}],"wp:attachment":[{"href":"https:\/\/www.rochalog.com.br\/en\/wp-json\/wp\/v2\/media?parent=968"}],"curies":[{"name":"wp","href":"https:\/\/api.w.org\/{rel}","templated":true}]}}