{"id":848,"date":"2018-03-26T13:51:21","date_gmt":"2018-03-26T16:51:21","guid":{"rendered":"http:\/\/pontodesign.com.br\/clientes\/rocha\/site\/?page_id=848"},"modified":"2023-10-31T20:17:17","modified_gmt":"2023-10-31T23:17:17","slug":"granel-de-exportacao","status":"publish","type":"page","link":"https:\/\/www.rochalog.com.br\/en\/unidades-de-negocio-2\/granel-de-exportacao\/","title":{"rendered":"Export Bulk"},"content":{"rendered":"<div id=\"pl-848\"  class=\"panel-layout\" ><div id=\"pg-848-0\"  class=\"panel-grid panel-has-style\" ><div class=\"rocha-banner siteorigin-panels-stretch panel-row-style panel-row-style-for-848-0\" id=\"rocha-banner\" data-stretch-type=\"full-stretched\" ><div id=\"pgc-848-0-0\"  class=\"panel-grid-cell panel-grid-cell-empty\" ><\/div><\/div><\/div><div id=\"pg-848-1\"  class=\"panel-grid panel-no-style\" ><div id=\"pgc-848-1-0\"  class=\"panel-grid-cell\" ><div id=\"panel-848-1-0-0\" class=\"so-panel widget widget_sow-editor panel-first-child panel-last-child\" data-index=\"0\" ><div\n\t\t\t\n\t\t\tclass=\"so-widget-sow-editor so-widget-sow-editor-base\"\n\t\t\t\n\t\t>\n<div class=\"siteorigin-widget-tinymce textwidget\">\n\t<h1 style=\"margin-bottom: 0;\">Export Bulk<\/h1>\n<p style=\"margin-top: 3px;\"><strong>Modern and efficient grain cargo handling facility.<\/strong><\/p>\n<\/div>\n<\/div><\/div><\/div><\/div><div id=\"pg-848-2\"  class=\"panel-grid panel-no-style\" ><div id=\"pgc-848-2-0\"  class=\"panel-grid-cell\" ><div id=\"panel-848-2-0-0\" class=\"so-panel widget widget_sow-editor panel-first-child panel-last-child\" data-index=\"1\" ><div\n\t\t\t\n\t\t\tclass=\"so-widget-sow-editor so-widget-sow-editor-base\"\n\t\t\t\n\t\t>\n<div class=\"siteorigin-widget-tinymce textwidget\">\n\t<p style=\"text-align: justify;\">Set in the city of Paranagu\u00e1 in the state of Paran\u00e1, ROCHA's most recent business unit operates in the port of Paranagu\u00e1 - the largest bulk cargo Port volume in the country. The Solid Bulk Cargo Export Terminal is connected to the Port of Paranagu\u00e1 Export Corridor (APEX). Completed in April 2017, the facility is one of the most modern infrastructures of interconnected grain export terminals in Latin America.<\/p>\n<p style=\"text-align: justify;\">Refer\u00eancia em automa\u00e7\u00e3o e considerado como um dos principais terminais na movimenta\u00e7\u00e3o de gran\u00e9is s\u00f3lidos agr\u00edcolas de exporta\u00e7\u00e3o, o GEXPO conta com uma infraestrutura diferenciada, com a finalidade de atender \u00e0 crescente produ\u00e7\u00e3o de gr\u00e3os, que tem o excedente do consumo interno destinado ao mercado externo, principalmente em rela\u00e7\u00e3o \u00e0s culturas de soja e milho.<\/p>\n<\/div>\n<\/div><\/div><\/div><div id=\"pgc-848-2-1\"  class=\"panel-grid-cell\" ><div id=\"panel-848-2-1-0\" class=\"so-panel widget widget_sow-editor panel-first-child panel-last-child\" data-index=\"2\" ><div\n\t\t\t\n\t\t\tclass=\"so-widget-sow-editor so-widget-sow-editor-base\"\n\t\t\t\n\t\t>\n<div class=\"siteorigin-widget-tinymce textwidget\">\n\t<p><iframe loading=\"lazy\" width=\"560\" height=\"285\" src=\"https:\/\/www.youtube.com\/embed\/efSSVqjgVRQ\" frameborder=\"0\" allow=\"autoplay; encrypted-media\" allowfullscreen><\/iframe><\/p>\n<\/div>\n<\/div><\/div><\/div><\/div><div id=\"pg-848-3\"  class=\"panel-grid panel-has-style\" ><div class=\"siteorigin-panels-stretch panel-row-style panel-row-style-for-848-3\" data-stretch-type=\"full\" ><div id=\"pgc-848-3-0\"  class=\"panel-grid-cell\" ><div id=\"panel-848-3-0-0\" class=\"so-panel widget widget_shortcodes-ultimate shortcodes-ultimate panel-first-child panel-last-child\" data-index=\"3\" ><div class=\"textwidget\"><div class=\"su-image-carousel  su-image-carousel-columns-3 su-image-carousel-has-spacing su-image-carousel-crop su-image-carousel-crop-4-3 su-image-carousel-has-outline su-image-carousel-adaptive su-image-carousel-slides-style-photo su-image-carousel-controls-style-light su-image-carousel-align-center\" style=\"\" data-flickity-options='{\"groupCells\":true,\"cellSelector\":\".su-image-carousel-item\",\"adaptiveHeight\":false,\"cellAlign\":\"left\",\"prevNextButtons\":true,\"pageDots\":true,\"autoPlay\":5000,\"imagesLoaded\":true,\"contain\":true,\"selectedAttraction\":0.025000000000000001387778780781445675529539585113525390625,\"friction\":0.2800000000000000266453525910037569701671600341796875}' id=\"su_image_carousel_69f61b79cb75c\"><div class=\"su-image-carousel-item\"><div class=\"su-image-carousel-item-content\"><a href=\"https:\/\/www.rochalog.com.br\/wp-content\/uploads\/2022\/06\/Gexpo-ampliacao-2022-carrossel-scaled.jpg\" data-caption=\"\"><img loading=\"lazy\" decoding=\"async\" width=\"720\" height=\"539\" src=\"https:\/\/www.rochalog.com.br\/wp-content\/uploads\/2022\/06\/Gexpo-ampliacao-2022-carrossel-1024x767.jpg\" class=\"\" alt=\"\" srcset=\"https:\/\/www.rochalog.com.br\/wp-content\/uploads\/2022\/06\/Gexpo-ampliacao-2022-carrossel-1024x767.jpg 1024w, https:\/\/www.rochalog.com.br\/wp-content\/uploads\/2022\/06\/Gexpo-ampliacao-2022-carrossel-300x225.jpg 300w, https:\/\/www.rochalog.com.br\/wp-content\/uploads\/2022\/06\/Gexpo-ampliacao-2022-carrossel-768x575.jpg 768w, https:\/\/www.rochalog.com.br\/wp-content\/uploads\/2022\/06\/Gexpo-ampliacao-2022-carrossel-1536x1150.jpg 1536w, https:\/\/www.rochalog.com.br\/wp-content\/uploads\/2022\/06\/Gexpo-ampliacao-2022-carrossel-2048x1534.jpg 2048w, https:\/\/www.rochalog.com.br\/wp-content\/uploads\/2022\/06\/Gexpo-ampliacao-2022-carrossel-16x12.jpg 16w\" sizes=\"auto, (max-width: 720px) 100vw, 720px\" \/><\/a><\/div><\/div><div class=\"su-image-carousel-item\"><div class=\"su-image-carousel-item-content\"><a href=\"https:\/\/www.rochalog.com.br\/wp-content\/uploads\/2019\/03\/carrossel_gexpo_0001_GEXPO-Slider-1.jpg\" data-caption=\"\"><img loading=\"lazy\" decoding=\"async\" width=\"720\" height=\"540\" src=\"https:\/\/www.rochalog.com.br\/wp-content\/uploads\/2019\/03\/carrossel_gexpo_0001_GEXPO-Slider-1.jpg\" class=\"\" alt=\"\" srcset=\"https:\/\/www.rochalog.com.br\/wp-content\/uploads\/2019\/03\/carrossel_gexpo_0001_GEXPO-Slider-1.jpg 800w, https:\/\/www.rochalog.com.br\/wp-content\/uploads\/2019\/03\/carrossel_gexpo_0001_GEXPO-Slider-1-300x225.jpg 300w, https:\/\/www.rochalog.com.br\/wp-content\/uploads\/2019\/03\/carrossel_gexpo_0001_GEXPO-Slider-1-768x576.jpg 768w\" sizes=\"auto, (max-width: 720px) 100vw, 720px\" \/><\/a><\/div><\/div><div class=\"su-image-carousel-item\"><div class=\"su-image-carousel-item-content\"><a href=\"https:\/\/www.rochalog.com.br\/wp-content\/uploads\/2018\/04\/un-granel-de-exportacao-slider-12.jpg\" data-caption=\"\"><img loading=\"lazy\" decoding=\"async\" width=\"720\" height=\"540\" src=\"https:\/\/www.rochalog.com.br\/wp-content\/uploads\/2018\/04\/un-granel-de-exportacao-slider-12.jpg\" class=\"\" alt=\"\" srcset=\"https:\/\/www.rochalog.com.br\/wp-content\/uploads\/2018\/04\/un-granel-de-exportacao-slider-12.jpg 800w, https:\/\/www.rochalog.com.br\/wp-content\/uploads\/2018\/04\/un-granel-de-exportacao-slider-12-300x225.jpg 300w, https:\/\/www.rochalog.com.br\/wp-content\/uploads\/2018\/04\/un-granel-de-exportacao-slider-12-768x576.jpg 768w\" sizes=\"auto, (max-width: 720px) 100vw, 720px\" \/><\/a><\/div><\/div><div class=\"su-image-carousel-item\"><div class=\"su-image-carousel-item-content\"><a href=\"https:\/\/www.rochalog.com.br\/wp-content\/uploads\/2018\/04\/un-granel-de-exportacao-slider-04.jpg\" data-caption=\"\"><img loading=\"lazy\" decoding=\"async\" width=\"720\" height=\"540\" src=\"https:\/\/www.rochalog.com.br\/wp-content\/uploads\/2018\/04\/un-granel-de-exportacao-slider-04.jpg\" class=\"\" alt=\"\" srcset=\"https:\/\/www.rochalog.com.br\/wp-content\/uploads\/2018\/04\/un-granel-de-exportacao-slider-04.jpg 800w, https:\/\/www.rochalog.com.br\/wp-content\/uploads\/2018\/04\/un-granel-de-exportacao-slider-04-300x225.jpg 300w, https:\/\/www.rochalog.com.br\/wp-content\/uploads\/2018\/04\/un-granel-de-exportacao-slider-04-768x576.jpg 768w\" sizes=\"auto, (max-width: 720px) 100vw, 720px\" \/><\/a><\/div><\/div><div class=\"su-image-carousel-item\"><div class=\"su-image-carousel-item-content\"><a href=\"https:\/\/www.rochalog.com.br\/wp-content\/uploads\/2018\/04\/un-granel-de-exportacao-slider-09.jpg\" data-caption=\"\"><img loading=\"lazy\" decoding=\"async\" width=\"720\" height=\"540\" src=\"https:\/\/www.rochalog.com.br\/wp-content\/uploads\/2018\/04\/un-granel-de-exportacao-slider-09.jpg\" class=\"\" alt=\"\" srcset=\"https:\/\/www.rochalog.com.br\/wp-content\/uploads\/2018\/04\/un-granel-de-exportacao-slider-09.jpg 800w, https:\/\/www.rochalog.com.br\/wp-content\/uploads\/2018\/04\/un-granel-de-exportacao-slider-09-300x225.jpg 300w, https:\/\/www.rochalog.com.br\/wp-content\/uploads\/2018\/04\/un-granel-de-exportacao-slider-09-768x576.jpg 768w\" sizes=\"auto, (max-width: 720px) 100vw, 720px\" \/><\/a><\/div><\/div><div class=\"su-image-carousel-item\"><div class=\"su-image-carousel-item-content\"><a href=\"https:\/\/www.rochalog.com.br\/wp-content\/uploads\/2019\/03\/carrossel_gexpo_0000_GEXPO-Slider-2.jpg\" data-caption=\"\"><img loading=\"lazy\" decoding=\"async\" width=\"720\" height=\"540\" src=\"https:\/\/www.rochalog.com.br\/wp-content\/uploads\/2019\/03\/carrossel_gexpo_0000_GEXPO-Slider-2.jpg\" class=\"\" alt=\"\" srcset=\"https:\/\/www.rochalog.com.br\/wp-content\/uploads\/2019\/03\/carrossel_gexpo_0000_GEXPO-Slider-2.jpg 800w, https:\/\/www.rochalog.com.br\/wp-content\/uploads\/2019\/03\/carrossel_gexpo_0000_GEXPO-Slider-2-300x225.jpg 300w, https:\/\/www.rochalog.com.br\/wp-content\/uploads\/2019\/03\/carrossel_gexpo_0000_GEXPO-Slider-2-768x576.jpg 768w\" sizes=\"auto, (max-width: 720px) 100vw, 720px\" \/><\/a><\/div><\/div><div class=\"su-image-carousel-item\"><div class=\"su-image-carousel-item-content\"><a href=\"https:\/\/www.rochalog.com.br\/wp-content\/uploads\/2018\/04\/un-granel-de-exportacao-slider-11.jpg\" data-caption=\"\"><img loading=\"lazy\" decoding=\"async\" width=\"720\" height=\"540\" src=\"https:\/\/www.rochalog.com.br\/wp-content\/uploads\/2018\/04\/un-granel-de-exportacao-slider-11.jpg\" class=\"\" alt=\"\" srcset=\"https:\/\/www.rochalog.com.br\/wp-content\/uploads\/2018\/04\/un-granel-de-exportacao-slider-11.jpg 800w, https:\/\/www.rochalog.com.br\/wp-content\/uploads\/2018\/04\/un-granel-de-exportacao-slider-11-300x225.jpg 300w, https:\/\/www.rochalog.com.br\/wp-content\/uploads\/2018\/04\/un-granel-de-exportacao-slider-11-768x576.jpg 768w\" sizes=\"auto, (max-width: 720px) 100vw, 720px\" \/><\/a><\/div><\/div><div class=\"su-image-carousel-item\"><div class=\"su-image-carousel-item-content\"><a href=\"https:\/\/www.rochalog.com.br\/wp-content\/uploads\/2018\/04\/un-granel-de-exportacao-slider-06.jpg\" data-caption=\"\"><img loading=\"lazy\" decoding=\"async\" width=\"720\" height=\"540\" src=\"https:\/\/www.rochalog.com.br\/wp-content\/uploads\/2018\/04\/un-granel-de-exportacao-slider-06.jpg\" class=\"\" alt=\"\" srcset=\"https:\/\/www.rochalog.com.br\/wp-content\/uploads\/2018\/04\/un-granel-de-exportacao-slider-06.jpg 800w, https:\/\/www.rochalog.com.br\/wp-content\/uploads\/2018\/04\/un-granel-de-exportacao-slider-06-300x225.jpg 300w, https:\/\/www.rochalog.com.br\/wp-content\/uploads\/2018\/04\/un-granel-de-exportacao-slider-06-768x576.jpg 768w\" sizes=\"auto, (max-width: 720px) 100vw, 720px\" \/><\/a><\/div><\/div><div class=\"su-image-carousel-item\"><div class=\"su-image-carousel-item-content\"><a href=\"https:\/\/www.rochalog.com.br\/wp-content\/uploads\/2018\/04\/un-granel-de-exportacao-slider-08.jpg\" data-caption=\"\"><img loading=\"lazy\" decoding=\"async\" width=\"720\" height=\"540\" src=\"https:\/\/www.rochalog.com.br\/wp-content\/uploads\/2018\/04\/un-granel-de-exportacao-slider-08.jpg\" class=\"\" alt=\"\" srcset=\"https:\/\/www.rochalog.com.br\/wp-content\/uploads\/2018\/04\/un-granel-de-exportacao-slider-08.jpg 800w, https:\/\/www.rochalog.com.br\/wp-content\/uploads\/2018\/04\/un-granel-de-exportacao-slider-08-300x225.jpg 300w, https:\/\/www.rochalog.com.br\/wp-content\/uploads\/2018\/04\/un-granel-de-exportacao-slider-08-768x576.jpg 768w\" sizes=\"auto, (max-width: 720px) 100vw, 720px\" \/><\/a><\/div><\/div><div class=\"su-image-carousel-item\"><div class=\"su-image-carousel-item-content\"><a href=\"https:\/\/www.rochalog.com.br\/wp-content\/uploads\/2019\/03\/carrossel_gexpo_0002_GEXPO-Slider-3.jpg\" data-caption=\"\"><img loading=\"lazy\" decoding=\"async\" width=\"720\" height=\"540\" src=\"https:\/\/www.rochalog.com.br\/wp-content\/uploads\/2019\/03\/carrossel_gexpo_0002_GEXPO-Slider-3.jpg\" class=\"\" alt=\"\" srcset=\"https:\/\/www.rochalog.com.br\/wp-content\/uploads\/2019\/03\/carrossel_gexpo_0002_GEXPO-Slider-3.jpg 800w, https:\/\/www.rochalog.com.br\/wp-content\/uploads\/2019\/03\/carrossel_gexpo_0002_GEXPO-Slider-3-300x225.jpg 300w, https:\/\/www.rochalog.com.br\/wp-content\/uploads\/2019\/03\/carrossel_gexpo_0002_GEXPO-Slider-3-768x576.jpg 768w\" sizes=\"auto, (max-width: 720px) 100vw, 720px\" \/><\/a><\/div><\/div><\/div><script id=\"su_image_carousel_69f61b79cb75c_script\">if(window.SUImageCarousel){setTimeout(function() {window.SUImageCarousel.initGallery(document.getElementById(\"su_image_carousel_69f61b79cb75c\"))}, 0);}var su_image_carousel_69f61b79cb75c_script=document.getElementById(\"su_image_carousel_69f61b79cb75c_script\");if(su_image_carousel_69f61b79cb75c_script){su_image_carousel_69f61b79cb75c_script.parentNode.removeChild(su_image_carousel_69f61b79cb75c_script);}<\/script><\/div><\/div><\/div><\/div><\/div><div id=\"pg-848-4\"  class=\"panel-grid panel-has-style\" ><div class=\"siteorigin-panels-stretch panel-row-style panel-row-style-for-848-4\" data-stretch-type=\"full\" ><div id=\"pgc-848-4-0\"  class=\"panel-grid-cell\" ><div id=\"panel-848-4-0-0\" class=\"so-panel widget widget_sow-editor panel-first-child panel-last-child\" data-index=\"4\" ><div\n\t\t\t\n\t\t\tclass=\"so-widget-sow-editor so-widget-sow-editor-base\"\n\t\t\t\n\t\t>\n<div class=\"siteorigin-widget-tinymce textwidget\">\n\t<h4>Current Capacity<\/h4>\n<\/div>\n<\/div><\/div><\/div><\/div><\/div><div id=\"pg-848-5\"  class=\"panel-grid panel-has-style\" ><div class=\"linha-granel panel-row-style panel-row-style-for-848-5\" ><div id=\"pgc-848-5-0\"  class=\"panel-grid-cell\" ><div id=\"panel-848-5-0-0\" class=\"so-panel widget widget_sow-editor panel-first-child panel-last-child\" data-index=\"5\" ><div class=\"fino borda-esquerda panel-widget-style panel-widget-style-for-848-5-0-0\" ><div\n\t\t\t\n\t\t\tclass=\"so-widget-sow-editor so-widget-sow-editor-base\"\n\t\t\t\n\t\t>\n<div class=\"siteorigin-widget-tinymce textwidget\">\n\t<p><img loading=\"lazy\" decoding=\"async\" class=\"wp-image-2176 size-full alignnone\" src=\"https:\/\/www.rochalog.com.br\/wp-content\/uploads\/2018\/05\/gimpo-icone-01.png\" alt=\"\" width=\"66\" height=\"42\" \/><br \/>\n270 thousand tons distributed in 4 warehouses. Single bulk export terminal of paranagu\u00e1 port with 4 shipment lines, with a total capacity of 8 thousand tons per hour.<\/p>\n<\/div>\n<\/div><\/div><\/div><\/div><div id=\"pgc-848-5-1\"  class=\"panel-grid-cell\" ><div id=\"panel-848-5-1-0\" class=\"so-panel widget widget_sow-editor panel-first-child panel-last-child\" data-index=\"6\" ><div class=\"fino borda-esquerda panel-widget-style panel-widget-style-for-848-5-1-0\" ><div\n\t\t\t\n\t\t\tclass=\"so-widget-sow-editor so-widget-sow-editor-base\"\n\t\t\t\n\t\t>\n<div class=\"siteorigin-widget-tinymce textwidget\">\n\t<p><img loading=\"lazy\" decoding=\"async\" class=\"wp-image-2748 size-full alignnone\" src=\"https:\/\/www.rochalog.com.br\/wp-content\/uploads\/2018\/05\/gexpo-icone-01.png\" alt=\"\" width=\"119\" height=\"42\" \/><br \/>\n4 tombadores para bitrens, com recep\u00e7\u00e3o de at\u00e9 400 caminh\u00f5es por dia (16 mil toneladas)<\/p>\n<\/div>\n<\/div><\/div><\/div><\/div><div id=\"pgc-848-5-2\"  class=\"panel-grid-cell panel-grid-cell-mobile-last\" ><div id=\"panel-848-5-2-0\" class=\"so-panel widget widget_sow-editor panel-first-child panel-last-child\" data-index=\"7\" ><div class=\"fino borda-esquerda panel-widget-style panel-widget-style-for-848-5-2-0\" ><div\n\t\t\t\n\t\t\tclass=\"so-widget-sow-editor so-widget-sow-editor-base\"\n\t\t\t\n\t\t>\n<div class=\"siteorigin-widget-tinymce textwidget\">\n\t<p><img loading=\"lazy\" decoding=\"async\" class=\"alignnone size-full wp-image-4198\" src=\"https:\/\/www.rochalog.com.br\/wp-content\/uploads\/2019\/03\/icones_areas_trem_.png\" alt=\"\" width=\"119\" height=\"42\" \/><br \/>\nRailroad track bypass for 88 cars (4.9 thousand tons), allowing the reception of up to 250 cars per day (13.7 thousand tons per day).<\/p>\n<\/div>\n<\/div><\/div><\/div><\/div><div id=\"pgc-848-5-3\"  class=\"panel-grid-cell panel-grid-cell-empty\" ><\/div><\/div><\/div><div id=\"pg-848-6\"  class=\"panel-grid panel-has-style\" ><div class=\"siteorigin-panels-stretch panel-row-style panel-row-style-for-848-6\" data-stretch-type=\"full\" ><div id=\"pgc-848-6-0\"  class=\"panel-grid-cell\" ><div id=\"panel-848-6-0-0\" class=\"so-panel widget widget_sow-editor panel-first-child panel-last-child\" data-index=\"8\" ><div\n\t\t\t\n\t\t\tclass=\"so-widget-sow-editor so-widget-sow-editor-base\"\n\t\t\t\n\t\t>\n<div class=\"siteorigin-widget-tinymce textwidget\">\n\t<h4>DIFERENTIALS<\/h4>\n<\/div>\n<\/div><\/div><\/div><\/div><\/div><div id=\"pg-848-7\"  class=\"panel-grid panel-has-style\" ><div class=\"linha-granel panel-row-style panel-row-style-for-848-7\" ><div id=\"pgc-848-7-0\"  class=\"panel-grid-cell\" ><div id=\"panel-848-7-0-0\" class=\"so-panel widget widget_sow-editor panel-first-child panel-last-child\" data-index=\"9\" ><div class=\"fino borda-esquerda panel-widget-style panel-widget-style-for-848-7-0-0\" ><div\n\t\t\t\n\t\t\tclass=\"so-widget-sow-editor so-widget-sow-editor-base\"\n\t\t\t\n\t\t>\n<div class=\"siteorigin-widget-tinymce textwidget\">\n\t<p style=\"text-align: justify;\"><img loading=\"lazy\" decoding=\"async\" class=\"alignnone size-full wp-image-4204\" src=\"https:\/\/www.rochalog.com.br\/wp-content\/uploads\/2019\/03\/icones_areas_correia.png\" alt=\"\" width=\"119\" height=\"42\" \/><br \/>\n4 conveyor belts interconnected with the export corridor with the capacity of moving 2,000 Tons\/hour.<\/p>\n<\/div>\n<\/div><\/div><\/div><\/div><div id=\"pgc-848-7-1\"  class=\"panel-grid-cell\" ><div id=\"panel-848-7-1-0\" class=\"so-panel widget widget_sow-editor panel-first-child panel-last-child\" data-index=\"10\" ><div class=\"fino borda-esquerda panel-widget-style panel-widget-style-for-848-7-1-0\" ><div\n\t\t\t\n\t\t\tclass=\"so-widget-sow-editor so-widget-sow-editor-base\"\n\t\t\t\n\t\t>\n<div class=\"siteorigin-widget-tinymce textwidget\">\n\t<p style=\"text-align: justify;\"><img loading=\"lazy\" decoding=\"async\" class=\"wp-image-2178 size-full alignnone\" src=\"https:\/\/www.rochalog.com.br\/wp-content\/uploads\/2018\/05\/gimpo-icone-03.png\" alt=\"\" width=\"66\" height=\"42\" \/><br \/>\nFacility allows to operate in the Port of Paranagu\u00e1 \u201cSuper Ber\u00e7o\u201d loading mode, complying with Port Authority special regulation to berth a vessel as priority vessel and complete a cargo of 65 thousand tons in up to 36 hours.<\/p>\n<\/div>\n<\/div><\/div><\/div><\/div><div id=\"pgc-848-7-2\"  class=\"panel-grid-cell panel-grid-cell-empty panel-grid-cell-mobile-last\" ><\/div><div id=\"pgc-848-7-3\"  class=\"panel-grid-cell panel-grid-cell-empty\" ><\/div><\/div><\/div><div id=\"pg-848-8\"  class=\"panel-grid panel-has-style\" ><div class=\"siteorigin-panels-stretch panel-row-style panel-row-style-for-848-8\" data-stretch-type=\"full\" ><div id=\"pgc-848-8-0\"  class=\"panel-grid-cell\" ><div id=\"panel-848-8-0-0\" class=\"so-panel widget widget_sow-editor panel-first-child panel-last-child\" data-index=\"11\" ><div\n\t\t\t\n\t\t\tclass=\"so-widget-sow-editor so-widget-sow-editor-base\"\n\t\t\t\n\t\t>\n<div class=\"siteorigin-widget-tinymce textwidget\">\n\t<h4>TO WHOM IT IS INTENDED<\/h4>\n<\/div>\n<\/div><\/div><\/div><\/div><\/div><div id=\"pg-848-9\"  class=\"panel-grid panel-no-style\" ><div id=\"pgc-848-9-0\"  class=\"panel-grid-cell\" ><div id=\"panel-848-9-0-0\" class=\"so-panel widget widget_sow-editor panel-first-child panel-last-child\" data-index=\"12\" ><div\n\t\t\t\n\t\t\tclass=\"so-widget-sow-editor so-widget-sow-editor-base\"\n\t\t\t\n\t\t>\n<div class=\"siteorigin-widget-tinymce textwidget\">\n\t<p style=\"text-align: justify;\">Cooperatives, farmers, <em>companies<\/em> that export soybeans, corn and soybean meal and others.<\/p>\n<\/div>\n<\/div><\/div><\/div><\/div><div id=\"pg-848-10\"  class=\"panel-grid panel-has-style\" ><div class=\"siteorigin-panels-stretch panel-row-style panel-row-style-for-848-10\" data-stretch-type=\"full\" ><div id=\"pgc-848-10-0\"  class=\"panel-grid-cell\" ><div id=\"panel-848-10-0-0\" class=\"so-panel widget widget_sow-editor panel-first-child panel-last-child\" data-index=\"13\" ><div\n\t\t\t\n\t\t\tclass=\"so-widget-sow-editor so-widget-sow-editor-base\"\n\t\t\t\n\t\t>\n<div class=\"siteorigin-widget-tinymce textwidget\">\n\t<h4>CERTIFICATIONS<\/h4>\n<\/div>\n<\/div><\/div><\/div><\/div><\/div><div id=\"pg-848-11\"  class=\"panel-grid panel-no-style\" ><div id=\"pgc-848-11-0\"  class=\"panel-grid-cell\" ><div id=\"panel-848-11-0-0\" class=\"so-panel widget widget_sow-editor panel-first-child\" data-index=\"14\" ><div\n\t\t\t\n\t\t\tclass=\"so-widget-sow-editor so-widget-sow-editor-base\"\n\t\t\t\n\t\t>\n<div class=\"siteorigin-widget-tinymce textwidget\">\n\t<p style=\"text-align: left;\">ROCHA Terminais Portu\u00e1rios e Log\u00edstica received in 2019 certification as Authorized Economic Operator (OEA) for the operations of Export Bulk Cargo and Port Operations. The terminal also has, since 2021, GMP+ certification for handling soy bran.<\/p>\n<\/div>\n<\/div><\/div><div id=\"panel-848-11-0-1\" class=\"so-panel widget widget_sow-button panel-last-child\" data-index=\"15\" ><div class=\"align-button-center-mobile panel-widget-style panel-widget-style-for-848-11-0-1\" ><div\n\t\t\t\n\t\t\tclass=\"so-widget-sow-button so-widget-sow-button-flat-f351f4d94ad3-848\"\n\t\t\t\n\t\t><div class=\"ow-button-base ow-button-align-left\"\n>\n\t\t\t<a\n\t\t\t\t\thref=\"https:\/\/www.rochalog.com.br\/wp-content\/uploads\/2019\/02\/OEAS_GEXPO_ADE_01_de_04.02.2019_Certificado-294.pdf\"\n\t\t\t\t\tclass=\"botao-padrao popmake-certificacao-aeo-granel-de-exportacao sowb-button ow-icon-placement-left ow-button-hover\" \t>\n\t\t<span>\n\t\t\t<span class=\"sow-icon-fontawesome sow-fas\" data-sow-icon=\"&#xf002;\"\n\t\tstyle=\"color: #f58220\" \n\t\taria-hidden=\"true\"><\/span>\n\t\t\tView certificate\t\t<\/span>\n\t\t\t<\/a>\n\t<\/div>\n<\/div><\/div><\/div><\/div><div id=\"pgc-848-11-1\"  class=\"panel-grid-cell\" ><div id=\"panel-848-11-1-0\" class=\"so-panel widget widget_sow-editor panel-first-child panel-last-child\" data-index=\"16\" ><div class=\"panel-widget-style panel-widget-style-for-848-11-1-0\" ><div\n\t\t\t\n\t\t\tclass=\"so-widget-sow-editor so-widget-sow-editor-base\"\n\t\t\t\n\t\t>\n<div class=\"siteorigin-widget-tinymce textwidget\">\n\t<p><img loading=\"lazy\" decoding=\"async\" class=\"alignnone wp-image-4118\" src=\"https:\/\/www.rochalog.com.br\/wp-content\/uploads\/2019\/03\/AEO.jpg\" alt=\"AEO - Rocha Terminais Portu\u00e1rios e Log\u00edstica\" width=\"410\" height=\"157\" srcset=\"https:\/\/www.rochalog.com.br\/wp-content\/uploads\/2019\/03\/AEO.jpg 668w, https:\/\/www.rochalog.com.br\/wp-content\/uploads\/2019\/03\/AEO-300x115.jpg 300w\" sizes=\"auto, (max-width: 410px) 100vw, 410px\" \/><\/p>\n<\/div>\n<\/div><\/div><\/div><\/div><\/div><div id=\"pg-848-12\"  class=\"panel-grid panel-has-style\" ><div class=\"siteorigin-panels-stretch panel-row-style panel-row-style-for-848-12\" data-stretch-type=\"full\" ><div id=\"pgc-848-12-0\"  class=\"panel-grid-cell\" ><\/div><\/div><\/div><div id=\"pg-848-13\"  class=\"panel-grid panel-has-style\" ><div class=\"barras siteorigin-panels-stretch panel-row-style panel-row-style-for-848-13\" data-stretch-type=\"full\" ><div id=\"pgc-848-13-0\"  class=\"panel-grid-cell panel-grid-cell-empty\" ><\/div><\/div><\/div><\/div>","protected":false},"excerpt":{"rendered":"<p>Granel de Exporta\u00e7\u00e3o Modernidade e efici\u00eancia na recep\u00e7\u00e3o e expedi\u00e7\u00e3o de gr\u00e3os.<\/p>","protected":false},"author":1,"featured_media":0,"parent":2238,"menu_order":0,"comment_status":"closed","ping_status":"closed","template":"templates\/template-full-notitle.php","meta":{"footnotes":""},"class_list":["post-848","page","type-page","status-publish","hentry","post"],"aioseo_notices":[],"jetpack_sharing_enabled":true,"_links":{"self":[{"href":"https:\/\/www.rochalog.com.br\/en\/wp-json\/wp\/v2\/pages\/848","targetHints":{"allow":["GET"]}}],"collection":[{"href":"https:\/\/www.rochalog.com.br\/en\/wp-json\/wp\/v2\/pages"}],"about":[{"href":"https:\/\/www.rochalog.com.br\/en\/wp-json\/wp\/v2\/types\/page"}],"author":[{"embeddable":true,"href":"https:\/\/www.rochalog.com.br\/en\/wp-json\/wp\/v2\/users\/1"}],"replies":[{"embeddable":true,"href":"https:\/\/www.rochalog.com.br\/en\/wp-json\/wp\/v2\/comments?post=848"}],"version-history":[{"count":0,"href":"https:\/\/www.rochalog.com.br\/en\/wp-json\/wp\/v2\/pages\/848\/revisions"}],"up":[{"embeddable":true,"href":"https:\/\/www.rochalog.com.br\/en\/wp-json\/wp\/v2\/pages\/2238"}],"wp:attachment":[{"href":"https:\/\/www.rochalog.com.br\/en\/wp-json\/wp\/v2\/media?parent=848"}],"curies":[{"name":"wp","href":"https:\/\/api.w.org\/{rel}","templated":true}]}}