{"id":8015,"date":"2021-08-27T10:08:55","date_gmt":"2021-08-27T13:08:55","guid":{"rendered":"https:\/\/www.rochalog.com.br\/?page_id=8015"},"modified":"2025-02-21T16:16:08","modified_gmt":"2025-02-21T19:16:08","slug":"codigo-de-etica-e-conduta","status":"publish","type":"page","link":"https:\/\/www.rochalog.com.br\/en\/relacoes-institucionais\/codigo-de-etica-e-conduta\/","title":{"rendered":"C\u00f3digo de \u00c9tica e Conduta"},"content":{"rendered":"<div id=\"pl-8015\"  class=\"panel-layout\" ><div id=\"pg-8015-0\"  class=\"panel-grid panel-has-style\" ><div class=\"rocha-banner siteorigin-panels-stretch panel-row-style panel-row-style-for-8015-0\" id=\"rocha-banner\" data-stretch-type=\"full-width-stretch\" ><div id=\"pgc-8015-0-0\"  class=\"panel-grid-cell panel-grid-cell-empty\" ><\/div><\/div><\/div><div id=\"pg-8015-1\"  class=\"panel-grid panel-no-style\" ><div id=\"pgc-8015-1-0\"  class=\"panel-grid-cell\" ><div id=\"panel-8015-1-0-0\" class=\"so-panel widget widget_sow-editor panel-first-child panel-last-child\" data-index=\"0\" ><div\n\t\t\t\n\t\t\tclass=\"so-widget-sow-editor so-widget-sow-editor-base\"\n\t\t\t\n\t\t>\n<div class=\"siteorigin-widget-tinymce textwidget\">\n\t<h1 style=\"margin-bottom: 0;\">Ethics and Code of Conduct<\/h1>\n<\/div>\n<\/div><\/div><\/div><\/div><div id=\"pg-8015-2\"  class=\"panel-grid panel-no-style\" ><div id=\"pgc-8015-2-0\"  class=\"panel-grid-cell\" ><div id=\"panel-8015-2-0-0\" class=\"so-panel widget widget_sow-editor panel-first-child panel-last-child\" data-index=\"1\" ><div class=\"fino panel-widget-style panel-widget-style-for-8015-2-0-0\" ><div\n\t\t\t\n\t\t\tclass=\"so-widget-sow-editor so-widget-sow-editor-base\"\n\t\t\t\n\t\t>\n<div class=\"siteorigin-widget-tinymce textwidget\">\n\t<p><strong>O C\u00f3digo de \u00c9tica e de Conduta (CEC) da ROCHA tem o objetivo de refor\u00e7ar o compromisso de atuar sempre de maneira \u00e9tica e transparente no nosso cotidiano, incentivando decis\u00f5es e pr\u00e1ticas baseadas nos princ\u00edpios de integridade, imparcialidade, legalidade e respeito \u00e0s pessoas.<\/strong><\/p>\n<p>Conhe\u00e7a o nosso C\u00f3digo de \u00c9tica e de Conduta. Fa\u00e7a o download do arquivo no seu smartphone ou desktop pelos bot\u00f5es abaixo.<\/p>\n<\/div>\n<\/div><\/div><\/div><\/div><\/div><div id=\"pg-8015-3\"  class=\"panel-grid panel-no-style\" ><div id=\"pgc-8015-3-0\"  class=\"panel-grid-cell\" ><div id=\"panel-8015-3-0-0\" class=\"so-panel widget widget_sow-editor panel-first-child panel-last-child\" data-index=\"2\" ><div class=\"fino panel-widget-style panel-widget-style-for-8015-3-0-0\" ><div\n\t\t\t\n\t\t\tclass=\"so-widget-sow-editor so-widget-sow-editor-base\"\n\t\t\t\n\t\t>\n<div class=\"siteorigin-widget-tinymce textwidget\">\n\t<div class=\"issuuembed\" style=\"width: 100%; height: 800px; display: none;\" data-configid=\"37349514\/68257881\">\n<table style=\"border-collapse: collapse; width: 100%;\" border=\"1\">\n<tbody>\n<tr>\n<td style=\"width: 50%;\"><\/td>\n<td style=\"width: 50%;\"><\/td>\n<\/tr>\n<\/tbody>\n<\/table>\n<p><script type=\"text\/javascript\" src=\"\/\/e.issuu.com\/embed.js\" async=\"true\"><\/script><\/p>\n<\/div>\n<\/div>\n<\/div><\/div><\/div><\/div><\/div><div id=\"pg-8015-4\"  class=\"panel-grid panel-no-style\" ><div id=\"pgc-8015-4-0\"  class=\"panel-grid-cell\" ><div id=\"panel-8015-4-0-0\" class=\"so-panel widget widget_sow-image panel-first-child\" data-index=\"3\" ><div\n\t\t\t\n\t\t\tclass=\"so-widget-sow-image so-widget-sow-image-default-c67d20f9f743-8015\"\n\t\t\t\n\t\t>\n<div class=\"sow-image-container\">\n\t\t<img \n\tsrc=\"https:\/\/www.rochalog.com.br\/wp-content\/uploads\/2024\/12\/rochalog_site_layout_CODIGO_ETICA_mockup_09_12_24-2.png\" width=\"946\" height=\"550\" srcset=\"https:\/\/www.rochalog.com.br\/wp-content\/uploads\/2024\/12\/rochalog_site_layout_CODIGO_ETICA_mockup_09_12_24-2.png 946w, https:\/\/www.rochalog.com.br\/wp-content\/uploads\/2024\/12\/rochalog_site_layout_CODIGO_ETICA_mockup_09_12_24-2-300x174.png 300w, https:\/\/www.rochalog.com.br\/wp-content\/uploads\/2024\/12\/rochalog_site_layout_CODIGO_ETICA_mockup_09_12_24-2-768x447.png 768w, https:\/\/www.rochalog.com.br\/wp-content\/uploads\/2024\/12\/rochalog_site_layout_CODIGO_ETICA_mockup_09_12_24-2-18x10.png 18w\" sizes=\"(max-width: 946px) 100vw, 946px\" title=\"rochalog_site_layout_CODIGO_ETICA_mockup_09_12_24 (2)\" alt=\"c\u00f3digo de conduta\" \t\tclass=\"so-widget-image\"\/>\n\t<\/div>\n\n<\/div><\/div><div id=\"panel-8015-4-0-1\" class=\"so-panel widget widget_sow-button panel-last-child\" data-index=\"4\" ><div class=\"btn-download panel-widget-style panel-widget-style-for-8015-4-0-1\" ><div\n\t\t\t\n\t\t\tclass=\"so-widget-sow-button so-widget-sow-button-flat-449c261836e4-8015\"\n\t\t\t\n\t\t><div class=\"ow-button-base ow-button-align-center\"\n>\n\t\t\t<a\n\t\t\t\t\thref=\"https:\/\/www.rochalog.com.br\/wp-content\/uploads\/2024\/12\/desktop_rocha_codigo_de_etica_e_conduta_2024.pdf\"\n\t\t\t\t\tclass=\"download-cec sowb-button ow-icon-placement-left\" target=\"_blank\" rel=\"noopener noreferrer\" title=\"DOWNLOAD OF THE ETHICS AND CONDUCT CODE\" \t>\n\t\t<span>\n\t\t\t<span class=\"sow-icon-fontawesome sow-fas\" data-sow-icon=\"&#xf019;\"\n\t\tstyle=\"color: #f58220\" \n\t\taria-hidden=\"true\"><\/span>\n\t\t\tDOWNLOAD DESKTOP\t\t<\/span>\n\t\t\t<\/a>\n\t<\/div>\n<\/div><\/div><\/div><\/div><div id=\"pgc-8015-4-1\"  class=\"panel-grid-cell\" ><div class=\"panel-cell-style panel-cell-style-for-8015-4-1\" ><div id=\"panel-8015-4-1-0\" class=\"so-panel widget widget_sow-image panel-first-child\" data-index=\"5\" ><div class=\"panel-widget-style panel-widget-style-for-8015-4-1-0\" ><div\n\t\t\t\n\t\t\tclass=\"so-widget-sow-image so-widget-sow-image-default-c67d20f9f743-8015\"\n\t\t\t\n\t\t>\n<div class=\"sow-image-container\">\n\t\t<img \n\tsrc=\"https:\/\/www.rochalog.com.br\/wp-content\/uploads\/2024\/12\/rochalog_site_layout_CODIGO_ETICA_mockup_09_12_24-1.png\" width=\"274\" height=\"550\" srcset=\"https:\/\/www.rochalog.com.br\/wp-content\/uploads\/2024\/12\/rochalog_site_layout_CODIGO_ETICA_mockup_09_12_24-1.png 274w, https:\/\/www.rochalog.com.br\/wp-content\/uploads\/2024\/12\/rochalog_site_layout_CODIGO_ETICA_mockup_09_12_24-1-149x300.png 149w, https:\/\/www.rochalog.com.br\/wp-content\/uploads\/2024\/12\/rochalog_site_layout_CODIGO_ETICA_mockup_09_12_24-1-6x12.png 6w\" sizes=\"(max-width: 274px) 100vw, 274px\" title=\"rochalog_site_layout_CODIGO_ETICA_mockup_09_12_24 (1)\" alt=\"c\u00f3digo de conduta\" \t\tclass=\"so-widget-image\"\/>\n\t<\/div>\n\n<\/div><\/div><\/div><div id=\"panel-8015-4-1-1\" class=\"so-panel widget widget_sow-button panel-last-child\" data-index=\"6\" ><div class=\"btn-download panel-widget-style panel-widget-style-for-8015-4-1-1\" ><div\n\t\t\t\n\t\t\tclass=\"so-widget-sow-button so-widget-sow-button-flat-449c261836e4-8015\"\n\t\t\t\n\t\t><div class=\"ow-button-base ow-button-align-center\"\n>\n\t\t\t<a\n\t\t\t\t\thref=\"https:\/\/www.rochalog.com.br\/wp-content\/uploads\/2024\/12\/mobile_rocha_codigo_de_etica_e_conduta_2024.pdf\"\n\t\t\t\t\tclass=\"download-cec sowb-button ow-icon-placement-left\" target=\"_blank\" rel=\"noopener noreferrer\" download=\"\" title=\"DOWNLOAD OF THE ETHICS AND CONDUCT CODE\" \t>\n\t\t<span>\n\t\t\t<span class=\"sow-icon-fontawesome sow-fas\" data-sow-icon=\"&#xf019;\"\n\t\tstyle=\"color: #f58220\" \n\t\taria-hidden=\"true\"><\/span>\n\t\t\tDOWNLOAD MOBILE\t\t<\/span>\n\t\t\t<\/a>\n\t<\/div>\n<\/div><\/div><\/div><\/div><\/div><\/div><div id=\"pg-8015-5\"  class=\"panel-grid panel-no-style\" ><div id=\"pgc-8015-5-0\"  class=\"panel-grid-cell panel-grid-cell-empty panel-grid-cell-mobile-last\" ><\/div><div id=\"pgc-8015-5-1\"  class=\"panel-grid-cell panel-grid-cell-empty\" ><\/div><\/div><div id=\"pg-8015-6\"  class=\"panel-grid panel-no-style\" ><div id=\"pgc-8015-6-0\"  class=\"panel-grid-cell panel-grid-cell-empty\" ><\/div><\/div><div id=\"pg-8015-7\"  class=\"panel-grid panel-has-style\" ><div class=\"siteorigin-panels-stretch panel-row-style panel-row-style-for-8015-7\" data-stretch-type=\"full\" ><div id=\"pgc-8015-7-0\"  class=\"panel-grid-cell\" ><\/div><\/div><\/div><div id=\"pg-8015-8\"  class=\"panel-grid panel-has-style\" ><div class=\"barras siteorigin-panels-stretch panel-row-style panel-row-style-for-8015-8\" data-stretch-type=\"full\" ><div id=\"pgc-8015-8-0\"  class=\"panel-grid-cell panel-grid-cell-empty\" ><\/div><\/div><\/div><\/div>","protected":false},"excerpt":{"rendered":"<p>Ethics and Code of Conduct<\/p>","protected":false},"author":2,"featured_media":7194,"parent":23,"menu_order":0,"comment_status":"closed","ping_status":"closed","template":"templates\/template-full-notitle.php","meta":{"footnotes":""},"class_list":["post-8015","page","type-page","status-publish","has-post-thumbnail","hentry","post","post-with-thumbnail","post-with-thumbnail-large"],"aioseo_notices":[],"jetpack_sharing_enabled":true,"_links":{"self":[{"href":"https:\/\/www.rochalog.com.br\/en\/wp-json\/wp\/v2\/pages\/8015","targetHints":{"allow":["GET"]}}],"collection":[{"href":"https:\/\/www.rochalog.com.br\/en\/wp-json\/wp\/v2\/pages"}],"about":[{"href":"https:\/\/www.rochalog.com.br\/en\/wp-json\/wp\/v2\/types\/page"}],"author":[{"embeddable":true,"href":"https:\/\/www.rochalog.com.br\/en\/wp-json\/wp\/v2\/users\/2"}],"replies":[{"embeddable":true,"href":"https:\/\/www.rochalog.com.br\/en\/wp-json\/wp\/v2\/comments?post=8015"}],"version-history":[{"count":2,"href":"https:\/\/www.rochalog.com.br\/en\/wp-json\/wp\/v2\/pages\/8015\/revisions"}],"predecessor-version":[{"id":9992,"href":"https:\/\/www.rochalog.com.br\/en\/wp-json\/wp\/v2\/pages\/8015\/revisions\/9992"}],"up":[{"embeddable":true,"href":"https:\/\/www.rochalog.com.br\/en\/wp-json\/wp\/v2\/pages\/23"}],"wp:featuredmedia":[{"embeddable":true,"href":"https:\/\/www.rochalog.com.br\/en\/wp-json\/wp\/v2\/media\/7194"}],"wp:attachment":[{"href":"https:\/\/www.rochalog.com.br\/en\/wp-json\/wp\/v2\/media?parent=8015"}],"curies":[{"name":"wp","href":"https:\/\/api.w.org\/{rel}","templated":true}]}}