{"id":6530,"date":"2021-06-16T11:15:11","date_gmt":"2021-06-16T14:15:11","guid":{"rendered":"https:\/\/www.rochalog.com.br\/?page_id=6530"},"modified":"2025-09-04T14:41:50","modified_gmt":"2025-09-04T17:41:50","slug":"privacidade-3","status":"publish","type":"page","link":"https:\/\/www.rochalog.com.br\/en\/privacidade-3\/","title":{"rendered":"Privacidade"},"content":{"rendered":"<div id=\"pl-6530\"  class=\"panel-layout\" ><div id=\"pg-6530-0\"  class=\"panel-grid panel-has-style\" ><div class=\"panel-row-style panel-row-style-for-6530-0\" ><div id=\"pgc-6530-0-0\"  class=\"panel-grid-cell\" ><div id=\"panel-6530-0-0-0\" class=\"so-panel widget widget_sow-editor panel-first-child panel-last-child\" data-index=\"0\" ><div\n\t\t\t\n\t\t\tclass=\"so-widget-sow-editor so-widget-sow-editor-base\"\n\t\t\t\n\t\t>\n<div class=\"siteorigin-widget-tinymce textwidget\">\n\t<h1 style=\"margin-bottom: 3px;\">Privacidade<\/h1>\n<\/div>\n<\/div><\/div><\/div><\/div><\/div><div id=\"pg-6530-1\"  class=\"panel-grid panel-has-style\" ><div class=\"panel-row-style panel-row-style-for-6530-1\" ><div id=\"pgc-6530-1-0\"  class=\"panel-grid-cell\" ><div id=\"panel-6530-1-0-0\" class=\"so-panel widget widget_sow-editor panel-first-child\" data-index=\"1\" ><div\n\t\t\t\n\t\t\tclass=\"so-widget-sow-editor so-widget-sow-editor-base\"\n\t\t\t\n\t\t>\n<div class=\"siteorigin-widget-tinymce textwidget\">\n\t<p style=\"text-align: justify;\">A Rocha possui o compromisso de resguardar e proteger os dados pessoais de seus colaboradores, clientes, terceiros e todos os que venham a ter seus dados coletados pela companhia. Para tanto, foi criada a <strong>Pol\u00edtica de Privacidade e Tratamento de Dados Pessoais<\/strong> onde voc\u00ea, Titular de Dados Pessoais, pode saber maiores detalhes sobre a coleta e o tratamento dos seus Dados pela Rocha.<\/p>\n<p style=\"text-align: justify;\">Al\u00e9m da <strong>Pol\u00edtica de Privacidade e Tratamento de Dados Pessoais<\/strong>, aqui voc\u00ea tamb\u00e9m ter\u00e1 acesso a <strong>Pol\u00edtica de Cookies<\/strong> e aos <strong>Termos e Condi\u00e7\u00f5es de Uso das Plataformas Digitais<\/strong> da Rocha.<\/p>\n<\/div>\n<\/div><\/div><div id=\"panel-6530-1-0-1\" class=\"so-panel widget widget_sow-button\" data-index=\"2\" ><div\n\t\t\t\n\t\t\tclass=\"so-widget-sow-button so-widget-sow-button-wire-3d706a3cadbf-6530\"\n\t\t\t\n\t\t><div class=\"ow-button-base ow-button-align-center\"\n>\n\t\t\t<a\n\t\t\t\t\thref=\"https:\/\/www.rochalog.com.br\/wp-content\/uploads\/2025\/09\/NI-024-2-NI-024-Politica-de-Privacidade-e-Tratamento-de-Dados-Pessoais.pdf\"\n\t\t\t\t\tclass=\"sowb-button ow-icon-placement-top ow-button-hover\" download=\"\" \t>\n\t\t<span>\n\t\t\t<span class=\"sow-icon-fontawesome sow-far\" data-sow-icon=\"&#xf2bd;\"\n\t\tstyle=\"color: #f58220\" \n\t\taria-hidden=\"true\"><\/span>\n\t\t\tPOL\u00cdTICA DE PRIVACIDADE E TRATAMENTO DE DADOS PESSOAIS\t\t<\/span>\n\t\t\t<\/a>\n\t<\/div>\n<\/div><\/div><div id=\"panel-6530-1-0-2\" class=\"so-panel widget widget_sow-button\" data-index=\"3\" ><div\n\t\t\t\n\t\t\tclass=\"so-widget-sow-button so-widget-sow-button-wire-3d706a3cadbf-6530\"\n\t\t\t\n\t\t><div class=\"ow-button-base ow-button-align-center\"\n>\n\t\t\t<a\n\t\t\t\t\thref=\"https:\/\/www.rochalog.com.br\/wp-content\/uploads\/2025\/09\/NI-015-2-NI-015-Politica-de-Cookies.pdf\"\n\t\t\t\t\tclass=\"sowb-button ow-icon-placement-top ow-button-hover\" download=\"\" \t>\n\t\t<span>\n\t\t\t<span class=\"sow-icon-fontawesome sow-far\" data-sow-icon=\"&#xf2c2;\"\n\t\tstyle=\"color: #f58220\" \n\t\taria-hidden=\"true\"><\/span>\n\t\t\tPOL\u00cdTICA DE COOKIES\t\t<\/span>\n\t\t\t<\/a>\n\t<\/div>\n<\/div><\/div><div id=\"panel-6530-1-0-3\" class=\"so-panel widget widget_sow-button panel-last-child\" data-index=\"4\" ><div\n\t\t\t\n\t\t\tclass=\"so-widget-sow-button so-widget-sow-button-wire-3d706a3cadbf-6530\"\n\t\t\t\n\t\t><div class=\"ow-button-base ow-button-align-center\"\n>\n\t\t\t<a\n\t\t\t\t\thref=\"https:\/\/www.rochalog.com.br\/wp-content\/uploads\/2025\/09\/R-101-2-RG-101-Termos-de-Uso-das-Plataformas.pdf\"\n\t\t\t\t\tclass=\"sowb-button ow-icon-placement-top ow-button-hover\" download=\"\" \t>\n\t\t<span>\n\t\t\t<span class=\"sow-icon-fontawesome sow-far\" data-sow-icon=\"&#xf022;\"\n\t\tstyle=\"color: #f58220\" \n\t\taria-hidden=\"true\"><\/span>\n\t\t\tTERMOS E CONDI\u00c7\u00d5ES DE USO DAS PLATAFORMAS DIGITAIS DA ROCHA\t\t<\/span>\n\t\t\t<\/a>\n\t<\/div>\n<\/div><\/div><\/div><div id=\"pgc-6530-1-1\"  class=\"panel-grid-cell\" ><div class=\"panel-cell-style panel-cell-style-for-6530-1-1\" ><div id=\"panel-6530-1-1-0\" class=\"so-panel widget widget_sow-editor panel-first-child panel-last-child\" data-index=\"5\" ><div\n\t\t\t\n\t\t\tclass=\"so-widget-sow-editor so-widget-sow-editor-base\"\n\t\t\t\n\t\t>\n<div class=\"siteorigin-widget-tinymce textwidget\">\n\t<h4 style=\"text-align: justify;\">Canal de Privacidade Rocha Log<\/h4>\n<p style=\"text-align: justify;\">Caso voc\u00ea tenha alguma d\u00favida sobre as nossas Pol\u00edticas e Tratamento do seu Dado Pessoal pela Rocha ou gostaria de exercer os direitos previstos na LGPD (Lei Geral de Prote\u00e7\u00e3o de Dados Pessoais n\u00ba 13.709\/2018), voc\u00ea pode entrar em contato com o <strong>Fabio Augusto Koreeda,<\/strong>\u00a0<strong>Encarregado pelo Tratamento de Dados Pessoais<\/strong> atrav\u00e9s do nosso Canal de Privacidade.<\/p>\n<p>&nbsp;<\/p>\n<p><a href=\"https:\/\/www.contatoseguro.com.br\/privacidaderochalog\"><img loading=\"lazy\" decoding=\"async\" class=\"aligncenter size-full wp-image-8457\" src=\"https:\/\/www.rochalog.com.br\/wp-content\/uploads\/2022\/02\/Canal-de-Privacidade-Rocha-Log2.jpg\" alt=\"\" width=\"543\" height=\"183\" srcset=\"https:\/\/www.rochalog.com.br\/wp-content\/uploads\/2022\/02\/Canal-de-Privacidade-Rocha-Log2.jpg 543w, https:\/\/www.rochalog.com.br\/wp-content\/uploads\/2022\/02\/Canal-de-Privacidade-Rocha-Log2-300x101.jpg 300w, https:\/\/www.rochalog.com.br\/wp-content\/uploads\/2022\/02\/Canal-de-Privacidade-Rocha-Log2-18x6.jpg 18w\" sizes=\"auto, (max-width: 543px) 100vw, 543px\" \/><\/a><\/p>\n<\/div>\n<\/div><\/div><\/div><\/div><\/div><\/div><\/div>","protected":false},"excerpt":{"rendered":"<p>Privacidade A Rocha possui o compromisso de resguardar e proteger os dados pessoais de seus colaboradores, clientes, terceiros e todos [&hellip;]<\/p>","protected":false},"author":1,"featured_media":0,"parent":0,"menu_order":0,"comment_status":"closed","ping_status":"closed","template":"templates\/template-full.php","meta":{"footnotes":""},"class_list":["post-6530","page","type-page","status-publish","hentry","post"],"aioseo_notices":[],"jetpack_sharing_enabled":true,"_links":{"self":[{"href":"https:\/\/www.rochalog.com.br\/en\/wp-json\/wp\/v2\/pages\/6530","targetHints":{"allow":["GET"]}}],"collection":[{"href":"https:\/\/www.rochalog.com.br\/en\/wp-json\/wp\/v2\/pages"}],"about":[{"href":"https:\/\/www.rochalog.com.br\/en\/wp-json\/wp\/v2\/types\/page"}],"author":[{"embeddable":true,"href":"https:\/\/www.rochalog.com.br\/en\/wp-json\/wp\/v2\/users\/1"}],"replies":[{"embeddable":true,"href":"https:\/\/www.rochalog.com.br\/en\/wp-json\/wp\/v2\/comments?post=6530"}],"version-history":[{"count":2,"href":"https:\/\/www.rochalog.com.br\/en\/wp-json\/wp\/v2\/pages\/6530\/revisions"}],"predecessor-version":[{"id":10057,"href":"https:\/\/www.rochalog.com.br\/en\/wp-json\/wp\/v2\/pages\/6530\/revisions\/10057"}],"wp:attachment":[{"href":"https:\/\/www.rochalog.com.br\/en\/wp-json\/wp\/v2\/media?parent=6530"}],"curies":[{"name":"wp","href":"https:\/\/api.w.org\/{rel}","templated":true}]}}