{"id":6435,"date":"2023-05-24T10:47:41","date_gmt":"2023-05-24T13:47:41","guid":{"rendered":"http:\/\/www2.rochalog.com.br\/?page_id=6435"},"modified":"2023-05-24T10:54:11","modified_gmt":"2023-05-24T13:54:11","slug":"negocios-e-investidas","status":"publish","type":"page","link":"https:\/\/www.rochalog.com.br\/en\/negocios-e-investidas\/","title":{"rendered":"Investments and Mergers"},"content":{"rendered":"<div id=\"pl-6435\"  class=\"panel-layout\" ><div id=\"pg-6435-0\"  class=\"panel-grid panel-has-style\" ><div class=\"rocha-banner siteorigin-panels-stretch panel-row-style panel-row-style-for-6435-0\" id=\"rocha-banner\" data-stretch-type=\"full-stretched\" ><div id=\"pgc-6435-0-0\"  class=\"panel-grid-cell panel-grid-cell-empty\" ><div class=\"panel-cell-style panel-cell-style-for-6435-0-0\" ><\/div><\/div><\/div><\/div><div id=\"pg-6435-1\"  class=\"panel-grid panel-has-style\" ><div class=\"panel-row-style panel-row-style-for-6435-1\" ><div id=\"pgc-6435-1-0\"  class=\"panel-grid-cell\" ><div id=\"panel-6435-1-0-0\" class=\"so-panel widget widget_sow-editor panel-first-child\" data-index=\"0\" ><div class=\"title-no-margin panel-widget-style panel-widget-style-for-6435-1-0-0\" ><div\n\t\t\t\n\t\t\tclass=\"so-widget-sow-editor so-widget-sow-editor-base\"\n\t\t\t\n\t\t>\n<div class=\"siteorigin-widget-tinymce textwidget\">\n\t<h2 style=\"margin-bottom: 0;\">Investments and Mergers<\/h2>\n<p style=\"margin-top: 3px;\"><strong>Through investee and associated companies, ROCHA consolidates and expands its operations.<\/strong><\/p>\n<p style=\"text-align: justify;\">Through company acquisitions, ROCHA consolidated and expanded its operations to other ports and logistic sectors of bulk cargos both solid or liquid in both export and import modal. Cattalini Terminais Mar\u00edtimos S.A. has 520,000 m\u00b3 of static capacity for the storage of various liquid bulk cargos, connected to its private pier as well as to the Port of Paranagua public pier, capable of attending 4 vessels simultaneously. Cattalini's physical structure is comprised of up of 116 tanks, divided into 4 tank farms connected to an independent pipeline system to enable the segregation and safety of stored products.<\/p>\n<p style=\"text-align: justify;\">Following investments at the Port of S\u00e3o Francisco do Sul (SC) focused on the discharge of fertilizers and other solid bulk cargos, ROCHA sought to expand its presence in this port by joining with major local port operator companies. By joining assets and teams, since 2011, FullPort has been incorporated into the ROCHA group of companies.<\/p>\n<p style=\"text-align: justify;\">In 2015, ROCHA expanded its presence to the port of Itaqui (MA), by purchasing a share in the port operator COPI. Currently one of the port's main operators, this expansion portrays ROCHA's constant search to increase its geographic presence, serving its customers from the north to the south of the country, in what are today the main Brazilian ports handling fertilizer cargos and other import bulk cargo operations.<\/p>\n<\/div>\n<\/div><\/div><\/div><div id=\"panel-6435-1-0-1\" class=\"so-panel widget widget_sow-editor\" data-index=\"1\" ><div\n\t\t\t\n\t\t\tclass=\"so-widget-sow-editor so-widget-sow-editor-base\"\n\t\t\t\n\t\t>\n<div class=\"siteorigin-widget-tinymce textwidget\">\n\t<hr style=\"color: #eee; border: 1px solid #eee; margin-bottom: 0;\" \/>\n<\/div>\n<\/div><\/div><div id=\"panel-6435-1-0-2\" class=\"so-panel widget widget_sow-editor panel-last-child\" data-index=\"2\" ><div\n\t\t\t\n\t\t\tclass=\"so-widget-sow-editor so-widget-sow-editor-base\"\n\t\t\t\n\t\t>\n<div class=\"siteorigin-widget-tinymce textwidget\">\n\t<p style=\"text-align: justify;\"><strong>See below the investments and mergers Rocha companies.<\/strong><\/p>\n<\/div>\n<\/div><\/div><\/div><\/div><\/div><div id=\"pg-6435-2\"  class=\"panel-grid panel-has-style\" ><div class=\"linha-negocios panel-row-style panel-row-style-for-6435-2\" ><div id=\"pgc-6435-2-0\"  class=\"panel-grid-cell\" ><div id=\"panel-6435-2-0-0\" class=\"so-panel widget widget_sow-image panel-first-child panel-last-child\" data-index=\"3\" ><div\n\t\t\t\n\t\t\tclass=\"so-widget-sow-image so-widget-sow-image-default-c67d20f9f743-6435\"\n\t\t\t\n\t\t>\n<div class=\"sow-image-container\">\n\t\t\t<a href=\"https:\/\/www.rochalog.com.br\/en\/negocios-e-investidas-2\/cattalini\/\"\n\t\t\t\t\t>\n\t\t\t<img \n\tsrc=\"https:\/\/www.rochalog.com.br\/wp-content\/uploads\/2018\/04\/linha-cattalini-e1562622234661.png\" width=\"202\" height=\"78\" sizes=\"(max-width: 202px) 100vw, 202px\" title=\"linha-cattalini\" alt=\"\" \t\tclass=\"so-widget-image\"\/>\n\t\t\t<\/a><\/div>\n\n<\/div><\/div><\/div><div id=\"pgc-6435-2-1\"  class=\"panel-grid-cell\" ><div id=\"panel-6435-2-1-0\" class=\"so-panel widget widget_sow-image panel-first-child panel-last-child\" data-index=\"4\" ><div\n\t\t\t\n\t\t\tclass=\"so-widget-sow-image so-widget-sow-image-default-c67d20f9f743-6435\"\n\t\t\t\n\t\t>\n<div class=\"sow-image-container\">\n\t\t\t<a href=\"https:\/\/www.rochalog.com.br\/en\/negocios-e-investidas-2\/copi\/\"\n\t\t\t\t\t>\n\t\t\t<img \n\tsrc=\"https:\/\/www.rochalog.com.br\/wp-content\/uploads\/2018\/05\/linha-copi-1-e1562622317395.png\" width=\"202\" height=\"82\" sizes=\"(max-width: 202px) 100vw, 202px\" title=\"linha-copi\" alt=\"\" \t\tclass=\"so-widget-image\"\/>\n\t\t\t<\/a><\/div>\n\n<\/div><\/div><\/div><div id=\"pgc-6435-2-2\"  class=\"panel-grid-cell\" ><div id=\"panel-6435-2-2-0\" class=\"so-panel widget widget_sow-image panel-first-child panel-last-child\" data-index=\"5\" ><div\n\t\t\t\n\t\t\tclass=\"so-widget-sow-image so-widget-sow-image-default-c67d20f9f743-6435\"\n\t\t\t\n\t\t>\n<div class=\"sow-image-container\">\n\t\t\t<a href=\"https:\/\/www.rochalog.com.br\/en\/negocios-e-investidas-2\/fullport-2\/\"\n\t\t\t\t\t>\n\t\t\t<img \n\tsrc=\"https:\/\/www.rochalog.com.br\/wp-content\/uploads\/2018\/04\/linha-fullport-e1562622181285.png\" width=\"202\" height=\"92\" sizes=\"(max-width: 202px) 100vw, 202px\" title=\"linha-fullport\" alt=\"\" \t\tclass=\"so-widget-image\"\/>\n\t\t\t<\/a><\/div>\n\n<\/div><\/div><\/div><\/div><\/div><div id=\"pg-6435-3\"  class=\"panel-grid panel-has-style\" ><div class=\"siteorigin-panels-stretch panel-row-style panel-row-style-for-6435-3\" data-stretch-type=\"full\" ><div id=\"pgc-6435-3-0\"  class=\"panel-grid-cell\" ><\/div><\/div><\/div><div id=\"pg-6435-4\"  class=\"panel-grid panel-has-style\" ><div class=\"barras siteorigin-panels-stretch panel-row-style panel-row-style-for-6435-4\" data-stretch-type=\"full\" ><div id=\"pgc-6435-4-0\"  class=\"panel-grid-cell panel-grid-cell-empty\" ><\/div><\/div><\/div><\/div>","protected":false},"excerpt":{"rendered":"<p>Investidas e coligadas Por interm\u00e9dio de empresas investidas e coligadas, a ROCHA consolida e expande sua atua\u00e7\u00e3o. Parte relevante da [&hellip;]<\/p>","protected":false},"author":1,"featured_media":9141,"parent":0,"menu_order":0,"comment_status":"closed","ping_status":"closed","template":"templates\/template-full-notitle.php","meta":{"footnotes":""},"class_list":["post-6435","page","type-page","status-publish","has-post-thumbnail","hentry","post","post-with-thumbnail","post-with-thumbnail-large"],"aioseo_notices":[],"jetpack_sharing_enabled":true,"_links":{"self":[{"href":"https:\/\/www.rochalog.com.br\/en\/wp-json\/wp\/v2\/pages\/6435","targetHints":{"allow":["GET"]}}],"collection":[{"href":"https:\/\/www.rochalog.com.br\/en\/wp-json\/wp\/v2\/pages"}],"about":[{"href":"https:\/\/www.rochalog.com.br\/en\/wp-json\/wp\/v2\/types\/page"}],"author":[{"embeddable":true,"href":"https:\/\/www.rochalog.com.br\/en\/wp-json\/wp\/v2\/users\/1"}],"replies":[{"embeddable":true,"href":"https:\/\/www.rochalog.com.br\/en\/wp-json\/wp\/v2\/comments?post=6435"}],"version-history":[{"count":0,"href":"https:\/\/www.rochalog.com.br\/en\/wp-json\/wp\/v2\/pages\/6435\/revisions"}],"wp:featuredmedia":[{"embeddable":true,"href":"https:\/\/www.rochalog.com.br\/en\/wp-json\/wp\/v2\/media\/9141"}],"wp:attachment":[{"href":"https:\/\/www.rochalog.com.br\/en\/wp-json\/wp\/v2\/media?parent=6435"}],"curies":[{"name":"wp","href":"https:\/\/api.w.org\/{rel}","templated":true}]}}