{"id":524,"date":"2018-03-23T08:59:05","date_gmt":"2018-03-23T11:59:05","guid":{"rendered":"http:\/\/pontodesign.com.br\/clientes\/rocha\/site\/?page_id=524"},"modified":"2025-03-14T16:57:10","modified_gmt":"2025-03-14T19:57:10","slug":"certificacoes","status":"publish","type":"page","link":"https:\/\/www.rochalog.com.br\/en\/certificacoes\/","title":{"rendered":"Certifications"},"content":{"rendered":"<div id=\"pl-524\"  class=\"panel-layout\" ><div id=\"pg-524-0\"  class=\"panel-grid panel-has-style\" ><div class=\"rocha-banner siteorigin-panels-stretch panel-row-style panel-row-style-for-524-0\" id=\"rocha-banner\" data-stretch-type=\"full-width-stretch\" ><div id=\"pgc-524-0-0\"  class=\"panel-grid-cell panel-grid-cell-empty\" ><\/div><\/div><\/div><div id=\"pg-524-1\"  class=\"panel-grid panel-has-style\" ><div class=\"siteorigin-panels-stretch panel-row-style panel-row-style-for-524-1\" data-stretch-type=\"full\" ><div id=\"pgc-524-1-0\"  class=\"panel-grid-cell\" ><div id=\"panel-524-1-0-0\" class=\"so-panel widget widget_sow-editor panel-first-child panel-last-child\" data-index=\"0\" ><div\n\t\t\t\n\t\t\tclass=\"so-widget-sow-editor so-widget-sow-editor-base\"\n\t\t\t\n\t\t>\n<div class=\"siteorigin-widget-tinymce textwidget\">\n\t<h1 style=\"margin-bottom: 0;\">Certifications<\/h1>\n<p style=\"margin-top: 3px; text-align: justify !important;\"><strong>Our Integrated Management System is certified.<br \/>\n<\/strong><\/p>\n<p style=\"text-align: justify !important;\">With the engagement of our entire team, we have achieved important management certifications. We invest in training and personnel coaching and promote constant improvements to systems and process management.<\/p>\n<p style=\"text-align: justify !important;\">Certification of our Integrated Management System includes the integration of standards described below and clearly indicates ROCHA's commitment to its mission, vision and values<\/p>\n<\/div>\n<\/div><\/div><\/div><\/div><\/div><div id=\"pg-524-2\"  class=\"panel-grid panel-has-style\" ><div class=\"siteorigin-panels-stretch panel-row-style panel-row-style-for-524-2\" data-stretch-type=\"full\" ><div id=\"pgc-524-2-0\"  class=\"panel-grid-cell\" ><div id=\"panel-524-2-0-0\" class=\"so-panel widget widget_sow-editor panel-first-child\" data-index=\"1\" ><div class=\"fino panel-widget-style panel-widget-style-for-524-2-0-0\" ><div\n\t\t\t\n\t\t\tclass=\"so-widget-sow-editor so-widget-sow-editor-base\"\n\t\t\t\n\t\t>\n<div class=\"siteorigin-widget-tinymce textwidget\">\n\t<p style=\"text-align: justify;\">A <strong>NBR ISO 9001 <\/strong>elaborada pelo Comit\u00ea T\u00e9cnico <em>Quality Management and Quality Assurance<\/em> (ISO \/ TC 176), is the standard that certifies Quality Management Systems and defines the requirements of system implementation. It aims to bring to the customer confidence in the company's products and services which are provided in a standardized manner, ensuring quality, as determined by the company. When the company certifies itself under this standard, it is competent to use the quality tool: the Plan-Do-Check-Action (PDCA) Cycle, which means planning, executing, checking and acting, reducing errors, waste and costs resulting in increasing satisfaction for the customer.<\/p>\n<\/div>\n<\/div><\/div><\/div><div id=\"panel-524-2-0-1\" class=\"so-panel widget widget_sow-button panel-last-child\" data-index=\"2\" ><div class=\"align-button-center-mobile panel-widget-style panel-widget-style-for-524-2-0-1\" ><div\n\t\t\t\n\t\t\tclass=\"so-widget-sow-button so-widget-sow-button-flat-414b98093cee-524\"\n\t\t\t\n\t\t><div class=\"ow-button-base ow-button-align-left\"\n>\n\t\t\t<a\n\t\t\t\t\thref=\"https:\/\/www.rochalog.com.br\/wp-content\/uploads\/2024\/03\/ISO9001.pdf\"\n\t\t\t\t\tclass=\"botao-padrao popmake-certificacoes-iso-9001 sowb-button ow-icon-placement-left ow-button-hover\" target=\"_blank\" rel=\"noopener noreferrer\" \t>\n\t\t<span>\n\t\t\t<span class=\"sow-icon-fontawesome sow-fas\" data-sow-icon=\"&#xf002;\"\n\t\tstyle=\"color: #f58220\" \n\t\taria-hidden=\"true\"><\/span>\n\t\t\tClick here to see the certificate\t\t<\/span>\n\t\t\t<\/a>\n\t<\/div>\n<\/div><\/div><\/div><\/div><div id=\"pgc-524-2-1\"  class=\"panel-grid-cell\" ><div id=\"panel-524-2-1-0\" class=\"so-panel widget widget_sow-editor panel-first-child panel-last-child\" data-index=\"3\" ><div\n\t\t\t\n\t\t\tclass=\"so-widget-sow-editor so-widget-sow-editor-base\"\n\t\t\t\n\t\t>\n<div class=\"siteorigin-widget-tinymce textwidget\">\n\t<p><img loading=\"lazy\" decoding=\"async\" class=\"aligncenter wp-image-7522 size-full\" src=\"https:\/\/www.rochalog.com.br\/wp-content\/uploads\/2021\/03\/ISO-Imagem.png\" alt=\"\" width=\"400\" height=\"360\" srcset=\"https:\/\/www.rochalog.com.br\/wp-content\/uploads\/2021\/03\/ISO-Imagem.png 400w, https:\/\/www.rochalog.com.br\/wp-content\/uploads\/2021\/03\/ISO-Imagem-300x270.png 300w, https:\/\/www.rochalog.com.br\/wp-content\/uploads\/2021\/03\/ISO-Imagem-13x12.png 13w\" sizes=\"auto, (max-width: 400px) 100vw, 400px\" \/><\/p>\n<\/div>\n<\/div><\/div><\/div><\/div><\/div><div id=\"pg-524-3\"  class=\"panel-grid panel-has-style\" ><div class=\"siteorigin-panels-stretch panel-row-style panel-row-style-for-524-3\" data-stretch-type=\"full\" ><div id=\"pgc-524-3-0\"  class=\"panel-grid-cell\" ><div id=\"panel-524-3-0-0\" class=\"so-panel widget widget_sow-editor panel-first-child panel-last-child\" data-index=\"4\" ><div class=\"popmake-certificacoes-iso-14001 panel-widget-style panel-widget-style-for-524-3-0-0\" ><div\n\t\t\t\n\t\t\tclass=\"so-widget-sow-editor so-widget-sow-editor-base\"\n\t\t\t\n\t\t>\n<div class=\"siteorigin-widget-tinymce textwidget\">\n\t<p><img loading=\"lazy\" decoding=\"async\" class=\"aligncenter size-full wp-image-7517\" src=\"https:\/\/www.rochalog.com.br\/wp-content\/uploads\/2021\/03\/ISO-4001-Imagem-1.png\" alt=\"\" width=\"400\" height=\"360\" srcset=\"https:\/\/www.rochalog.com.br\/wp-content\/uploads\/2021\/03\/ISO-4001-Imagem-1.png 400w, https:\/\/www.rochalog.com.br\/wp-content\/uploads\/2021\/03\/ISO-4001-Imagem-1-300x270.png 300w, https:\/\/www.rochalog.com.br\/wp-content\/uploads\/2021\/03\/ISO-4001-Imagem-1-13x12.png 13w\" sizes=\"auto, (max-width: 400px) 100vw, 400px\" \/><\/p>\n<\/div>\n<\/div><\/div><\/div><\/div><div id=\"pgc-524-3-1\"  class=\"panel-grid-cell\" ><div id=\"panel-524-3-1-0\" class=\"so-panel widget widget_sow-editor panel-first-child\" data-index=\"5\" ><div class=\"fino panel-widget-style panel-widget-style-for-524-3-1-0\" ><div\n\t\t\t\n\t\t\tclass=\"so-widget-sow-editor so-widget-sow-editor-base\"\n\t\t\t\n\t\t>\n<div class=\"siteorigin-widget-tinymce textwidget\">\n\t<p>&nbsp;<\/p>\n<p style=\"text-align: justify;\">A ABNT <strong>NBR ISO 14001<\/strong> especifica os requisitos de um Sistema de Gest\u00e3o Ambiental e permite que a organiza\u00e7\u00e3o desenvolva uma estrutura para a prote\u00e7\u00e3o do meio ambiente e r\u00e1pida resposta \u00e0s mudan\u00e7as das condi\u00e7\u00f5es ambientais. O objetivo \u00e9 buscar a preserva\u00e7\u00e3o ambiental para o desenvolvimento sustent\u00e1vel do planeta, pensando nas gera\u00e7\u00f5es futuras.<\/p>\n<\/div>\n<\/div><\/div><\/div><div id=\"panel-524-3-1-1\" class=\"so-panel widget widget_sow-button panel-last-child\" data-index=\"6\" ><div class=\"align-button-center-mobile panel-widget-style panel-widget-style-for-524-3-1-1\" ><div\n\t\t\t\n\t\t\tclass=\"so-widget-sow-button so-widget-sow-button-flat-414b98093cee-524\"\n\t\t\t\n\t\t><div class=\"ow-button-base ow-button-align-left\"\n>\n\t\t\t<a\n\t\t\t\t\thref=\"https:\/\/www.rochalog.com.br\/wp-content\/uploads\/2024\/03\/ISO14001.pdf\"\n\t\t\t\t\tclass=\"botao-padrao popmake-certificacoes-iso-14001 sowb-button ow-icon-placement-left ow-button-hover\" \t>\n\t\t<span>\n\t\t\t<span class=\"sow-icon-fontawesome sow-fas\" data-sow-icon=\"&#xf002;\"\n\t\tstyle=\"color: #f58220\" \n\t\taria-hidden=\"true\"><\/span>\n\t\t\tClick here to see the certificate\t\t<\/span>\n\t\t\t<\/a>\n\t<\/div>\n<\/div><\/div><\/div><\/div><\/div><\/div><div id=\"pg-524-4\"  class=\"panel-grid panel-has-style\" ><div class=\"siteorigin-panels-stretch panel-row-style panel-row-style-for-524-4\" data-stretch-type=\"full\" ><div id=\"pgc-524-4-0\"  class=\"panel-grid-cell\" ><div id=\"panel-524-4-0-0\" class=\"so-panel widget widget_sow-editor panel-first-child\" data-index=\"7\" ><div class=\"fino panel-widget-style panel-widget-style-for-524-4-0-0\" ><div\n\t\t\t\n\t\t\tclass=\"so-widget-sow-editor so-widget-sow-editor-base\"\n\t\t\t\n\t\t>\n<div class=\"siteorigin-widget-tinymce textwidget\">\n\t<p>&nbsp;<\/p>\n<p style=\"text-align: justify;\">A <strong>NBR ISO 31000 <\/strong>\u00e9 a norma internacional que fornece princ\u00edpios e diretrizes abrangentes em gest\u00e3o de riscos, esses princ\u00edpios s\u00e3o fundamentais para garantir que a gest\u00e3o seja eficaz e contribua para o sucesso da empresa.<\/p>\n<\/div>\n<\/div><\/div><\/div><div id=\"panel-524-4-0-1\" class=\"so-panel widget widget_sow-button panel-last-child\" data-index=\"8\" ><div class=\"align-button-center-mobile panel-widget-style panel-widget-style-for-524-4-0-1\" ><div\n\t\t\t\n\t\t\tclass=\"so-widget-sow-button so-widget-sow-button-flat-414b98093cee-524\"\n\t\t\t\n\t\t><div class=\"ow-button-base ow-button-align-left\"\n>\n\t\t\t<a\n\t\t\t\t\thref=\"https:\/\/www.rochalog.com.br\/wp-content\/uploads\/2024\/06\/M06199-ROCHA-TERMINAIS-PORTUARIOS-E-LOGISTICA-S.A.-ISO31000-0001.pdf\"\n\t\t\t\t\tclass=\"botao-padrao popmake-certificacoes-iso-31000 sowb-button ow-icon-placement-left ow-button-hover\" \t>\n\t\t<span>\n\t\t\t<span class=\"sow-icon-fontawesome sow-fas\" data-sow-icon=\"&#xf002;\"\n\t\tstyle=\"color: #f58220\" \n\t\taria-hidden=\"true\"><\/span>\n\t\t\tClick here to see the certificate\t\t<\/span>\n\t\t\t<\/a>\n\t<\/div>\n<\/div><\/div><\/div><\/div><div id=\"pgc-524-4-1\"  class=\"panel-grid-cell\" ><div id=\"panel-524-4-1-0\" class=\"so-panel widget widget_sow-editor panel-first-child panel-last-child\" data-index=\"9\" ><div class=\"popmake-certificacoes-ohsas-18001 panel-widget-style panel-widget-style-for-524-4-1-0\" ><div\n\t\t\t\n\t\t\tclass=\"so-widget-sow-editor so-widget-sow-editor-base\"\n\t\t\t\n\t\t>\n<div class=\"siteorigin-widget-tinymce textwidget\">\n\t<p><img loading=\"lazy\" decoding=\"async\" class=\"aligncenter wp-image-9721 size-full\" src=\"https:\/\/www.rochalog.com.br\/wp-content\/uploads\/2024\/06\/modelo_certificacao-1.png\" alt=\"\" width=\"400\" height=\"360\" srcset=\"https:\/\/www.rochalog.com.br\/wp-content\/uploads\/2024\/06\/modelo_certificacao-1.png 400w, https:\/\/www.rochalog.com.br\/wp-content\/uploads\/2024\/06\/modelo_certificacao-1-300x270.png 300w, https:\/\/www.rochalog.com.br\/wp-content\/uploads\/2024\/06\/modelo_certificacao-1-13x12.png 13w\" sizes=\"auto, (max-width: 400px) 100vw, 400px\" \/><\/p>\n<\/div>\n<\/div><\/div><\/div><\/div><\/div><\/div><div id=\"pg-524-5\"  class=\"panel-grid panel-has-style\" ><div class=\"siteorigin-panels-stretch panel-row-style panel-row-style-for-524-5\" data-stretch-type=\"full\" ><div id=\"pgc-524-5-0\"  class=\"panel-grid-cell\" ><div id=\"panel-524-5-0-0\" class=\"so-panel widget widget_sow-editor panel-first-child panel-last-child\" data-index=\"10\" ><div class=\"popmake-certificacoes-ohsas-18001 panel-widget-style panel-widget-style-for-524-5-0-0\" ><div\n\t\t\t\n\t\t\tclass=\"so-widget-sow-editor so-widget-sow-editor-base\"\n\t\t\t\n\t\t>\n<div class=\"siteorigin-widget-tinymce textwidget\">\n\t<p><img loading=\"lazy\" decoding=\"async\" class=\"aligncenter wp-image-9723 size-full\" src=\"https:\/\/www.rochalog.com.br\/wp-content\/uploads\/2024\/06\/modelo_certificacao-Recuperado1.png\" alt=\"\" width=\"400\" height=\"360\" srcset=\"https:\/\/www.rochalog.com.br\/wp-content\/uploads\/2024\/06\/modelo_certificacao-Recuperado1.png 400w, https:\/\/www.rochalog.com.br\/wp-content\/uploads\/2024\/06\/modelo_certificacao-Recuperado1-300x270.png 300w, https:\/\/www.rochalog.com.br\/wp-content\/uploads\/2024\/06\/modelo_certificacao-Recuperado1-13x12.png 13w\" sizes=\"auto, (max-width: 400px) 100vw, 400px\" \/><\/p>\n<\/div>\n<\/div><\/div><\/div><\/div><div id=\"pgc-524-5-1\"  class=\"panel-grid-cell\" ><div id=\"panel-524-5-1-0\" class=\"so-panel widget widget_sow-editor panel-first-child\" data-index=\"11\" ><div class=\"fino panel-widget-style panel-widget-style-for-524-5-1-0\" ><div\n\t\t\t\n\t\t\tclass=\"so-widget-sow-editor so-widget-sow-editor-base\"\n\t\t\t\n\t\t>\n<div class=\"siteorigin-widget-tinymce textwidget\">\n\t<p>&nbsp;<\/p>\n<p style=\"text-align: justify;\">A <strong>NBR ISO 45001<\/strong>\u00a0\u00e9 uma norma de Sistema de Gest\u00e3o de Seguran\u00e7a e Sa\u00fade Ocupacional (SGSSO) que visa proteger e assegurar que os colaboradores de uma organiza\u00e7\u00e3o tenham um ambiente de trabalho saud\u00e1vel e seguro, reduzindo e controlando os riscos de acidentes e doen\u00e7as ocupacionais.<\/p>\n<\/div>\n<\/div><\/div><\/div><div id=\"panel-524-5-1-1\" class=\"so-panel widget widget_sow-button panel-last-child\" data-index=\"12\" ><div class=\"align-button-center-mobile panel-widget-style panel-widget-style-for-524-5-1-1\" ><div\n\t\t\t\n\t\t\tclass=\"so-widget-sow-button so-widget-sow-button-flat-414b98093cee-524\"\n\t\t\t\n\t\t><div class=\"ow-button-base ow-button-align-left\"\n>\n\t\t\t<a\n\t\t\t\t\thref=\"https:\/\/www.rochalog.com.br\/wp-content\/uploads\/2024\/06\/M06199-ROCHA-TERMINAIS-PORTUARIOS-E-LOGISTICA-S.A.-ISO31000-0001.pdf\"\n\t\t\t\t\tclass=\"botao-padrao popmake-certificacoes-iso-45001 sowb-button ow-icon-placement-left ow-button-hover\" \t>\n\t\t<span>\n\t\t\t<span class=\"sow-icon-fontawesome sow-fas\" data-sow-icon=\"&#xf002;\"\n\t\tstyle=\"color: #f58220\" \n\t\taria-hidden=\"true\"><\/span>\n\t\t\tClick here to see the certificate\t\t<\/span>\n\t\t\t<\/a>\n\t<\/div>\n<\/div><\/div><\/div><\/div><\/div><\/div><div id=\"pg-524-6\"  class=\"panel-grid panel-has-style\" ><div class=\"siteorigin-panels-stretch panel-row-style panel-row-style-for-524-6\" id=\"botoes_eoa\" data-stretch-type=\"full\" ><div id=\"pgc-524-6-0\"  class=\"panel-grid-cell\" ><div id=\"panel-524-6-0-0\" class=\"so-panel widget widget_sow-editor panel-first-child\" data-index=\"13\" ><div class=\"fino panel-widget-style panel-widget-style-for-524-6-0-0\" ><div\n\t\t\t\n\t\t\tclass=\"so-widget-sow-editor so-widget-sow-editor-base\"\n\t\t\t\n\t\t>\n<div class=\"siteorigin-widget-tinymce textwidget\">\n\t<p><img loading=\"lazy\" decoding=\"async\" class=\"alignnone wp-image-3582\" src=\"https:\/\/www.rochalog.com.br\/wp-content\/uploads\/2018\/09\/logo_AEO-768x384-e1550525656421-300x113.png\" alt=\"AEO - Certificado como OEA (Operador Econ\u00f4mico Autorizado)\" width=\"178\" height=\"67\" srcset=\"https:\/\/www.rochalog.com.br\/wp-content\/uploads\/2018\/09\/logo_AEO-768x384-e1550525656421-300x113.png 300w, https:\/\/www.rochalog.com.br\/wp-content\/uploads\/2018\/09\/logo_AEO-768x384-e1550525656421.png 585w\" sizes=\"auto, (max-width: 178px) 100vw, 178px\" \/><\/p>\n<p style=\"text-align: justify;\">O <strong>Operador Econ\u00f4mico Autorizado (OEA)<\/strong> \u00e9 uma certifica\u00e7\u00e3o emitida pela Receita Federal do Brasil e visa comprovar e validar a avalia\u00e7\u00e3o do processo de gest\u00e3o adotado pelas companhias de com\u00e9rcio exterior para minimizar os riscos existentes em suas opera\u00e7\u00f5es. Ele avalia tanto a confiabilidade do operador, como a seguran\u00e7a aplicada \u00e0 cadeia log\u00edstica e as rela\u00e7\u00f5es tribut\u00e1rias e aduaneiras obrigat\u00f3rias. Nos anos de 2018 e 2019, a ROCHA Terminais Portu\u00e1rios e Log\u00edstica conquistou esta certifica\u00e7\u00e3o para todas as suas unidades de neg\u00f3cio. O que representa um grande reconhecimento nas atividades do Grupo ROCHA.<\/p>\n<\/div>\n<\/div><\/div><\/div><div id=\"panel-524-6-0-1\" class=\"so-panel widget widget_siteorigin-panels-builder\" data-index=\"14\" ><div id=\"botoes_eoa\" class=\"panel-widget-style panel-widget-style-for-524-6-0-1\" ><div id=\"pl-w67d48a1671b6c\"  class=\"panel-layout\" ><div id=\"pg-w67d48a1671b6c-0\"  class=\"panel-grid panel-has-style\" ><div id=\"botoes_eoa\" class=\"panel-row-style panel-row-style-for-w67d48a1671b6c-0\" ><div id=\"pgc-w67d48a1671b6c-0-0\"  class=\"panel-grid-cell\" ><div id=\"panel-w67d48a1671b6c-0-0-0\" class=\"so-panel widget widget_sow-button panel-first-child panel-last-child\" data-index=\"0\" ><div class=\"align-button-center-mobile panel-widget-style panel-widget-style-for-w67d48a1671b6c-0-0-0\" id=\"botoes_eoa\" ><div\n\t\t\t\n\t\t\tclass=\"so-widget-sow-button so-widget-sow-button-flat-7da8146dc9d1\"\n\t\t\t\n\t\t><div class=\"ow-button-base ow-button-align-left\"\n>\n\t\t\t<a\n\t\t\t\t\thref=\"https:\/\/www.rochalog.com.br\/wp-content\/uploads\/2019\/02\/OEAS_AZ9A_ADE_16_de_27.08.2018_Certificado-217.pdf\"\n\t\t\t\t\tclass=\"botao-padrao popmake-certificacao-aeo-az9-correto sowb-button ow-icon-placement-left ow-button-hover\" target=\"_blank\" rel=\"noopener noreferrer\" \t>\n\t\t<span>\n\t\t\t<span class=\"sow-icon-fontawesome sow-fas\" data-sow-icon=\"&#xf002;\"\n\t\tstyle=\"color: #f58220\" \n\t\taria-hidden=\"true\"><\/span>\n\t\t\tAZ9A FACILITY\t\t<\/span>\n\t\t\t<\/a>\n\t<\/div>\n<\/div><\/div><\/div><\/div><div id=\"pgc-w67d48a1671b6c-0-1\"  class=\"panel-grid-cell\" ><div id=\"panel-w67d48a1671b6c-0-1-0\" class=\"so-panel widget widget_sow-button panel-first-child panel-last-child\" data-index=\"1\" ><div class=\"align-button-center-mobile panel-widget-style panel-widget-style-for-w67d48a1671b6c-0-1-0\" id=\"botoes_eoa\" ><div\n\t\t\t\n\t\t\tclass=\"so-widget-sow-button so-widget-sow-button-flat-f351f4d94ad3\"\n\t\t\t\n\t\t><div class=\"ow-button-base ow-button-align-left\"\n>\n\t\t\t<a\n\t\t\t\tclass=\"botao-padrao aeo_porto_seco_2018 sowb-button ow-icon-placement-left ow-button-hover\" \t>\n\t\t<span>\n\t\t\t<span class=\"sow-icon-fontawesome sow-fas\" data-sow-icon=\"&#xf002;\"\n\t\tstyle=\"color: #f58220\" \n\t\taria-hidden=\"true\"><\/span>\n\t\t\tDry Port\t\t<\/span>\n\t\t\t<\/a>\n\t<\/div>\n<\/div><\/div><\/div><\/div><\/div><\/div><div id=\"pg-w67d48a1671b6c-1\"  class=\"panel-grid panel-has-style\" ><div id=\"botoes_eoa\" class=\"panel-row-style panel-row-style-for-w67d48a1671b6c-1\" ><div id=\"pgc-w67d48a1671b6c-1-0\"  class=\"panel-grid-cell\" ><div id=\"panel-w67d48a1671b6c-1-0-0\" class=\"so-panel widget widget_sow-button panel-first-child panel-last-child\" data-index=\"2\" ><div class=\"align-button-center-mobile panel-widget-style panel-widget-style-for-w67d48a1671b6c-1-0-0\" id=\"botoes_eoa\" ><div\n\t\t\t\n\t\t\tclass=\"so-widget-sow-button so-widget-sow-button-flat-f351f4d94ad3\"\n\t\t\t\n\t\t><div class=\"ow-button-base ow-button-align-left\"\n>\n\t\t\t<a\n\t\t\t\tclass=\"botao-padrao aeo_granel_importacao_2018 sowb-button ow-icon-placement-left ow-button-hover\" \t>\n\t\t<span>\n\t\t\t<span class=\"sow-icon-fontawesome sow-fas\" data-sow-icon=\"&#xf002;\"\n\t\tstyle=\"color: #f58220\" \n\t\taria-hidden=\"true\"><\/span>\n\t\t\tImport Bulk\t\t<\/span>\n\t\t\t<\/a>\n\t<\/div>\n<\/div><\/div><\/div><\/div><div id=\"pgc-w67d48a1671b6c-1-1\"  class=\"panel-grid-cell\" ><div id=\"panel-w67d48a1671b6c-1-1-0\" class=\"so-panel widget widget_sow-button panel-first-child panel-last-child\" data-index=\"3\" ><div class=\"align-button-center-mobile panel-widget-style panel-widget-style-for-w67d48a1671b6c-1-1-0\" id=\"botoes_eoa\" ><div\n\t\t\t\n\t\t\tclass=\"so-widget-sow-button so-widget-sow-button-flat-f351f4d94ad3\"\n\t\t\t\n\t\t><div class=\"ow-button-base ow-button-align-left\"\n>\n\t\t\t<a\n\t\t\t\tclass=\"botao-padrao aeo_granel_exportacao_2018 sowb-button ow-icon-placement-left ow-button-hover\" \t>\n\t\t<span>\n\t\t\t<span class=\"sow-icon-fontawesome sow-fas\" data-sow-icon=\"&#xf002;\"\n\t\tstyle=\"color: #f58220\" \n\t\taria-hidden=\"true\"><\/span>\n\t\t\tExport Bulk\t\t<\/span>\n\t\t\t<\/a>\n\t<\/div>\n<\/div><\/div><\/div><\/div><\/div><\/div><div id=\"pg-w67d48a1671b6c-2\"  class=\"panel-grid panel-has-style\" ><div id=\"botoes_eoa\" class=\"panel-row-style panel-row-style-for-w67d48a1671b6c-2\" ><div id=\"pgc-w67d48a1671b6c-2-0\"  class=\"panel-grid-cell panel-grid-cell-mobile-last\" ><div id=\"panel-w67d48a1671b6c-2-0-0\" class=\"so-panel widget widget_sow-button panel-first-child panel-last-child\" data-index=\"4\" ><div class=\"align-button-center-mobile panel-widget-style panel-widget-style-for-w67d48a1671b6c-2-0-0\" id=\"botoes_eoa\" ><div\n\t\t\t\n\t\t\tclass=\"so-widget-sow-button so-widget-sow-button-flat-f351f4d94ad3\"\n\t\t\t\n\t\t><div class=\"ow-button-base ow-button-align-left\"\n>\n\t\t\t<a\n\t\t\t\tclass=\"botao-padrao aeo_operacoes_portuarias_2018 sowb-button ow-icon-placement-left ow-button-hover\" \t>\n\t\t<span>\n\t\t\t<span class=\"sow-icon-fontawesome sow-fas\" data-sow-icon=\"&#xf002;\"\n\t\tstyle=\"color: #f58220\" \n\t\taria-hidden=\"true\"><\/span>\n\t\t\tPort Operations\t\t<\/span>\n\t\t\t<\/a>\n\t<\/div>\n<\/div><\/div><\/div><\/div><div id=\"pgc-w67d48a1671b6c-2-1\"  class=\"panel-grid-cell panel-grid-cell-empty\" ><\/div><\/div><\/div><\/div><\/div><\/div><div id=\"panel-524-6-0-2\" class=\"so-panel widget widget_sow-editor panel-last-child\" data-index=\"15\" ><div class=\"fino panel-widget-style panel-widget-style-for-524-6-0-2\" ><div\n\t\t\t\n\t\t\tclass=\"so-widget-sow-editor so-widget-sow-editor-base\"\n\t\t\t\n\t\t>\n<div class=\"siteorigin-widget-tinymce textwidget\">\n\t<p>&nbsp;<\/p>\n<\/div>\n<\/div><\/div><\/div><\/div><div id=\"pgc-524-6-1\"  class=\"panel-grid-cell\" ><div id=\"panel-524-6-1-0\" class=\"so-panel widget widget_sow-editor panel-first-child panel-last-child\" data-index=\"16\" ><div\n\t\t\t\n\t\t\tclass=\"so-widget-sow-editor so-widget-sow-editor-base\"\n\t\t\t\n\t\t>\n<div class=\"siteorigin-widget-tinymce textwidget\">\n\t<p><img loading=\"lazy\" decoding=\"async\" class=\"aligncenter wp-image-9722 size-full\" src=\"https:\/\/www.rochalog.com.br\/wp-content\/uploads\/2024\/06\/modelo_timeline-RecuperadoOEA.png\" alt=\"\" width=\"360\" height=\"301\" srcset=\"https:\/\/www.rochalog.com.br\/wp-content\/uploads\/2024\/06\/modelo_timeline-RecuperadoOEA.png 360w, https:\/\/www.rochalog.com.br\/wp-content\/uploads\/2024\/06\/modelo_timeline-RecuperadoOEA-300x251.png 300w, https:\/\/www.rochalog.com.br\/wp-content\/uploads\/2024\/06\/modelo_timeline-RecuperadoOEA-14x12.png 14w\" sizes=\"auto, (max-width: 360px) 100vw, 360px\" \/><\/p>\n<\/div>\n<\/div><\/div><\/div><\/div><\/div><div id=\"pg-524-7\"  class=\"panel-grid panel-has-style\" ><div class=\"siteorigin-panels-stretch panel-row-style panel-row-style-for-524-7\" data-stretch-type=\"full\" ><div id=\"pgc-524-7-0\"  class=\"panel-grid-cell\" ><\/div><\/div><\/div><div id=\"pg-524-8\"  class=\"panel-grid panel-has-style\" ><div class=\"barras siteorigin-panels-stretch panel-row-style panel-row-style-for-524-8\" data-stretch-type=\"full\" ><div id=\"pgc-524-8-0\"  class=\"panel-grid-cell panel-grid-cell-empty\" ><\/div><\/div><\/div><\/div>","protected":false},"excerpt":{"rendered":"<p>Certifica\u00e7\u00f5es Nosso Sistema de Gest\u00e3o Integrado \u00e9 certificado. Com engajamento de todo o nosso time, conquistamos importantes certifica\u00e7\u00f5es na \u00e1rea [&hellip;]<\/p>","protected":false},"author":1,"featured_media":0,"parent":0,"menu_order":0,"comment_status":"closed","ping_status":"closed","template":"templates\/template-full-notitle.php","meta":{"footnotes":""},"class_list":["post-524","page","type-page","status-publish","hentry","post"],"aioseo_notices":[],"jetpack_sharing_enabled":true,"_links":{"self":[{"href":"https:\/\/www.rochalog.com.br\/en\/wp-json\/wp\/v2\/pages\/524","targetHints":{"allow":["GET"]}}],"collection":[{"href":"https:\/\/www.rochalog.com.br\/en\/wp-json\/wp\/v2\/pages"}],"about":[{"href":"https:\/\/www.rochalog.com.br\/en\/wp-json\/wp\/v2\/types\/page"}],"author":[{"embeddable":true,"href":"https:\/\/www.rochalog.com.br\/en\/wp-json\/wp\/v2\/users\/1"}],"replies":[{"embeddable":true,"href":"https:\/\/www.rochalog.com.br\/en\/wp-json\/wp\/v2\/comments?post=524"}],"version-history":[{"count":1,"href":"https:\/\/www.rochalog.com.br\/en\/wp-json\/wp\/v2\/pages\/524\/revisions"}],"predecessor-version":[{"id":10021,"href":"https:\/\/www.rochalog.com.br\/en\/wp-json\/wp\/v2\/pages\/524\/revisions\/10021"}],"wp:attachment":[{"href":"https:\/\/www.rochalog.com.br\/en\/wp-json\/wp\/v2\/media?parent=524"}],"curies":[{"name":"wp","href":"https:\/\/api.w.org\/{rel}","templated":true}]}}