{"id":4475,"date":"2019-03-13T10:18:52","date_gmt":"2019-03-13T13:18:52","guid":{"rendered":"http:\/\/pontodesign.com.br\/clientes\/rocha\/site\/?page_id=4475"},"modified":"2025-05-29T14:40:56","modified_gmt":"2025-05-29T17:40:56","slug":"home","status":"publish","type":"page","link":"https:\/\/www.rochalog.com.br\/en\/","title":{"rendered":"HOME"},"content":{"rendered":"<div id=\"pl-4475\"  class=\"panel-layout\" ><div id=\"pg-4475-0\"  class=\"panel-grid panel-has-style\" ><div class=\"areas_de_negocio_home siteorigin-panels-stretch panel-row-style panel-row-style-for-4475-0\" id=\"areas_de_negocio_home\" data-stretch-type=\"full-width-stretch\" ><div id=\"pgc-4475-0-0\"  class=\"panel-grid-cell\" ><div class=\"areas_de_negocio_home panel-cell-style panel-cell-style-for-4475-0-0\" ><div id=\"panel-4475-0-0-0\" class=\"so-panel widget widget_siteorigin-panels-builder panel-first-child panel-last-child\" data-index=\"0\" ><div class=\"panel-widget-style panel-widget-style-for-4475-0-0-0\" ><div id=\"pl-w61c1c1acc8a36\"  class=\"panel-layout\" ><div id=\"pg-w61c1c1acc8a36-0\"  class=\"panel-grid panel-no-style\" ><div id=\"pgc-w61c1c1acc8a36-0-0\"  class=\"panel-grid-cell\" ><\/div><\/div><\/div><\/div><\/div><\/div><\/div><\/div><\/div><div id=\"pg-4475-1\"  class=\"panel-grid panel-no-style\" ><div id=\"pgc-4475-1-0\"  class=\"panel-grid-cell\" ><div id=\"panel-4475-1-0-0\" class=\"so-panel widget widget_siteorigin-panels-builder panel-first-child\" data-index=\"1\" ><div class=\"panel-widget-style panel-widget-style-for-4475-1-0-0\" ><div id=\"pl-w61c1c1acc905e\"  class=\"panel-layout\" ><div id=\"pg-w61c1c1acc905e-0\"  class=\"panel-grid panel-has-style\" ><div class=\"siteorigin-panels-stretch panel-row-style panel-row-style-for-w61c1c1acc905e-0\" data-stretch-type=\"full\" ><div id=\"pgc-w61c1c1acc905e-0-0\"  class=\"panel-grid-cell\" ><div id=\"panel-w61c1c1acc905e-0-0-0\" class=\"so-panel widget widget_sow-editor panel-first-child\" data-index=\"0\" ><div class=\"texto_introducao panel-widget-style panel-widget-style-for-w61c1c1acc905e-0-0-0\" id=\"texto_introducao\" ><div\n\t\t\t\n\t\t\tclass=\"so-widget-sow-editor so-widget-sow-editor-base\"\n\t\t\t\n\t\t>\n<div class=\"siteorigin-widget-tinymce textwidget\">\n\t<h1 style=\"text-align: center;\"><span style=\"font-size: 24pt;\"><strong>LOGISTICS AND PORT OPERATIONS TAKEN TO A HIGHER <\/strong><\/span><span style=\"font-size: 24pt;\"><strong>LEVEL OF EFFICIENCY.<\/strong><\/span><\/h1>\n<\/div>\n<\/div><\/div><\/div><div id=\"panel-w61c1c1acc905e-0-0-1\" class=\"so-panel widget widget_sow-editor panel-last-child\" data-index=\"1\" ><div class=\"panel-widget-style panel-widget-style-for-w61c1c1acc905e-0-0-1\" ><div\n\t\t\t\n\t\t\tclass=\"so-widget-sow-editor so-widget-sow-editor-base\"\n\t\t\t\n\t\t>\n<div class=\"siteorigin-widget-tinymce textwidget\">\n\t<p style=\"text-align: center;\">A specialized team, <em>first class control software joined with strong principles of social responsibility<\/em> corporate model, compliance and transparency, enable us to provide high quality and dependable Port Logistic services with reliability and performance.<\/p>\n<\/div>\n<\/div><\/div><\/div><\/div><\/div><\/div><\/div><\/div><\/div><div id=\"panel-4475-1-0-1\" class=\"so-panel widget widget_siteorigin-panels-builder panel-last-child\" data-index=\"2\" ><div class=\"botoes_home_saiba_mais panel-widget-style panel-widget-style-for-4475-1-0-1\" id=\"botoes_home_saiba_mais\" ><div id=\"pl-w646e70e0bc28a\"  class=\"panel-layout\" ><div id=\"pg-w646e70e0bc28a-0\"  class=\"panel-grid panel-no-style\" ><div id=\"pgc-w646e70e0bc28a-0-0\"  class=\"panel-grid-cell\" ><div id=\"panel-w646e70e0bc28a-0-0-0\" class=\"so-panel widget widget_sow-button panel-first-child panel-last-child\" data-index=\"0\" ><div class=\"btn-portal panel-widget-style panel-widget-style-for-w646e70e0bc28a-0-0-0\" ><div\n\t\t\t\n\t\t\tclass=\"so-widget-sow-button so-widget-sow-button-flat-d432bb8e8f1f\"\n\t\t\t\n\t\t><div class=\"ow-button-base ow-button-align-center\"\n>\n\t\t\t<a\n\t\t\t\t\thref=\"https:\/\/www.rochalog.com.br\/en\/quem-somos\/\"\n\t\t\t\t\tclass=\"sowb-button ow-icon-placement-left ow-button-hover\" \t>\n\t\t<span>\n\t\t\t\n\t\t\tLearn more about ROCHA\t\t<\/span>\n\t\t\t<\/a>\n\t<\/div>\n<\/div><\/div><\/div><\/div><div id=\"pgc-w646e70e0bc28a-0-1\"  class=\"panel-grid-cell\" ><div id=\"panel-w646e70e0bc28a-0-1-0\" class=\"so-panel widget widget_sow-button panel-first-child panel-last-child\" data-index=\"1\" ><div class=\"btn-portal panel-widget-style panel-widget-style-for-w646e70e0bc28a-0-1-0\" ><div\n\t\t\t\n\t\t\tclass=\"so-widget-sow-button so-widget-sow-button-flat-d432bb8e8f1f\"\n\t\t\t\n\t\t><div class=\"ow-button-base ow-button-align-center\"\n>\n\t\t\t<a\n\t\t\t\t\thref=\"https:\/\/www.rochalog.com.br\/en\/negocios-e-investidas\/\"\n\t\t\t\t\tclass=\"sowb-button ow-icon-placement-left ow-button-hover\" \t>\n\t\t<span>\n\t\t\t\n\t\t\tMeet our Partnerships\t\t<\/span>\n\t\t\t<\/a>\n\t<\/div>\n<\/div><\/div><\/div><\/div><\/div><\/div><\/div><\/div><\/div><\/div><div id=\"pg-4475-2\"  class=\"panel-grid panel-has-style\" ><div class=\"bg-degrade-cinza siteorigin-panels-stretch panel-row-style panel-row-style-for-4475-2\" data-stretch-type=\"full\" ><div id=\"pgc-4475-2-0\"  class=\"panel-grid-cell\" ><div id=\"panel-4475-2-0-0\" class=\"widget_text so-panel widget widget_custom_html panel-first-child panel-last-child\" data-index=\"3\" ><div class=\"widget_text panel-widget-style panel-widget-style-for-4475-2-0-0\" ><div class=\"textwidget custom-html-widget\"><iframe loading=\"lazy\" id=\"video_home\" class=\"video_home\" width=\"700\" height=\"380\" src=\"https:\/\/www.youtube.com\/embed\/mbn4ecuDlT0?si=Ouw9HUBW-s8fO9hl\" frameborder=\"0\" allow=\"accelerometer; autoplay; encrypted-media; gyroscope; picture-in-picture\" allowfullscreen><\/iframe><\/div><\/div><\/div><\/div><div id=\"pgc-4475-2-1\"  class=\"panel-grid-cell\" ><div id=\"panel-4475-2-1-0\" class=\"so-panel widget widget_siteorigin-panels-builder panel-first-child panel-last-child\" data-index=\"4\" ><div class=\"div_botoes_home panel-widget-style panel-widget-style-for-4475-2-1-0\" id=\"div_botoes_home\" ><div id=\"pl-w5cf7d35b6628a\"  class=\"panel-layout\" ><div id=\"pg-w5cf7d35b6628a-0\"  class=\"panel-grid panel-has-style\" ><div class=\"linha_icone_home panel-row-style panel-row-style-for-w5cf7d35b6628a-0\" id=\"linha_icone_home\" ><div id=\"pgc-w5cf7d35b6628a-0-0\"  class=\"panel-grid-cell\" ><div id=\"panel-w5cf7d35b6628a-0-0-0\" class=\"so-panel widget widget_sow-image panel-first-child panel-last-child\" data-index=\"0\" ><div class=\"obj_imagem_icone_home panel-widget-style panel-widget-style-for-w5cf7d35b6628a-0-0-0\" id=\"obj_imagem_icone_home\" ><div\n\t\t\t\n\t\t\tclass=\"so-widget-sow-image so-widget-sow-image-default-113ccd71f3e6\"\n\t\t\t\n\t\t>\n<div class=\"sow-image-container\">\n\t\t\t<a href=\"https:\/\/www.rochalog.com.br\/en\/unidades-de-negocio-2\/granel-de-exportacao\/\"\n\t\t\t\t\t>\n\t\t\t<img \n\tsrc=\"https:\/\/www.rochalog.com.br\/wp-content\/uploads\/2019\/05\/icones_julho_2019_0000_3.png\" width=\"134\" height=\"134\" sizes=\"(max-width: 134px) 100vw, 134px\" title=\"Rocha &#8211; Granel de Exporta\u00e7\u00e3o\" alt=\"Rocha - Granel de Exporta\u00e7\u00e3o\" \t\tclass=\"so-widget-image\"\/>\n\t\t\t<\/a><\/div>\n\n<\/div><\/div><\/div><\/div><div id=\"pgc-w5cf7d35b6628a-0-1\"  class=\"panel-grid-cell\" ><div id=\"panel-w5cf7d35b6628a-0-1-0\" class=\"so-panel widget widget_sow-editor panel-first-child panel-last-child\" data-index=\"1\" ><div class=\"texto_home_area panel-widget-style panel-widget-style-for-w5cf7d35b6628a-0-1-0\" id=\"texto_home_area\" ><div\n\t\t\t\n\t\t\tclass=\"so-widget-sow-editor so-widget-sow-editor-base\"\n\t\t\t\n\t\t>\n<div class=\"siteorigin-widget-tinymce textwidget\">\n\t<h1 style=\"color: #ffffff; font-size: 1.3em; font-weight: bold; text-align: left;\"><span style=\"color: #ff6600; font-size: 12pt;\"><a style=\"color: #ff6600;\" href=\"https:\/\/www.rochalog.com.br\/en\/unidades-de-negocio-2\/granel-de-exportacao\/\">Export Bulk<\/a><\/span><\/h1>\n<\/div>\n<\/div><\/div><\/div><\/div><\/div><\/div><div id=\"pg-w5cf7d35b6628a-1\"  class=\"panel-grid panel-has-style\" ><div class=\"linha_separador_home panel-row-style panel-row-style-for-w5cf7d35b6628a-1\" id=\"linha_separador_home\" ><div id=\"pgc-w5cf7d35b6628a-1-0\"  class=\"panel-grid-cell\" ><div id=\"panel-w5cf7d35b6628a-1-0-0\" class=\"widget_text so-panel widget widget_custom_html panel-first-child panel-last-child\" data-index=\"2\" ><div class=\"widget_text panel-widget-style panel-widget-style-for-w5cf7d35b6628a-1-0-0\" ><div class=\"textwidget custom-html-widget\"><hr\/><\/div><\/div><\/div><\/div><\/div><\/div><div id=\"pg-w5cf7d35b6628a-2\"  class=\"panel-grid panel-has-style\" ><div class=\"linha_icone_home panel-row-style panel-row-style-for-w5cf7d35b6628a-2\" id=\"linha_icone_home\" ><div id=\"pgc-w5cf7d35b6628a-2-0\"  class=\"panel-grid-cell\" ><div id=\"panel-w5cf7d35b6628a-2-0-0\" class=\"so-panel widget widget_sow-image panel-first-child panel-last-child\" data-index=\"3\" ><div class=\"obj_imagem_icone_home panel-widget-style panel-widget-style-for-w5cf7d35b6628a-2-0-0\" id=\"obj_imagem_icone_home\" ><div\n\t\t\t\n\t\t\tclass=\"so-widget-sow-image so-widget-sow-image-default-113ccd71f3e6\"\n\t\t\t\n\t\t>\n<div class=\"sow-image-container\">\n\t\t\t<a href=\"https:\/\/www.rochalog.com.br\/en\/unidades-de-negocio-2\/granel-de-importacao\/\"\n\t\t\t\t\t>\n\t\t\t<img \n\tsrc=\"https:\/\/www.rochalog.com.br\/wp-content\/uploads\/2019\/03\/icones_julho_2019_0001_2.png\" width=\"134\" height=\"134\" sizes=\"(max-width: 134px) 100vw, 134px\" title=\"Rocha &#8211; Granel de Importa\u00e7\u00e3o\" alt=\"Rocha - Granel de Importa\u00e7\u00e3o\" \t\tclass=\"so-widget-image\"\/>\n\t\t\t<\/a><\/div>\n\n<\/div><\/div><\/div><\/div><div id=\"pgc-w5cf7d35b6628a-2-1\"  class=\"panel-grid-cell\" ><div id=\"panel-w5cf7d35b6628a-2-1-0\" class=\"so-panel widget widget_sow-editor panel-first-child panel-last-child\" data-index=\"4\" ><div class=\"texto_home_area panel-widget-style panel-widget-style-for-w5cf7d35b6628a-2-1-0\" id=\"texto_home_area\" ><div\n\t\t\t\n\t\t\tclass=\"so-widget-sow-editor so-widget-sow-editor-base\"\n\t\t\t\n\t\t>\n<div class=\"siteorigin-widget-tinymce textwidget\">\n\t<h1 style=\"color: #ffffff; font-size: 1.3em; font-weight: bold; text-align: left;\"><span style=\"color: #ff6600; font-size: 12pt;\"><a style=\"color: #ff6600;\" href=\"https:\/\/www.rochalog.com.br\/en\/unidades-de-negocio-2\/granel-de-importacao\/\">Import Bulk<\/a><\/span><\/h1>\n<\/div>\n<\/div><\/div><\/div><\/div><\/div><\/div><div id=\"pg-w5cf7d35b6628a-3\"  class=\"panel-grid panel-has-style\" ><div class=\"linha_separador_home panel-row-style panel-row-style-for-w5cf7d35b6628a-3\" id=\"linha_separador_home\" ><div id=\"pgc-w5cf7d35b6628a-3-0\"  class=\"panel-grid-cell\" ><div id=\"panel-w5cf7d35b6628a-3-0-0\" class=\"widget_text so-panel widget widget_custom_html panel-first-child panel-last-child\" data-index=\"5\" ><div class=\"widget_text panel-widget-style panel-widget-style-for-w5cf7d35b6628a-3-0-0\" ><div class=\"textwidget custom-html-widget\"><hr\/><\/div><\/div><\/div><\/div><\/div><\/div><div id=\"pg-w5cf7d35b6628a-4\"  class=\"panel-grid panel-has-style\" ><div class=\"linha_icone_home panel-row-style panel-row-style-for-w5cf7d35b6628a-4\" id=\"linha_icone_home\" ><div id=\"pgc-w5cf7d35b6628a-4-0\"  class=\"panel-grid-cell\" ><div id=\"panel-w5cf7d35b6628a-4-0-0\" class=\"so-panel widget widget_sow-image panel-first-child panel-last-child\" data-index=\"6\" ><div class=\"obj_imagem_icone_home panel-widget-style panel-widget-style-for-w5cf7d35b6628a-4-0-0\" id=\"obj_imagem_icone_home\" ><div\n\t\t\t\n\t\t\tclass=\"so-widget-sow-image so-widget-sow-image-default-113ccd71f3e6\"\n\t\t\t\n\t\t>\n<div class=\"sow-image-container\">\n\t\t\t<a href=\"https:\/\/www.rochalog.com.br\/en\/unidades-de-negocio-2\/porto-seco-e-industrializados\/\"\n\t\t\t\t\t>\n\t\t\t<img \n\tsrc=\"https:\/\/www.rochalog.com.br\/wp-content\/uploads\/2019\/03\/icones_julho_2019_0002_1.png\" width=\"134\" height=\"134\" sizes=\"(max-width: 134px) 100vw, 134px\" title=\"Rocha &#8211; Industrializados\" alt=\"Rocha - Industrializados\" \t\tclass=\"so-widget-image\"\/>\n\t\t\t<\/a><\/div>\n\n<\/div><\/div><\/div><\/div><div id=\"pgc-w5cf7d35b6628a-4-1\"  class=\"panel-grid-cell\" ><div id=\"panel-w5cf7d35b6628a-4-1-0\" class=\"so-panel widget widget_sow-editor panel-first-child panel-last-child\" data-index=\"7\" ><div class=\"texto_home_area panel-widget-style panel-widget-style-for-w5cf7d35b6628a-4-1-0\" id=\"texto_home_area\" ><div\n\t\t\t\n\t\t\tclass=\"so-widget-sow-editor so-widget-sow-editor-base\"\n\t\t\t\n\t\t>\n<div class=\"siteorigin-widget-tinymce textwidget\">\n\t<h1 style=\"color: #ffffff; font-size: 1.3em; font-weight: bold; text-align: left;\"><span style=\"color: #ff6600; font-size: 12pt;\"><a style=\"color: #ff6600;\" href=\"https:\/\/www.rochalog.com.br\/en\/unidades-de-negocio-2\/porto-seco-e-industrializados\/\">Industrialized<\/a><\/span><\/h1>\n<\/div>\n<\/div><\/div><\/div><\/div><\/div><\/div><\/div><\/div><\/div><\/div><\/div><\/div><div id=\"pg-4475-3\"  class=\"panel-grid panel-has-style\" ><div class=\"siteorigin-panels-stretch panel-row-style panel-row-style-for-4475-3\" data-stretch-type=\"full\" ><div id=\"pgc-4475-3-0\"  class=\"panel-grid-cell\" ><div id=\"panel-4475-3-0-0\" class=\"so-panel widget widget_sow-editor panel-first-child panel-last-child\" data-index=\"5\" ><div class=\"panel-widget-style panel-widget-style-for-4475-3-0-0\" ><div\n\t\t\t\n\t\t\tclass=\"so-widget-sow-editor so-widget-sow-editor-base\"\n\t\t\t\n\t\t>\n<div class=\"siteorigin-widget-tinymce textwidget\">\n\t<p><strong>\u00a0News ROCHA<\/strong><\/p>\n<div class=\"pt-cv-wrapper\">\n<div class=\"pt-cv-view pt-cv-grid pt-cv-colsys pt-cv-same-height pt-cv-content-hover pt-cv-clickable pt-cv-force-mask pt-cv-overlay-bottom botao_noticias\" id=\"pt-cv-view-4cd6708m21\">\n<div data-id=\"pt-cv-page-1\" class=\"pt-cv-page\" data-cvc=\"3\" data-cvct=\"2\" data-cvcm=\"1\">\n<div class=\"col-md-4 col-sm-6 col-xs-12 pt-cv-content-item pt-cv-1-col\"  data-pid=\"10098\">\n<div class='pt-cv-ifield'>\n<div class=\"pt-cv-hover-wrapper\"><a href=\"https:\/\/www.rochalog.com.br\/en\/tarifa-unidade-de-santana-ap\/\" class=\"_self pt-cv-href-thumbnail pt-cv-thumb-default cvplbd\" target=\"_self\" ><img loading=\"lazy\" decoding=\"async\" width=\"600\" height=\"400\" src=\"https:\/\/www.rochalog.com.br\/wp-content\/uploads\/2026\/02\/Porto-Santana-600x400.jpeg\" class=\"pt-cv-thumbnail img-none\" alt=\"Tarifa Unidade de Santana (AP)\" srcset=\"https:\/\/www.rochalog.com.br\/wp-content\/uploads\/2026\/02\/Porto-Santana-600x400.jpeg 600w, https:\/\/www.rochalog.com.br\/wp-content\/uploads\/2026\/02\/Porto-Santana-272x182.jpeg 272w\" sizes=\"auto, (max-width: 600px) 100vw, 600px\" \/><\/a><\/p>\n<div class=\"pt-cv-mask\">\n<div class=\"pt-cv-animation-left pt-cv-content\">\n<div class=\"pt-cv-rmwrap\"><a href=\"https:\/\/www.rochalog.com.br\/en\/tarifa-unidade-de-santana-ap\/\" class=\"_self pt-cv-readmore btn btn-success cvplbd\" target=\"_self\">Leia Mais<\/a><\/div>\n<\/div>\n<h4 class=\"pt-cv-animation-right pt-cv-title\"><a href=\"https:\/\/www.rochalog.com.br\/en\/tarifa-unidade-de-santana-ap\/\" class=\"_self cvplbd\" target=\"_self\" >Tarifa Unidade de Santana (AP)<\/a><\/h4>\n<div class=\"pt-cv-animation-left pt-cv-meta-fields\"><span class=\"entry-date\"> <time datetime=\"2026-02-10T17:30:06-03:00\">10 de February de 2026<\/time><\/span><\/div>\n<\/div>\n<\/div>\n<\/div>\n<\/div>\n<div class=\"col-md-4 col-sm-6 col-xs-12 pt-cv-content-item pt-cv-1-col\"  data-pid=\"10089\">\n<div class='pt-cv-ifield'>\n<div class=\"pt-cv-hover-wrapper\"><a href=\"https:\/\/www.rochalog.com.br\/en\/162-anos-de-rocha-do-seculo-xix-aos-corredores-logisticos-continentais-relembre-a-nossa-historia-ao-longo-desse-tempo\/\" class=\"_self pt-cv-href-thumbnail pt-cv-thumb-default cvplbd\" target=\"_self\" ><img loading=\"lazy\" decoding=\"async\" width=\"600\" height=\"400\" src=\"https:\/\/www.rochalog.com.br\/wp-content\/uploads\/2018\/04\/nossa-historia-slider-01-600x400.jpg\" class=\"pt-cv-thumbnail img-none\" alt=\"162 anos de Rocha | Do s\u00e9culo XIX aos corredores log\u00edsticos continentais, relembre a nossa hist\u00f3ria ao longo desse tempo\" srcset=\"https:\/\/www.rochalog.com.br\/wp-content\/uploads\/2018\/04\/nossa-historia-slider-01-600x400.jpg 600w, https:\/\/www.rochalog.com.br\/wp-content\/uploads\/2018\/04\/nossa-historia-slider-01-272x182.jpg 272w\" sizes=\"auto, (max-width: 600px) 100vw, 600px\" \/><\/a><\/p>\n<div class=\"pt-cv-mask\">\n<div class=\"pt-cv-animation-left pt-cv-content\">\n<div class=\"pt-cv-rmwrap\"><a href=\"https:\/\/www.rochalog.com.br\/en\/162-anos-de-rocha-do-seculo-xix-aos-corredores-logisticos-continentais-relembre-a-nossa-historia-ao-longo-desse-tempo\/\" class=\"_self pt-cv-readmore btn btn-success cvplbd\" target=\"_self\">Leia Mais<\/a><\/div>\n<\/div>\n<h4 class=\"pt-cv-animation-right pt-cv-title\"><a href=\"https:\/\/www.rochalog.com.br\/en\/162-anos-de-rocha-do-seculo-xix-aos-corredores-logisticos-continentais-relembre-a-nossa-historia-ao-longo-desse-tempo\/\" class=\"_self cvplbd\" target=\"_self\" >162 anos de Rocha | Do s\u00e9culo XIX aos corredores log\u00edsticos continentais, relembre a nossa hist\u00f3ria ao longo desse tempo<\/a><\/h4>\n<div class=\"pt-cv-animation-left pt-cv-meta-fields\"><span class=\"entry-date\"> <time datetime=\"2026-01-29T14:41:59-03:00\">29 de January de 2026<\/time><\/span><\/div>\n<\/div>\n<\/div>\n<\/div>\n<\/div>\n<div class=\"col-md-4 col-sm-6 col-xs-12 pt-cv-content-item pt-cv-1-col\"  data-pid=\"10083\">\n<div class='pt-cv-ifield'>\n<div class=\"pt-cv-hover-wrapper\"><a href=\"https:\/\/www.rochalog.com.br\/en\/ajuste-tarifario-do-az9a-atualizacao-de-tarifas-a-partir-de-janeiro-de-2026\/\" class=\"_self pt-cv-href-thumbnail pt-cv-thumb-default cvplbd\" target=\"_self\" ><img loading=\"lazy\" decoding=\"async\" width=\"600\" height=\"400\" src=\"https:\/\/www.rochalog.com.br\/wp-content\/uploads\/2026\/01\/az9_imagens-600x400.png\" class=\"pt-cv-thumbnail img-none\" alt=\"Ajuste Tarif\u00e1rio do AZ9A: atualiza\u00e7\u00e3o de Tarifas a partir de janeiro de 2026\" srcset=\"https:\/\/www.rochalog.com.br\/wp-content\/uploads\/2026\/01\/az9_imagens-600x400.png 600w, https:\/\/www.rochalog.com.br\/wp-content\/uploads\/2026\/01\/az9_imagens-16x12.png 16w, https:\/\/www.rochalog.com.br\/wp-content\/uploads\/2026\/01\/az9_imagens-272x182.png 272w\" sizes=\"auto, (max-width: 600px) 100vw, 600px\" \/><\/a><\/p>\n<div class=\"pt-cv-mask\">\n<div class=\"pt-cv-animation-left pt-cv-content\">\n<div class=\"pt-cv-rmwrap\"><a href=\"https:\/\/www.rochalog.com.br\/en\/ajuste-tarifario-do-az9a-atualizacao-de-tarifas-a-partir-de-janeiro-de-2026\/\" class=\"_self pt-cv-readmore btn btn-success cvplbd\" target=\"_self\">Leia Mais<\/a><\/div>\n<\/div>\n<h4 class=\"pt-cv-animation-right pt-cv-title\"><a href=\"https:\/\/www.rochalog.com.br\/en\/ajuste-tarifario-do-az9a-atualizacao-de-tarifas-a-partir-de-janeiro-de-2026\/\" class=\"_self cvplbd\" target=\"_self\" >Ajuste Tarif\u00e1rio do AZ9A: atualiza\u00e7\u00e3o de Tarifas a partir de janeiro de 2026<\/a><\/h4>\n<div class=\"pt-cv-animation-left pt-cv-meta-fields\"><span class=\"entry-date\"> <time datetime=\"2026-01-05T15:20:14-03:00\">5 de January de 2026<\/time><\/span><\/div>\n<\/div>\n<\/div>\n<\/div>\n<\/div>\n<\/div>\n<\/div>\n<\/div>\n<style type=\"text\/css\" id=\"pt-cv-inline-style-217af50fmj\">#pt-cv-view-4cd6708m21.pt-cv-post-border .pt-cv-content-item   { border-top-style: solid; border-left-style: solid; }\n#pt-cv-view-4cd6708m21 .pt-cv-title a, #pt-cv-view-4cd6708m21  .panel-title { color: #ffffff !important; font-weight: 600 !important; }\n#pt-cv-view-4cd6708m21  .pt-cv-hover-wrapper::before   { background-color: rgba(0,0,0,.3) !important; }\n#pt-cv-view-4cd6708m21  .pt-cv-content-item:hover .pt-cv-hover-wrapper::before   { background-color: rgba(40,40,40,0.74) !important; }\n#pt-cv-view-4cd6708m21:not(.pt-cv-nohover) .pt-cv-mask *   { color: #000000; }\n#pt-cv-view-4cd6708m21 .pt-cv-carousel-caption  { background-color: rgba(51,51,51,.6) !important; }\n#pt-cv-view-4cd6708m21 .pt-cv-meta-fields *:not(.glyphicon) { color: #ffffff !important; }\n#pt-cv-view-4cd6708m21 .pt-cv-specialp * { color: #fff !important; background-color: #CC3333 !important; }\n#pt-cv-view-4cd6708m21 .pt-cv-pficon  { color: #bbb !important; }\n#pt-cv-view-4cd6708m21  .add_to_cart_button, #pt-cv-view-4cd6708m21  .add_to_cart_button *   { color: #ffffff !important; background-color: #00aeef !important; }\n#pt-cv-view-4cd6708m21  .woocommerce-onsale   { color: #ffffff !important; background-color: #ff5a5f !important; }\n#pt-cv-view-4cd6708m21 .pt-cv-readmore  { color: #ffffff !important; background-color: #f58220 !important; }\n#pt-cv-view-4cd6708m21 .pt-cv-readmore:hover  { color: #ffffff !important; background-color: #f58220 !important; }\n#pt-cv-view-4cd6708m21  + .pt-cv-pagination-wrapper .pt-cv-more , #pt-cv-view-4cd6708m21  + .pt-cv-pagination-wrapper .pagination .active a { color: #ffffff !important; background-color: #00aeef !important; }\n[id^='pt-cv-filter-bar-4cd6708m21'] .active.pt-cv-filter-option, [id^='pt-cv-filter-bar-4cd6708m21'] .active .pt-cv-filter-option, [id^='pt-cv-filter-bar-4cd6708m21'] .selected.pt-cv-filter-option, [id^='pt-cv-filter-bar-4cd6708m21'] .dropdown-toggle   { color: #fff !important; background-color: #00aeef !important; }\n[id^='pt-cv-filter-bar-4cd6708m21'] .pt-cv-filter-title   { color: #fff !important; background-color: #00aeef !important; }\n#pt-cv-gls-4cd6708m21 li a.pt-active   { color: #fff !important; background-color: #ff5a5f !important; }\n#pt-cv-view-4cd6708m21 .pt-cv-gls-header  { color: #fff !important; background-color: #00aeef !important; }<\/style><\/p>\n<\/div>\n<\/div><\/div><\/div><\/div><\/div><\/div><div id=\"pg-4475-4\"  class=\"panel-grid panel-has-style\" ><div class=\"panel-row-style panel-row-style-for-4475-4\" ><div id=\"pgc-4475-4-0\"  class=\"panel-grid-cell\" ><div id=\"panel-4475-4-0-0\" class=\"so-panel widget widget_siteorigin-panels-builder panel-first-child panel-last-child\" data-index=\"6\" ><div class=\"panel-widget-style panel-widget-style-for-4475-4-0-0\" ><div id=\"pl-w67cefd01ba1cb\"  class=\"panel-layout\" ><div id=\"pg-w67cefd01ba1cb-0\"  class=\"panel-grid panel-has-style\" ><div class=\"contato_home_linha panel-row-style panel-row-style-for-w67cefd01ba1cb-0\" id=\"contato_home_linha\" ><div id=\"pgc-w67cefd01ba1cb-0-0\"  class=\"panel-grid-cell\" ><div id=\"panel-w67cefd01ba1cb-0-0-0\" class=\"so-panel widget widget_sow-editor panel-first-child panel-last-child\" data-index=\"0\" ><div class=\"contato_home panel-widget-style panel-widget-style-for-w67cefd01ba1cb-0-0-0\" id=\"contato_home\" ><div\n\t\t\t\n\t\t\tclass=\"so-widget-sow-editor so-widget-sow-editor-base\"\n\t\t\t\n\t\t>\n<div class=\"siteorigin-widget-tinymce textwidget\">\n\t<p style=\"margin-bottom: 2px;\"><img loading=\"lazy\" decoding=\"async\" class=\"alignnone size-full wp-image-170\" src=\"https:\/\/www.rochalog.com.br\/wp-content\/uploads\/2018\/03\/icon-map-laranja_novo3.png\" alt=\"\" width=\"16\" height=\"22\" \/> <strong><span style=\"color: #f58220;\">Paranagu\u00e1 | Matriz<br \/>\n<\/span><\/strong>R. Jo\u00e3o Eug\u00eanio, 922<br \/>\nBairro: Centro<br \/>\nCEP: 83203-400<br \/>\n<strong>+55 (41) 3420-2300<span style=\"color: #ffffff;\">.<\/span><\/strong><\/p>\n<\/div>\n<\/div><\/div><\/div><\/div><div id=\"pgc-w67cefd01ba1cb-0-1\"  class=\"panel-grid-cell\" ><div id=\"panel-w67cefd01ba1cb-0-1-0\" class=\"so-panel widget widget_sow-editor panel-first-child panel-last-child\" data-index=\"1\" ><div class=\"contato_home panel-widget-style panel-widget-style-for-w67cefd01ba1cb-0-1-0\" id=\"contato_home\" ><div\n\t\t\t\n\t\t\tclass=\"so-widget-sow-editor so-widget-sow-editor-base\"\n\t\t\t\n\t\t>\n<div class=\"siteorigin-widget-tinymce textwidget\">\n\t<p style=\"margin-bottom: 2px;\"><img loading=\"lazy\" decoding=\"async\" class=\"alignnone size-full wp-image-170\" src=\"https:\/\/www.rochalog.com.br\/wp-content\/uploads\/2018\/03\/icon-map-laranja_novo3.png\" alt=\"\" width=\"16\" height=\"22\" \/> <strong><span style=\"color: #f58220;\">Curitiba<br \/>\n<\/span><\/strong>R. Comendador Ara\u00fajo, 143. 14\u00ba And. Conj. 145<br \/>\nBairro: Centro<br \/>\nCEP: 80420-900<br \/>\n<strong>+55 (41) 3420-2300<\/strong><\/p>\n<\/div>\n<\/div><\/div><\/div><\/div><div id=\"pgc-w67cefd01ba1cb-0-2\"  class=\"panel-grid-cell\" ><div id=\"panel-w67cefd01ba1cb-0-2-0\" class=\"so-panel widget widget_sow-editor panel-first-child panel-last-child\" data-index=\"2\" ><div class=\"contato_home panel-widget-style panel-widget-style-for-w67cefd01ba1cb-0-2-0\" id=\"contato_home\" ><div\n\t\t\t\n\t\t\tclass=\"so-widget-sow-editor so-widget-sow-editor-base\"\n\t\t\t\n\t\t>\n<div class=\"siteorigin-widget-tinymce textwidget\">\n\t<p style=\"margin-bottom: 2px;\"><img loading=\"lazy\" decoding=\"async\" class=\"alignnone size-full wp-image-170\" src=\"https:\/\/www.rochalog.com.br\/wp-content\/uploads\/2018\/03\/icon-map-laranja_novo3.png\" alt=\"\" width=\"16\" height=\"22\" \/> <strong><span style=\"color: #f58220;\">S\u00e3o Francisco do Sul<br \/>\n<\/span><\/strong>Rodovia Duque de Caxias, KM 2,5<br \/>\nBairro: Iperoba<br \/>\nCEP: 89240-000<br \/>\n<strong>+55 (47) 3471-1800<\/strong><\/p>\n<\/div>\n<\/div><\/div><\/div><\/div><\/div><\/div><\/div><\/div><\/div><\/div><\/div><\/div><div id=\"pg-4475-5\"  class=\"panel-grid panel-has-style\" ><div class=\"barras siteorigin-panels-stretch panel-row-style panel-row-style-for-4475-5\" data-stretch-type=\"full\" ><div id=\"pgc-4475-5-0\"  class=\"panel-grid-cell\" ><\/div><\/div><\/div><\/div>","protected":false},"excerpt":{"rendered":"<p>LOG\u00cdSTICA E OPERA\u00c7\u00d5ES PORTU\u00c1RIAS ELEVADAS A UM OUTRO N\u00cdVEL DE EFICI\u00caNCIA. Equipe especializada, softwares de controle de \u00faltima gera\u00e7\u00e3o aliados [&hellip;]<\/p>","protected":false},"author":1,"featured_media":0,"parent":0,"menu_order":0,"comment_status":"closed","ping_status":"closed","template":"templates\/template-full-notitle.php","meta":{"footnotes":""},"class_list":["post-4475","page","type-page","status-publish","hentry","post"],"aioseo_notices":[],"jetpack_sharing_enabled":true,"_links":{"self":[{"href":"https:\/\/www.rochalog.com.br\/en\/wp-json\/wp\/v2\/pages\/4475","targetHints":{"allow":["GET"]}}],"collection":[{"href":"https:\/\/www.rochalog.com.br\/en\/wp-json\/wp\/v2\/pages"}],"about":[{"href":"https:\/\/www.rochalog.com.br\/en\/wp-json\/wp\/v2\/types\/page"}],"author":[{"embeddable":true,"href":"https:\/\/www.rochalog.com.br\/en\/wp-json\/wp\/v2\/users\/1"}],"replies":[{"embeddable":true,"href":"https:\/\/www.rochalog.com.br\/en\/wp-json\/wp\/v2\/comments?post=4475"}],"version-history":[{"count":5,"href":"https:\/\/www.rochalog.com.br\/en\/wp-json\/wp\/v2\/pages\/4475\/revisions"}],"predecessor-version":[{"id":10043,"href":"https:\/\/www.rochalog.com.br\/en\/wp-json\/wp\/v2\/pages\/4475\/revisions\/10043"}],"wp:attachment":[{"href":"https:\/\/www.rochalog.com.br\/en\/wp-json\/wp\/v2\/media?parent=4475"}],"curies":[{"name":"wp","href":"https:\/\/api.w.org\/{rel}","templated":true}]}}