{"id":409,"date":"2018-03-22T13:28:36","date_gmt":"2018-03-22T16:28:36","guid":{"rendered":"http:\/\/pontodesign.com.br\/clientes\/rocha\/site\/?page_id=409"},"modified":"2022-06-28T13:46:07","modified_gmt":"2022-06-28T16:46:07","slug":"tecnologias","status":"publish","type":"page","link":"https:\/\/www.rochalog.com.br\/en\/tecnologias\/","title":{"rendered":"Technology"},"content":{"rendered":"<div id=\"pl-409\"  class=\"panel-layout\" ><div id=\"pg-409-0\"  class=\"panel-grid panel-has-style\" ><div class=\"rocha-banner siteorigin-panels-stretch panel-row-style panel-row-style-for-409-0\" id=\"rocha-banner\" data-stretch-type=\"full-stretched\" ><div id=\"pgc-409-0-0\"  class=\"panel-grid-cell panel-grid-cell-empty\" ><\/div><\/div><\/div><div id=\"pg-409-1\"  class=\"panel-grid panel-has-style\" ><div class=\"siteorigin-panels-stretch panel-row-style panel-row-style-for-409-1\" data-stretch-type=\"full\" ><div id=\"pgc-409-1-0\"  class=\"panel-grid-cell\" ><div id=\"panel-409-1-0-0\" class=\"so-panel widget widget_sow-editor panel-first-child panel-last-child\" data-index=\"0\" ><div\n\t\t\t\n\t\t\tclass=\"so-widget-sow-editor so-widget-sow-editor-base\"\n\t\t\t\n\t\t>\n<div class=\"siteorigin-widget-tinymce textwidget\">\n\t<h1 style=\"margin-bottom: 0;\">Technology<\/h1>\n<p style=\"margin-top: 3px;\"><strong>Always innovating, focusing on good practices and continuous process improvement.<\/strong><\/p>\n<p>ROCHA always seeks the most appropriate solutions for information management using first class control software in all of the group\u2019s companies. The objective is to meet the legal requirements of Brazilian Customs and other government agencies related to the sector, as well as to ensure the integrity, availability and reliability of information and total asset security during all stages of cargo clearance and operations involving customer products and inventories.<\/p>\n<p>Some business intelligence, management control and automation systems have been acquired and enhanced by collaborating with the world's top software companies.<em>Business Intelligence<\/em>have been acquired and enhanced through partnerships with the best <em>software<\/em> companies in the world.<\/p>\n<p>To meet even more personalized and rapid demands, in some situations specific system solutions were developed and implemented thanks to ROCHA's own Information Technology team.<\/p>\n<p>As a result, the group today is operationally capable to take quick and direct action in problem solving. In turn, our customers have the ability to track all cargo cases step by step online, including scheduling uploads through the web. <em>on-line <\/em>todas as etapas dos processos, inclusive o agendamento de carregamentos via WEB.<\/p>\n<\/div>\n<\/div><\/div><\/div><\/div><\/div><div id=\"pg-409-2\"  class=\"panel-grid panel-has-style\" ><div class=\"siteorigin-panels-stretch panel-row-style panel-row-style-for-409-2\" data-stretch-type=\"full\" ><div id=\"pgc-409-2-0\"  class=\"panel-grid-cell\" ><div id=\"panel-409-2-0-0\" class=\"so-panel widget widget_shortcodes-ultimate shortcodes-ultimate panel-first-child panel-last-child\" data-index=\"1\" ><div class=\"panel-widget-style panel-widget-style-for-409-2-0-0\" ><div class=\"textwidget\"><div class=\"su-image-carousel  su-image-carousel-columns-3 su-image-carousel-has-spacing su-image-carousel-crop su-image-carousel-crop-4-3 su-image-carousel-has-outline su-image-carousel-adaptive su-image-carousel-slides-style-photo su-image-carousel-controls-style-light su-image-carousel-align-center\" style=\"\" data-flickity-options='{\"groupCells\":true,\"cellSelector\":\".su-image-carousel-item\",\"adaptiveHeight\":false,\"cellAlign\":\"left\",\"prevNextButtons\":true,\"pageDots\":true,\"autoPlay\":5000,\"imagesLoaded\":true,\"contain\":true,\"selectedAttraction\":0.025000000000000001387778780781445675529539585113525390625,\"friction\":0.2800000000000000266453525910037569701671600341796875}' id=\"su_image_carousel_69f1e90370fc7\"><div class=\"su-image-carousel-item\"><div class=\"su-image-carousel-item-content\"><a href=\"https:\/\/www.rochalog.com.br\/wp-content\/uploads\/2018\/04\/rocha-tecnologia-slider-11.jpg\" data-caption=\"\"><img loading=\"lazy\" decoding=\"async\" width=\"720\" height=\"540\" src=\"https:\/\/www.rochalog.com.br\/wp-content\/uploads\/2018\/04\/rocha-tecnologia-slider-11.jpg\" class=\"\" alt=\"\" srcset=\"https:\/\/www.rochalog.com.br\/wp-content\/uploads\/2018\/04\/rocha-tecnologia-slider-11.jpg 800w, https:\/\/www.rochalog.com.br\/wp-content\/uploads\/2018\/04\/rocha-tecnologia-slider-11-300x225.jpg 300w, https:\/\/www.rochalog.com.br\/wp-content\/uploads\/2018\/04\/rocha-tecnologia-slider-11-768x576.jpg 768w\" sizes=\"auto, (max-width: 720px) 100vw, 720px\" \/><\/a><\/div><\/div><div class=\"su-image-carousel-item\"><div class=\"su-image-carousel-item-content\"><a href=\"https:\/\/www.rochalog.com.br\/wp-content\/uploads\/2018\/04\/rocha-tecnologia-slider-03.jpg\" data-caption=\"\"><img loading=\"lazy\" decoding=\"async\" width=\"720\" height=\"540\" src=\"https:\/\/www.rochalog.com.br\/wp-content\/uploads\/2018\/04\/rocha-tecnologia-slider-03.jpg\" class=\"\" alt=\"\" srcset=\"https:\/\/www.rochalog.com.br\/wp-content\/uploads\/2018\/04\/rocha-tecnologia-slider-03.jpg 800w, https:\/\/www.rochalog.com.br\/wp-content\/uploads\/2018\/04\/rocha-tecnologia-slider-03-300x225.jpg 300w, https:\/\/www.rochalog.com.br\/wp-content\/uploads\/2018\/04\/rocha-tecnologia-slider-03-768x576.jpg 768w\" sizes=\"auto, (max-width: 720px) 100vw, 720px\" \/><\/a><\/div><\/div><div class=\"su-image-carousel-item\"><div class=\"su-image-carousel-item-content\"><a href=\"https:\/\/www.rochalog.com.br\/wp-content\/uploads\/2018\/04\/rocha-tecnologia-slider-04.jpg\" data-caption=\"\"><img loading=\"lazy\" decoding=\"async\" width=\"720\" height=\"540\" src=\"https:\/\/www.rochalog.com.br\/wp-content\/uploads\/2018\/04\/rocha-tecnologia-slider-04.jpg\" class=\"\" alt=\"\" srcset=\"https:\/\/www.rochalog.com.br\/wp-content\/uploads\/2018\/04\/rocha-tecnologia-slider-04.jpg 800w, https:\/\/www.rochalog.com.br\/wp-content\/uploads\/2018\/04\/rocha-tecnologia-slider-04-300x225.jpg 300w, https:\/\/www.rochalog.com.br\/wp-content\/uploads\/2018\/04\/rocha-tecnologia-slider-04-768x576.jpg 768w\" sizes=\"auto, (max-width: 720px) 100vw, 720px\" \/><\/a><\/div><\/div><div class=\"su-image-carousel-item\"><div class=\"su-image-carousel-item-content\"><a href=\"https:\/\/www.rochalog.com.br\/wp-content\/uploads\/2019\/04\/rocha-tecnologia-slider-09_0001_2.png\" data-caption=\"\"><img loading=\"lazy\" decoding=\"async\" width=\"720\" height=\"540\" src=\"https:\/\/www.rochalog.com.br\/wp-content\/uploads\/2019\/04\/rocha-tecnologia-slider-09_0001_2.png\" class=\"\" alt=\"Rocha - Imagens Carrossel\" srcset=\"https:\/\/www.rochalog.com.br\/wp-content\/uploads\/2019\/04\/rocha-tecnologia-slider-09_0001_2.png 800w, https:\/\/www.rochalog.com.br\/wp-content\/uploads\/2019\/04\/rocha-tecnologia-slider-09_0001_2-300x225.png 300w, https:\/\/www.rochalog.com.br\/wp-content\/uploads\/2019\/04\/rocha-tecnologia-slider-09_0001_2-768x576.png 768w\" sizes=\"auto, (max-width: 720px) 100vw, 720px\" \/><\/a><\/div><\/div><div class=\"su-image-carousel-item\"><div class=\"su-image-carousel-item-content\"><a href=\"https:\/\/www.rochalog.com.br\/wp-content\/uploads\/2018\/04\/rocha-tecnologia-slider-05.jpg\" data-caption=\"\"><img loading=\"lazy\" decoding=\"async\" width=\"720\" height=\"540\" src=\"https:\/\/www.rochalog.com.br\/wp-content\/uploads\/2018\/04\/rocha-tecnologia-slider-05.jpg\" class=\"\" alt=\"\" srcset=\"https:\/\/www.rochalog.com.br\/wp-content\/uploads\/2018\/04\/rocha-tecnologia-slider-05.jpg 800w, https:\/\/www.rochalog.com.br\/wp-content\/uploads\/2018\/04\/rocha-tecnologia-slider-05-300x225.jpg 300w, https:\/\/www.rochalog.com.br\/wp-content\/uploads\/2018\/04\/rocha-tecnologia-slider-05-768x576.jpg 768w\" sizes=\"auto, (max-width: 720px) 100vw, 720px\" \/><\/a><\/div><\/div><div class=\"su-image-carousel-item\"><div class=\"su-image-carousel-item-content\"><a href=\"https:\/\/www.rochalog.com.br\/wp-content\/uploads\/2018\/04\/rocha-tecnologia-slider-07.jpg\" data-caption=\"\"><img loading=\"lazy\" decoding=\"async\" width=\"720\" height=\"540\" src=\"https:\/\/www.rochalog.com.br\/wp-content\/uploads\/2018\/04\/rocha-tecnologia-slider-07.jpg\" class=\"\" alt=\"\" srcset=\"https:\/\/www.rochalog.com.br\/wp-content\/uploads\/2018\/04\/rocha-tecnologia-slider-07.jpg 800w, https:\/\/www.rochalog.com.br\/wp-content\/uploads\/2018\/04\/rocha-tecnologia-slider-07-300x225.jpg 300w, https:\/\/www.rochalog.com.br\/wp-content\/uploads\/2018\/04\/rocha-tecnologia-slider-07-768x576.jpg 768w\" sizes=\"auto, (max-width: 720px) 100vw, 720px\" \/><\/a><\/div><\/div><div class=\"su-image-carousel-item\"><div class=\"su-image-carousel-item-content\"><a href=\"https:\/\/www.rochalog.com.br\/wp-content\/uploads\/2018\/04\/rocha-tecnologia-slider-08.jpg\" data-caption=\"\"><img loading=\"lazy\" decoding=\"async\" width=\"720\" height=\"540\" src=\"https:\/\/www.rochalog.com.br\/wp-content\/uploads\/2018\/04\/rocha-tecnologia-slider-08.jpg\" class=\"\" alt=\"\" srcset=\"https:\/\/www.rochalog.com.br\/wp-content\/uploads\/2018\/04\/rocha-tecnologia-slider-08.jpg 800w, https:\/\/www.rochalog.com.br\/wp-content\/uploads\/2018\/04\/rocha-tecnologia-slider-08-300x225.jpg 300w, https:\/\/www.rochalog.com.br\/wp-content\/uploads\/2018\/04\/rocha-tecnologia-slider-08-768x576.jpg 768w\" sizes=\"auto, (max-width: 720px) 100vw, 720px\" \/><\/a><\/div><\/div><div class=\"su-image-carousel-item\"><div class=\"su-image-carousel-item-content\"><a href=\"https:\/\/www.rochalog.com.br\/wp-content\/uploads\/2018\/04\/rocha-tecnologia-slider-09.jpg\" data-caption=\"\"><img loading=\"lazy\" decoding=\"async\" width=\"720\" height=\"540\" src=\"https:\/\/www.rochalog.com.br\/wp-content\/uploads\/2018\/04\/rocha-tecnologia-slider-09.jpg\" class=\"\" alt=\"\" srcset=\"https:\/\/www.rochalog.com.br\/wp-content\/uploads\/2018\/04\/rocha-tecnologia-slider-09.jpg 800w, https:\/\/www.rochalog.com.br\/wp-content\/uploads\/2018\/04\/rocha-tecnologia-slider-09-300x225.jpg 300w, https:\/\/www.rochalog.com.br\/wp-content\/uploads\/2018\/04\/rocha-tecnologia-slider-09-768x576.jpg 768w\" sizes=\"auto, (max-width: 720px) 100vw, 720px\" \/><\/a><\/div><\/div><div class=\"su-image-carousel-item\"><div class=\"su-image-carousel-item-content\"><a href=\"https:\/\/www.rochalog.com.br\/wp-content\/uploads\/2019\/04\/rocha-tecnologia-slider-09_0000_1.png\" data-caption=\"\"><img loading=\"lazy\" decoding=\"async\" width=\"720\" height=\"540\" src=\"https:\/\/www.rochalog.com.br\/wp-content\/uploads\/2019\/04\/rocha-tecnologia-slider-09_0000_1.png\" class=\"\" alt=\"Rocha - Imagens Carrossel\" srcset=\"https:\/\/www.rochalog.com.br\/wp-content\/uploads\/2019\/04\/rocha-tecnologia-slider-09_0000_1.png 800w, https:\/\/www.rochalog.com.br\/wp-content\/uploads\/2019\/04\/rocha-tecnologia-slider-09_0000_1-300x225.png 300w, https:\/\/www.rochalog.com.br\/wp-content\/uploads\/2019\/04\/rocha-tecnologia-slider-09_0000_1-768x576.png 768w\" sizes=\"auto, (max-width: 720px) 100vw, 720px\" \/><\/a><\/div><\/div><\/div><script id=\"su_image_carousel_69f1e90370fc7_script\">if(window.SUImageCarousel){setTimeout(function() {window.SUImageCarousel.initGallery(document.getElementById(\"su_image_carousel_69f1e90370fc7\"))}, 0);}var su_image_carousel_69f1e90370fc7_script=document.getElementById(\"su_image_carousel_69f1e90370fc7_script\");if(su_image_carousel_69f1e90370fc7_script){su_image_carousel_69f1e90370fc7_script.parentNode.removeChild(su_image_carousel_69f1e90370fc7_script);}<\/script><\/div><\/div><\/div><\/div><\/div><\/div><div id=\"pg-409-3\"  class=\"panel-grid panel-has-style\" ><div class=\"siteorigin-panels-stretch panel-row-style panel-row-style-for-409-3\" data-stretch-type=\"full\" ><div id=\"pgc-409-3-0\"  class=\"panel-grid-cell\" ><\/div><\/div><\/div><div id=\"pg-409-4\"  class=\"panel-grid panel-has-style\" ><div class=\"barras siteorigin-panels-stretch panel-row-style panel-row-style-for-409-4\" data-stretch-type=\"full\" ><div id=\"pgc-409-4-0\"  class=\"panel-grid-cell panel-grid-cell-empty\" ><\/div><\/div><\/div><\/div>","protected":false},"excerpt":{"rendered":"<p>Tecnologia Investimento constante em inova\u00e7\u00e3o e nas melhores solu\u00e7\u00f5es tecnol\u00f3gicas. A ROCHA busca constantemente as solu\u00e7\u00f5es mais adequadas para a [&hellip;]<\/p>","protected":false},"author":1,"featured_media":7069,"parent":0,"menu_order":0,"comment_status":"closed","ping_status":"closed","template":"templates\/template-full-notitle.php","meta":{"footnotes":""},"class_list":["post-409","page","type-page","status-publish","has-post-thumbnail","hentry","post","post-with-thumbnail","post-with-thumbnail-large"],"aioseo_notices":[],"jetpack_sharing_enabled":true,"_links":{"self":[{"href":"https:\/\/www.rochalog.com.br\/en\/wp-json\/wp\/v2\/pages\/409","targetHints":{"allow":["GET"]}}],"collection":[{"href":"https:\/\/www.rochalog.com.br\/en\/wp-json\/wp\/v2\/pages"}],"about":[{"href":"https:\/\/www.rochalog.com.br\/en\/wp-json\/wp\/v2\/types\/page"}],"author":[{"embeddable":true,"href":"https:\/\/www.rochalog.com.br\/en\/wp-json\/wp\/v2\/users\/1"}],"replies":[{"embeddable":true,"href":"https:\/\/www.rochalog.com.br\/en\/wp-json\/wp\/v2\/comments?post=409"}],"version-history":[{"count":0,"href":"https:\/\/www.rochalog.com.br\/en\/wp-json\/wp\/v2\/pages\/409\/revisions"}],"wp:featuredmedia":[{"embeddable":true,"href":"https:\/\/www.rochalog.com.br\/en\/wp-json\/wp\/v2\/media\/7069"}],"wp:attachment":[{"href":"https:\/\/www.rochalog.com.br\/en\/wp-json\/wp\/v2\/media?parent=409"}],"curies":[{"name":"wp","href":"https:\/\/api.w.org\/{rel}","templated":true}]}}