{"id":269,"date":"2018-03-21T17:25:49","date_gmt":"2018-03-21T20:25:49","guid":{"rendered":"http:\/\/pontodesign.com.br\/clientes\/rocha\/site\/?page_id=269"},"modified":"2023-10-16T09:56:15","modified_gmt":"2023-10-16T12:56:15","slug":"quem-somos","status":"publish","type":"page","link":"https:\/\/www.rochalog.com.br\/en\/quem-somos\/","title":{"rendered":"Who we are"},"content":{"rendered":"<div id=\"pl-269\"  class=\"panel-layout\" ><div id=\"pg-269-0\"  class=\"panel-grid panel-has-style\" ><div class=\"rocha-banner siteorigin-panels-stretch panel-row-style panel-row-style-for-269-0\" id=\"rocha-banner\" data-stretch-type=\"full-stretched\" ><div id=\"pgc-269-0-0\"  class=\"panel-grid-cell panel-grid-cell-empty\" ><\/div><\/div><\/div><div id=\"pg-269-1\"  class=\"panel-grid panel-has-style\" ><div class=\"siteorigin-panels-stretch panel-row-style panel-row-style-for-269-1\" data-stretch-type=\"full\" ><div id=\"pgc-269-1-0\"  class=\"panel-grid-cell\" ><div id=\"panel-269-1-0-0\" class=\"so-panel widget widget_sow-editor panel-first-child panel-last-child\" data-index=\"0\" ><div\n\t\t\t\n\t\t\tclass=\"so-widget-sow-editor so-widget-sow-editor-base\"\n\t\t\t\n\t\t>\n<div class=\"siteorigin-widget-tinymce textwidget\">\n\t<h1 style=\"margin-bottom: 0;\">Who we are<\/h1>\n<p style=\"margin-top: 3px;\"><strong>We are committed to the values of the company.<\/strong><\/p>\n<\/div>\n<\/div><\/div><\/div><\/div><\/div><div id=\"pg-269-2\"  class=\"panel-grid panel-has-style\" ><div class=\"siteorigin-panels-stretch panel-row-style panel-row-style-for-269-2\" data-stretch-type=\"full\" ><div id=\"pgc-269-2-0\"  class=\"panel-grid-cell\" ><div id=\"panel-269-2-0-0\" class=\"so-panel widget widget_sow-editor panel-first-child panel-last-child\" data-index=\"1\" ><div class=\"panel-widget-style panel-widget-style-for-269-2-0-0\" ><div\n\t\t\t\n\t\t\tclass=\"so-widget-sow-editor so-widget-sow-editor-base\"\n\t\t\t\n\t\t>\n<div class=\"siteorigin-widget-tinymce textwidget\">\n\t<p style=\"text-align: justify;\">For over 155 years, we have built our history on professional ethics as well as acknowledging the dedication of our collaborators and continuous support from our customers resulting in recognition as one of the main and most modern port logistic company\u2019s in the country.<\/p>\n<p style=\"text-align: justify;\">Com ampla atua\u00e7\u00e3o no setor de log\u00edstica portu\u00e1ria e retro portu\u00e1ria, nos destacamos nos servi\u00e7os de movimenta\u00e7\u00e3o e armazenagem de gran\u00e9is s\u00f3lidos e l\u00edquidos, de importa\u00e7\u00e3o e exporta\u00e7\u00e3o, produtos sider\u00fargicos, celulose, cargas gerais conteinerizadas e big bags, bem como cargas de projeto, seja atrav\u00e9s de nossas unidades de neg\u00f3cios ou empresas investidas em que detemos participa\u00e7\u00f5es societ\u00e1rias (Cattalini, FullPort e COPI).<\/p>\n<p style=\"text-align: justify;\">Additional services are offered with a focus on integrated logistical solutions such as cargo operations management and customs brokerage. Our team is highly specialized and attend to each operation with solid values and compliance by conducting each operation in a tailor made manner taking into account the requirements and standards of our principals.<\/p>\n<p style=\"text-align: justify;\">Among our main activities We would like to highlight as follows:<\/p>\n<p style=\"text-align: justify;\">\u00bb Import export port operation services for liquid and solid bulk cargo, project cargo, cellulose and general cargo;<\/p>\n<p style=\"text-align: justify;\">\u00bb Warehousing and cargo handling of solid bulk export cargos (soybeans, maize, meal) and solid bulk import cargos (barley, malt, fertilizers, salt, wheat) attending customs bonded warehouses as authorized by the Brazilian health regulatory agency (Anvisa) (medicines, cosmetics, provisions) in addition to general cargo warehouses;<\/p>\n<p style=\"text-align: justify;\">\u00bb Port operation and tankage for liquid bulk cargos (vegetable oils, chemicals and petroleum products;<\/p>\n<p style=\"text-align: justify;\">\u00bb Stuffing and storage of solid bulk in big bags;<\/p>\n<p style=\"text-align: justify;\">\u00bb Customs brokerage of import and export cargos;<\/p>\n<p style=\"text-align: justify;\">\u00bb Cargo handling;<\/p>\n<p style=\"text-align: justify;\">\u00bb Planejamento de Opera\u00e7\u00f5es Log\u00edsticas Integradas.<\/p>\n<p style=\"text-align: justify;\">We are present at main world renowned ports such as Paranagu\u00e1 \u2013 PR, S\u00e3o Francisco do Sul \u2013 SC, Rio Grande \u2013 RG and Itaqui \u2013 MA, offering first class services in line with high operation standards focusing on production, efficiency, health and safety practices.<\/p>\n<p style=\"text-align: justify;\">Throughout this website you will be able to know us better. Welcome to Rocha!<\/p>\n<\/div>\n<\/div><\/div><\/div><\/div><div id=\"pgc-269-2-1\"  class=\"panel-grid-cell panel-grid-cell-empty\" ><\/div><div id=\"pgc-269-2-2\"  class=\"panel-grid-cell\" ><div id=\"panel-269-2-2-0\" class=\"so-panel widget widget_sow-editor panel-first-child\" data-index=\"2\" ><div\n\t\t\t\n\t\t\tclass=\"so-widget-sow-editor so-widget-sow-editor-base\"\n\t\t\t\n\t\t>\n<div class=\"siteorigin-widget-tinymce textwidget\">\n\t<p><iframe loading=\"lazy\" src=\"https:\/\/www.youtube.com\/embed\/ZGn1fl5vm3o\" width=\"560\" height=\"310\" frameborder=\"0\" allowfullscreen=\"allowfullscreen\"><\/iframe><\/p>\n<\/div>\n<\/div><\/div><div id=\"panel-269-2-2-1\" class=\"so-panel widget widget_sow-editor\" data-index=\"3\" ><div class=\"title-no-margin panel-widget-style panel-widget-style-for-269-2-2-1\" ><div\n\t\t\t\n\t\t\tclass=\"so-widget-sow-editor so-widget-sow-editor-base\"\n\t\t\t\n\t\t>\n<div class=\"siteorigin-widget-tinymce textwidget\">\n\t<h5 style=\"margin-bottom: 0px; text-align: justify;\">Our Mission:<\/h5>\n<p style=\"text-align: justify;\">To exceed our customers expectations by offering the best logistic solutions through constant investment in people and process development.<\/p>\n<\/div>\n<\/div><\/div><\/div><div id=\"panel-269-2-2-2\" class=\"so-panel widget widget_sow-editor\" data-index=\"4\" ><div class=\"title-no-margin panel-widget-style panel-widget-style-for-269-2-2-2\" ><div\n\t\t\t\n\t\t\tclass=\"so-widget-sow-editor so-widget-sow-editor-base\"\n\t\t\t\n\t\t>\n<div class=\"siteorigin-widget-tinymce textwidget\">\n\t<h5 style=\"margin-bottom: 0px; text-align: justify;\">Our Vision:<\/h5>\n<p style=\"text-align: justify;\">To be a national reference brand and leader in integrated port logistic solutions, resulting in added value for our customers, employees and shareholders.<\/p>\n<\/div>\n<\/div><\/div><\/div><div id=\"panel-269-2-2-3\" class=\"so-panel widget widget_sow-editor\" data-index=\"5\" ><div class=\"ul-lista-rocha title-no-margin panel-widget-style panel-widget-style-for-269-2-2-3\" ><div\n\t\t\t\n\t\t\tclass=\"so-widget-sow-editor so-widget-sow-editor-base\"\n\t\t\t\n\t\t>\n<div class=\"siteorigin-widget-tinymce textwidget\">\n\t<h5>Our Values:<\/h5>\n<p>\u2022 Ethics;<br \/>\n\u2022 Commitment to the needs of our customers and employees;<br \/>\n\u2022 Creativity and simplicity;<br \/>\n\u2022 Quality in the execution of our services;<br \/>\n\u2022 Respect and environment conservation;<br \/>\n\u2022 Teamwork;<br \/>\n\u2022 Transparency and effective communication<\/p>\n<\/div>\n<\/div><\/div><\/div><div id=\"panel-269-2-2-4\" class=\"so-panel widget widget_sow-editor panel-last-child\" data-index=\"6\" ><div class=\"ul-lista-rocha title-no-margin panel-widget-style panel-widget-style-for-269-2-2-4\" ><div\n\t\t\t\n\t\t\tclass=\"so-widget-sow-editor so-widget-sow-editor-base\"\n\t\t\t\n\t\t>\n<div class=\"siteorigin-widget-tinymce textwidget\">\n\t<h5 style=\"text-align: justify;\">Pol\u00edtica do Sistema de Gest\u00e3o Integrado SGI<\/h5>\n<p style=\"text-align: justify;\">A ROCHA tem como compromisso prestar servi\u00e7os de log\u00edstica, armazenamento e opera\u00e7\u00f5es portu\u00e1rias para graneis s\u00f3lidos e produtos industrializados, que atendam \u00e0s demandas dos clientes de forma sustent\u00e1vel, seguindo as seguintes diretrizes:<\/p>\n<p style=\"text-align: justify;\">\u2022 Prover condi\u00e7\u00f5es de trabalho seguras e saud\u00e1veis, garantindo a integridade dos envolvidos na opera\u00e7\u00e3o atrav\u00e9s da mitiga\u00e7\u00e3o dos perigos e redu\u00e7\u00e3o dos riscos;<\/p>\n<p style=\"text-align: justify;\">\u2022 Atender a legisla\u00e7\u00e3o e os requisitos aplic\u00e1veis das partes interessadas, melhorando continuamente o sistema de gest\u00e3o integrado;<\/p>\n<p style=\"text-align: justify;\">\u2022 Proteger o meio ambiente, prevenindo a polui\u00e7\u00e3o atrav\u00e9s da elimina\u00e7\u00e3o e redu\u00e7\u00e3o dos impactos ambientais;<\/p>\n<p style=\"text-align: justify;\">\u2022 Promover a consulta e participa\u00e7\u00e3o dos trabalhadores no sistema de gest\u00e3o integrado;<\/p>\n<p style=\"text-align: justify;\">\u2022 Propiciar, dentro dos princ\u00edpios elencados, um retorno justo e seguro ao capital investido dos acionistas.<\/p>\n<p>&nbsp;<\/p>\n<\/div>\n<\/div><\/div><\/div><\/div><\/div><\/div><div id=\"pg-269-3\"  class=\"panel-grid panel-has-style\" ><div class=\"siteorigin-panels-stretch panel-row-style panel-row-style-for-269-3\" data-stretch-type=\"full\" ><div id=\"pgc-269-3-0\"  class=\"panel-grid-cell\" ><\/div><\/div><\/div><\/div>","protected":false},"excerpt":{"rendered":"<p>Quem Somos Somos comprometidos com nossos valores<\/p>","protected":false},"author":1,"featured_media":0,"parent":0,"menu_order":0,"comment_status":"closed","ping_status":"closed","template":"templates\/template-full-notitle.php","meta":{"footnotes":""},"class_list":["post-269","page","type-page","status-publish","hentry","post"],"aioseo_notices":[],"jetpack_sharing_enabled":true,"_links":{"self":[{"href":"https:\/\/www.rochalog.com.br\/en\/wp-json\/wp\/v2\/pages\/269","targetHints":{"allow":["GET"]}}],"collection":[{"href":"https:\/\/www.rochalog.com.br\/en\/wp-json\/wp\/v2\/pages"}],"about":[{"href":"https:\/\/www.rochalog.com.br\/en\/wp-json\/wp\/v2\/types\/page"}],"author":[{"embeddable":true,"href":"https:\/\/www.rochalog.com.br\/en\/wp-json\/wp\/v2\/users\/1"}],"replies":[{"embeddable":true,"href":"https:\/\/www.rochalog.com.br\/en\/wp-json\/wp\/v2\/comments?post=269"}],"version-history":[{"count":0,"href":"https:\/\/www.rochalog.com.br\/en\/wp-json\/wp\/v2\/pages\/269\/revisions"}],"wp:attachment":[{"href":"https:\/\/www.rochalog.com.br\/en\/wp-json\/wp\/v2\/media?parent=269"}],"curies":[{"name":"wp","href":"https:\/\/api.w.org\/{rel}","templated":true}]}}