{"id":2238,"date":"2018-05-02T17:08:19","date_gmt":"2018-05-02T20:08:19","guid":{"rendered":"http:\/\/pontodesign.com.br\/clientes\/rocha\/site\/?page_id=2238"},"modified":"2022-06-28T13:39:26","modified_gmt":"2022-06-28T16:39:26","slug":"unidades-de-negocio-2","status":"publish","type":"page","link":"https:\/\/www.rochalog.com.br\/en\/unidades-de-negocio-2\/","title":{"rendered":"Business Units"},"content":{"rendered":"<div id=\"pl-2238\"  class=\"panel-layout\" ><div id=\"pg-2238-0\"  class=\"panel-grid panel-has-style\" ><div class=\"rocha-banner siteorigin-panels-stretch panel-row-style panel-row-style-for-2238-0\" id=\"rocha-banner\" data-stretch-type=\"full\" ><div id=\"pgc-2238-0-0\"  class=\"panel-grid-cell panel-grid-cell-empty\" ><\/div><\/div><\/div><div id=\"pg-2238-1\"  class=\"panel-grid panel-has-style\" ><div class=\"siteorigin-panels-stretch panel-row-style panel-row-style-for-2238-1\" data-stretch-type=\"full\" ><div id=\"pgc-2238-1-0\"  class=\"panel-grid-cell\" ><div id=\"panel-2238-1-0-0\" class=\"so-panel widget widget_sow-editor panel-first-child panel-last-child\" data-index=\"0\" ><div\n\t\t\t\n\t\t\tclass=\"so-widget-sow-editor so-widget-sow-editor-base\"\n\t\t\t\n\t\t>\n<div class=\"siteorigin-widget-tinymce textwidget\">\n\t<h1 style=\"margin-bottom: 0;\">Business Units<\/h1>\n<\/div>\n<\/div><\/div><\/div><\/div><\/div><div id=\"pg-2238-2\"  class=\"panel-grid panel-has-style\" ><div class=\"siteorigin-panels-stretch panel-row-style panel-row-style-for-2238-2\" data-stretch-type=\"full\" ><div id=\"pgc-2238-2-0\"  class=\"panel-grid-cell\" ><div id=\"panel-2238-2-0-0\" class=\"so-panel widget widget_sow-editor panel-first-child panel-last-child\" data-index=\"1\" ><div\n\t\t\t\n\t\t\tclass=\"so-widget-sow-editor so-widget-sow-editor-base\"\n\t\t\t\n\t\t>\n<div class=\"siteorigin-widget-tinymce textwidget\">\n\t<p style=\"text-align: justify;\">The service provider portfolio of ROCHA Terminais Portu\u00e1rios and Log\u00edstica S.A. has been expanding throughout its history. Recognizing the need to expand within the main areas of activity, ROCHA has reinvented itself, adapting to market demand and has grown exponentially. Acting on four main business fronts, it has a complete, modern and integrated infrastructure and offers first class automated services for logistic solutions.<\/p>\n<p style=\"text-align: justify;\">ROCHA stands out as one of the main companies engaged in cargo handling, storage and port operations. The company manages the complete logistics chain of port operations, attending to cargo operations of solid bulk cargo and liquid import and export, as well as industrialized products, handling and storage of  general cargos as well as containerized cargos. Several services are offered in a single company, ready to attend in a personalized way each operation and according to the needs of each client.<\/p>\n<\/div>\n<\/div><\/div><\/div><\/div><\/div><div id=\"pg-2238-3\"  class=\"panel-grid panel-has-style\" ><div class=\"siteorigin-panels-stretch panel-row-style panel-row-style-for-2238-3\" data-stretch-type=\"full\" ><div id=\"pgc-2238-3-0\"  class=\"panel-grid-cell\" ><div id=\"panel-2238-3-0-0\" class=\"so-panel widget widget_shortcodes-ultimate shortcodes-ultimate panel-first-child panel-last-child\" data-index=\"2\" ><div class=\"panel-widget-style panel-widget-style-for-2238-3-0-0\" ><div class=\"textwidget\"><div class=\"su-image-carousel  su-image-carousel-columns-3 su-image-carousel-has-spacing su-image-carousel-crop su-image-carousel-crop-4-3 su-image-carousel-has-outline su-image-carousel-adaptive su-image-carousel-slides-style-photo su-image-carousel-controls-style-light su-image-carousel-align-none\" style=\"\" data-flickity-options='{\"groupCells\":true,\"cellSelector\":\".su-image-carousel-item\",\"adaptiveHeight\":false,\"cellAlign\":\"left\",\"prevNextButtons\":true,\"pageDots\":true,\"autoPlay\":5000,\"imagesLoaded\":true,\"contain\":true,\"selectedAttraction\":0.025000000000000001387778780781445675529539585113525390625,\"friction\":0.2800000000000000266453525910037569701671600341796875}' id=\"su_image_carousel_6a096f391b987\"><div class=\"su-image-carousel-item\"><div class=\"su-image-carousel-item-content\"><a href=\"https:\/\/www.rochalog.com.br\/wp-content\/uploads\/2019\/03\/rocha_porto_seco.jpg\" data-caption=\"Rocha - Porto Seco\"><img loading=\"lazy\" decoding=\"async\" width=\"720\" height=\"300\" src=\"https:\/\/www.rochalog.com.br\/wp-content\/uploads\/2019\/03\/rocha_porto_seco-1024x427.jpg\" class=\"\" alt=\"Rocha - Porto Seco\" srcset=\"https:\/\/www.rochalog.com.br\/wp-content\/uploads\/2019\/03\/rocha_porto_seco-1024x427.jpg 1024w, https:\/\/www.rochalog.com.br\/wp-content\/uploads\/2019\/03\/rocha_porto_seco-300x125.jpg 300w, https:\/\/www.rochalog.com.br\/wp-content\/uploads\/2019\/03\/rocha_porto_seco-768x320.jpg 768w, https:\/\/www.rochalog.com.br\/wp-content\/uploads\/2019\/03\/rocha_porto_seco.jpg 1920w\" sizes=\"auto, (max-width: 720px) 100vw, 720px\" \/><\/a><\/div><\/div><div class=\"su-image-carousel-item\"><div class=\"su-image-carousel-item-content\"><a href=\"https:\/\/www.rochalog.com.br\/wp-content\/uploads\/2019\/03\/carrossel_porto_seco_0000_PS-slider-2.jpg\" data-caption=\"\"><img loading=\"lazy\" decoding=\"async\" width=\"720\" height=\"540\" src=\"https:\/\/www.rochalog.com.br\/wp-content\/uploads\/2019\/03\/carrossel_porto_seco_0000_PS-slider-2.jpg\" class=\"\" alt=\"\" srcset=\"https:\/\/www.rochalog.com.br\/wp-content\/uploads\/2019\/03\/carrossel_porto_seco_0000_PS-slider-2.jpg 800w, https:\/\/www.rochalog.com.br\/wp-content\/uploads\/2019\/03\/carrossel_porto_seco_0000_PS-slider-2-300x225.jpg 300w, https:\/\/www.rochalog.com.br\/wp-content\/uploads\/2019\/03\/carrossel_porto_seco_0000_PS-slider-2-768x576.jpg 768w\" sizes=\"auto, (max-width: 720px) 100vw, 720px\" \/><\/a><\/div><\/div><div class=\"su-image-carousel-item\"><div class=\"su-image-carousel-item-content\"><a href=\"https:\/\/www.rochalog.com.br\/wp-content\/uploads\/2018\/04\/un-granel-de-exportacao-slider-11.jpg\" data-caption=\"\"><img loading=\"lazy\" decoding=\"async\" width=\"720\" height=\"540\" src=\"https:\/\/www.rochalog.com.br\/wp-content\/uploads\/2018\/04\/un-granel-de-exportacao-slider-11.jpg\" class=\"\" alt=\"\" srcset=\"https:\/\/www.rochalog.com.br\/wp-content\/uploads\/2018\/04\/un-granel-de-exportacao-slider-11.jpg 800w, https:\/\/www.rochalog.com.br\/wp-content\/uploads\/2018\/04\/un-granel-de-exportacao-slider-11-300x225.jpg 300w, https:\/\/www.rochalog.com.br\/wp-content\/uploads\/2018\/04\/un-granel-de-exportacao-slider-11-768x576.jpg 768w\" sizes=\"auto, (max-width: 720px) 100vw, 720px\" \/><\/a><\/div><\/div><div class=\"su-image-carousel-item\"><div class=\"su-image-carousel-item-content\"><a href=\"https:\/\/www.rochalog.com.br\/wp-content\/uploads\/2018\/04\/un-granel-de-importacao-slider-04.jpg\" data-caption=\"\"><img loading=\"lazy\" decoding=\"async\" width=\"720\" height=\"540\" src=\"https:\/\/www.rochalog.com.br\/wp-content\/uploads\/2018\/04\/un-granel-de-importacao-slider-04.jpg\" class=\"\" alt=\"\" srcset=\"https:\/\/www.rochalog.com.br\/wp-content\/uploads\/2018\/04\/un-granel-de-importacao-slider-04.jpg 800w, https:\/\/www.rochalog.com.br\/wp-content\/uploads\/2018\/04\/un-granel-de-importacao-slider-04-300x225.jpg 300w, https:\/\/www.rochalog.com.br\/wp-content\/uploads\/2018\/04\/un-granel-de-importacao-slider-04-768x576.jpg 768w\" sizes=\"auto, (max-width: 720px) 100vw, 720px\" \/><\/a><\/div><\/div><div class=\"su-image-carousel-item\"><div class=\"su-image-carousel-item-content\"><a href=\"https:\/\/www.rochalog.com.br\/wp-content\/uploads\/2018\/04\/un-granel-de-importacao-slider-01.jpg\" data-caption=\"\"><img loading=\"lazy\" decoding=\"async\" width=\"720\" height=\"540\" src=\"https:\/\/www.rochalog.com.br\/wp-content\/uploads\/2018\/04\/un-granel-de-importacao-slider-01.jpg\" class=\"\" alt=\"\" srcset=\"https:\/\/www.rochalog.com.br\/wp-content\/uploads\/2018\/04\/un-granel-de-importacao-slider-01.jpg 800w, https:\/\/www.rochalog.com.br\/wp-content\/uploads\/2018\/04\/un-granel-de-importacao-slider-01-300x225.jpg 300w, https:\/\/www.rochalog.com.br\/wp-content\/uploads\/2018\/04\/un-granel-de-importacao-slider-01-768x576.jpg 768w\" sizes=\"auto, (max-width: 720px) 100vw, 720px\" \/><\/a><\/div><\/div><div class=\"su-image-carousel-item\"><div class=\"su-image-carousel-item-content\"><a href=\"https:\/\/www.rochalog.com.br\/wp-content\/uploads\/2018\/04\/un-industrializados-slider-10.jpg\" data-caption=\"\"><img loading=\"lazy\" decoding=\"async\" width=\"720\" height=\"540\" src=\"https:\/\/www.rochalog.com.br\/wp-content\/uploads\/2018\/04\/un-industrializados-slider-10.jpg\" class=\"\" alt=\"Porto Seco\" srcset=\"https:\/\/www.rochalog.com.br\/wp-content\/uploads\/2018\/04\/un-industrializados-slider-10.jpg 800w, https:\/\/www.rochalog.com.br\/wp-content\/uploads\/2018\/04\/un-industrializados-slider-10-300x225.jpg 300w, https:\/\/www.rochalog.com.br\/wp-content\/uploads\/2018\/04\/un-industrializados-slider-10-768x576.jpg 768w\" sizes=\"auto, (max-width: 720px) 100vw, 720px\" \/><\/a><\/div><\/div><div class=\"su-image-carousel-item\"><div class=\"su-image-carousel-item-content\"><a href=\"https:\/\/www.rochalog.com.br\/wp-content\/uploads\/2018\/04\/un-granel-de-exportacao-slider-01.jpg\" data-caption=\"\"><img loading=\"lazy\" decoding=\"async\" width=\"720\" height=\"540\" src=\"https:\/\/www.rochalog.com.br\/wp-content\/uploads\/2018\/04\/un-granel-de-exportacao-slider-01.jpg\" class=\"\" alt=\"\" srcset=\"https:\/\/www.rochalog.com.br\/wp-content\/uploads\/2018\/04\/un-granel-de-exportacao-slider-01.jpg 800w, https:\/\/www.rochalog.com.br\/wp-content\/uploads\/2018\/04\/un-granel-de-exportacao-slider-01-300x225.jpg 300w, https:\/\/www.rochalog.com.br\/wp-content\/uploads\/2018\/04\/un-granel-de-exportacao-slider-01-768x576.jpg 768w\" sizes=\"auto, (max-width: 720px) 100vw, 720px\" \/><\/a><\/div><\/div><div class=\"su-image-carousel-item\"><div class=\"su-image-carousel-item-content\"><a href=\"https:\/\/www.rochalog.com.br\/wp-content\/uploads\/2018\/04\/un-granel-de-exportacao-slider-12.jpg\" data-caption=\"\"><img loading=\"lazy\" decoding=\"async\" width=\"720\" height=\"540\" src=\"https:\/\/www.rochalog.com.br\/wp-content\/uploads\/2018\/04\/un-granel-de-exportacao-slider-12.jpg\" class=\"\" alt=\"\" srcset=\"https:\/\/www.rochalog.com.br\/wp-content\/uploads\/2018\/04\/un-granel-de-exportacao-slider-12.jpg 800w, https:\/\/www.rochalog.com.br\/wp-content\/uploads\/2018\/04\/un-granel-de-exportacao-slider-12-300x225.jpg 300w, https:\/\/www.rochalog.com.br\/wp-content\/uploads\/2018\/04\/un-granel-de-exportacao-slider-12-768x576.jpg 768w\" sizes=\"auto, (max-width: 720px) 100vw, 720px\" \/><\/a><\/div><\/div><div class=\"su-image-carousel-item\"><div class=\"su-image-carousel-item-content\"><a href=\"https:\/\/www.rochalog.com.br\/wp-content\/uploads\/2018\/04\/un-granel-de-exportacao-slider-10.jpg\" data-caption=\"\"><img loading=\"lazy\" decoding=\"async\" width=\"720\" height=\"540\" src=\"https:\/\/www.rochalog.com.br\/wp-content\/uploads\/2018\/04\/un-granel-de-exportacao-slider-10.jpg\" class=\"\" alt=\"\" srcset=\"https:\/\/www.rochalog.com.br\/wp-content\/uploads\/2018\/04\/un-granel-de-exportacao-slider-10.jpg 800w, https:\/\/www.rochalog.com.br\/wp-content\/uploads\/2018\/04\/un-granel-de-exportacao-slider-10-300x225.jpg 300w, https:\/\/www.rochalog.com.br\/wp-content\/uploads\/2018\/04\/un-granel-de-exportacao-slider-10-768x576.jpg 768w\" sizes=\"auto, (max-width: 720px) 100vw, 720px\" \/><\/a><\/div><\/div><div class=\"su-image-carousel-item\"><div class=\"su-image-carousel-item-content\"><a href=\"https:\/\/www.rochalog.com.br\/wp-content\/uploads\/2019\/03\/carrossel_porto_seco_0008_PS-slider-5.jpg\" data-caption=\"\"><img loading=\"lazy\" decoding=\"async\" width=\"720\" height=\"540\" src=\"https:\/\/www.rochalog.com.br\/wp-content\/uploads\/2019\/03\/carrossel_porto_seco_0008_PS-slider-5.jpg\" class=\"\" alt=\"\" srcset=\"https:\/\/www.rochalog.com.br\/wp-content\/uploads\/2019\/03\/carrossel_porto_seco_0008_PS-slider-5.jpg 800w, https:\/\/www.rochalog.com.br\/wp-content\/uploads\/2019\/03\/carrossel_porto_seco_0008_PS-slider-5-300x225.jpg 300w, https:\/\/www.rochalog.com.br\/wp-content\/uploads\/2019\/03\/carrossel_porto_seco_0008_PS-slider-5-768x576.jpg 768w\" sizes=\"auto, (max-width: 720px) 100vw, 720px\" \/><\/a><\/div><\/div><div class=\"su-image-carousel-item\"><div class=\"su-image-carousel-item-content\"><a href=\"https:\/\/www.rochalog.com.br\/wp-content\/uploads\/2019\/03\/carrossel_porto_seco_0005_PS-slider-8__.jpg\" data-caption=\"\"><img loading=\"lazy\" decoding=\"async\" width=\"720\" height=\"540\" src=\"https:\/\/www.rochalog.com.br\/wp-content\/uploads\/2019\/03\/carrossel_porto_seco_0005_PS-slider-8__.jpg\" class=\"\" alt=\"\" srcset=\"https:\/\/www.rochalog.com.br\/wp-content\/uploads\/2019\/03\/carrossel_porto_seco_0005_PS-slider-8__.jpg 800w, https:\/\/www.rochalog.com.br\/wp-content\/uploads\/2019\/03\/carrossel_porto_seco_0005_PS-slider-8__-300x225.jpg 300w, https:\/\/www.rochalog.com.br\/wp-content\/uploads\/2019\/03\/carrossel_porto_seco_0005_PS-slider-8__-768x576.jpg 768w\" sizes=\"auto, (max-width: 720px) 100vw, 720px\" \/><\/a><\/div><\/div><div class=\"su-image-carousel-item\"><div class=\"su-image-carousel-item-content\"><a href=\"https:\/\/www.rochalog.com.br\/wp-content\/uploads\/2019\/03\/carrossel_gexpo_0001_GEXPO-Slider-1.jpg\" data-caption=\"\"><img loading=\"lazy\" decoding=\"async\" width=\"720\" height=\"540\" src=\"https:\/\/www.rochalog.com.br\/wp-content\/uploads\/2019\/03\/carrossel_gexpo_0001_GEXPO-Slider-1.jpg\" class=\"\" alt=\"\" srcset=\"https:\/\/www.rochalog.com.br\/wp-content\/uploads\/2019\/03\/carrossel_gexpo_0001_GEXPO-Slider-1.jpg 800w, https:\/\/www.rochalog.com.br\/wp-content\/uploads\/2019\/03\/carrossel_gexpo_0001_GEXPO-Slider-1-300x225.jpg 300w, https:\/\/www.rochalog.com.br\/wp-content\/uploads\/2019\/03\/carrossel_gexpo_0001_GEXPO-Slider-1-768x576.jpg 768w\" sizes=\"auto, (max-width: 720px) 100vw, 720px\" \/><\/a><\/div><\/div><div class=\"su-image-carousel-item\"><div class=\"su-image-carousel-item-content\"><a href=\"https:\/\/www.rochalog.com.br\/wp-content\/uploads\/2019\/03\/imagem_caminhao.jpg\" data-caption=\"\"><img loading=\"lazy\" decoding=\"async\" width=\"720\" height=\"540\" src=\"https:\/\/www.rochalog.com.br\/wp-content\/uploads\/2019\/03\/imagem_caminhao.jpg\" class=\"\" alt=\"Rocha - Unidades de neg\u00f3cio - Porto Seco\" srcset=\"https:\/\/www.rochalog.com.br\/wp-content\/uploads\/2019\/03\/imagem_caminhao.jpg 800w, https:\/\/www.rochalog.com.br\/wp-content\/uploads\/2019\/03\/imagem_caminhao-300x225.jpg 300w, https:\/\/www.rochalog.com.br\/wp-content\/uploads\/2019\/03\/imagem_caminhao-768x576.jpg 768w\" sizes=\"auto, (max-width: 720px) 100vw, 720px\" \/><\/a><\/div><\/div><div class=\"su-image-carousel-item\"><div class=\"su-image-carousel-item-content\"><a href=\"https:\/\/www.rochalog.com.br\/wp-content\/uploads\/2019\/03\/imagem_gimpo.jpg\" data-caption=\"\"><img loading=\"lazy\" decoding=\"async\" width=\"720\" height=\"540\" src=\"https:\/\/www.rochalog.com.br\/wp-content\/uploads\/2019\/03\/imagem_gimpo.jpg\" class=\"\" alt=\"Rocha - Unidades de neg\u00f3cio - Granel de Importa\u00e7\u00e3o\" srcset=\"https:\/\/www.rochalog.com.br\/wp-content\/uploads\/2019\/03\/imagem_gimpo.jpg 800w, https:\/\/www.rochalog.com.br\/wp-content\/uploads\/2019\/03\/imagem_gimpo-300x225.jpg 300w, https:\/\/www.rochalog.com.br\/wp-content\/uploads\/2019\/03\/imagem_gimpo-768x576.jpg 768w\" sizes=\"auto, (max-width: 720px) 100vw, 720px\" \/><\/a><\/div><\/div><div class=\"su-image-carousel-item\"><div class=\"su-image-carousel-item-content\"><a href=\"https:\/\/www.rochalog.com.br\/wp-content\/uploads\/2019\/03\/imagem_sacas.jpg\" data-caption=\"\"><img loading=\"lazy\" decoding=\"async\" width=\"720\" height=\"540\" src=\"https:\/\/www.rochalog.com.br\/wp-content\/uploads\/2019\/03\/imagem_sacas.jpg\" class=\"\" alt=\"Rocha - Armazem - sacas\" srcset=\"https:\/\/www.rochalog.com.br\/wp-content\/uploads\/2019\/03\/imagem_sacas.jpg 800w, https:\/\/www.rochalog.com.br\/wp-content\/uploads\/2019\/03\/imagem_sacas-300x225.jpg 300w, https:\/\/www.rochalog.com.br\/wp-content\/uploads\/2019\/03\/imagem_sacas-768x576.jpg 768w\" sizes=\"auto, (max-width: 720px) 100vw, 720px\" \/><\/a><\/div><\/div><div class=\"su-image-carousel-item\"><div class=\"su-image-carousel-item-content\"><a href=\"https:\/\/www.rochalog.com.br\/wp-content\/uploads\/2019\/03\/carrossel_gimpo_0001_GIMPO-Interna-1.jpg\" data-caption=\"\"><img loading=\"lazy\" decoding=\"async\" width=\"720\" height=\"540\" src=\"https:\/\/www.rochalog.com.br\/wp-content\/uploads\/2019\/03\/carrossel_gimpo_0001_GIMPO-Interna-1.jpg\" class=\"\" alt=\"\" srcset=\"https:\/\/www.rochalog.com.br\/wp-content\/uploads\/2019\/03\/carrossel_gimpo_0001_GIMPO-Interna-1.jpg 800w, https:\/\/www.rochalog.com.br\/wp-content\/uploads\/2019\/03\/carrossel_gimpo_0001_GIMPO-Interna-1-300x225.jpg 300w, https:\/\/www.rochalog.com.br\/wp-content\/uploads\/2019\/03\/carrossel_gimpo_0001_GIMPO-Interna-1-768x576.jpg 768w\" sizes=\"auto, (max-width: 720px) 100vw, 720px\" \/><\/a><\/div><\/div><\/div><script id=\"su_image_carousel_6a096f391b987_script\">if(window.SUImageCarousel){setTimeout(function() {window.SUImageCarousel.initGallery(document.getElementById(\"su_image_carousel_6a096f391b987\"))}, 0);}var su_image_carousel_6a096f391b987_script=document.getElementById(\"su_image_carousel_6a096f391b987_script\");if(su_image_carousel_6a096f391b987_script){su_image_carousel_6a096f391b987_script.parentNode.removeChild(su_image_carousel_6a096f391b987_script);}<\/script><\/div><\/div><\/div><\/div><\/div><\/div><div id=\"pg-2238-4\"  class=\"panel-grid panel-has-style\" ><div class=\"panel-row-style panel-row-style-for-2238-4\" ><div id=\"pgc-2238-4-0\"  class=\"panel-grid-cell\" ><div id=\"panel-2238-4-0-0\" class=\"so-panel widget widget_siteorigin-panels-builder panel-first-child panel-last-child\" data-index=\"3\" ><div class=\"icones-home panel-widget-style panel-widget-style-for-2238-4-0-0\" ><div id=\"pl-w5cf670738f466\"  class=\"panel-layout\" ><div id=\"pg-w5cf670738f466-0\"  class=\"panel-grid panel-no-style\" ><div id=\"pgc-w5cf670738f466-0-0\"  class=\"panel-grid-cell\" ><div id=\"panel-w5cf670738f466-0-0-0\" class=\"so-panel widget widget_sow-image panel-first-child\" data-index=\"0\" ><div\n\t\t\t\n\t\t\tclass=\"so-widget-sow-image so-widget-sow-image-default-c67d20f9f743\"\n\t\t\t\n\t\t>\n<div class=\"sow-image-container\">\n\t\t\t<a href=\"https:\/\/www.rochalog.com.br\/en\/unidades-de-negocio-2\/granel-de-exportacao\/\"\n\t\t\t\t\t>\n\t\t\t<img \n\tsrc=\"https:\/\/www.rochalog.com.br\/wp-content\/uploads\/2019\/06\/icones_julho_2019_0000_3.png\" width=\"134\" height=\"134\" sizes=\"(max-width: 134px) 100vw, 134px\" title=\"granel de exporta\u00e7\u00e3o\" alt=\"granel de exporta\u00e7\u00e3o\" \t\tclass=\"so-widget-image\"\/>\n\t\t\t<\/a><\/div>\n\n<\/div><\/div><div id=\"panel-w5cf670738f466-0-0-1\" class=\"so-panel widget widget_sow-editor panel-last-child\" data-index=\"1\" ><div\n\t\t\t\n\t\t\tclass=\"so-widget-sow-editor so-widget-sow-editor-base\"\n\t\t\t\n\t\t>\n<div class=\"siteorigin-widget-tinymce textwidget\">\n\t<h4 style=\"text-align: center;\">EXPORT BULK<\/h4>\n<\/div>\n<\/div><\/div><\/div><div id=\"pgc-w5cf670738f466-0-1\"  class=\"panel-grid-cell\" ><div id=\"panel-w5cf670738f466-0-1-0\" class=\"so-panel widget widget_sow-image panel-first-child\" data-index=\"2\" ><div\n\t\t\t\n\t\t\tclass=\"so-widget-sow-image so-widget-sow-image-default-c67d20f9f743\"\n\t\t\t\n\t\t>\n<div class=\"sow-image-container\">\n\t\t\t<a href=\"https:\/\/www.rochalog.com.br\/en\/unidades-de-negocio-2\/granel-de-importacao\/\"\n\t\t\t\t\t>\n\t\t\t<img \n\tsrc=\"https:\/\/www.rochalog.com.br\/wp-content\/uploads\/2019\/03\/icones_julho_2019_0001_2.png\" width=\"134\" height=\"134\" sizes=\"(max-width: 134px) 100vw, 134px\" title=\"granel de importa\u00e7\u00e3o\" alt=\"granel de importa\u00e7\u00e3o\" \t\tclass=\"so-widget-image\"\/>\n\t\t\t<\/a><\/div>\n\n<\/div><\/div><div id=\"panel-w5cf670738f466-0-1-1\" class=\"so-panel widget widget_sow-editor panel-last-child\" data-index=\"3\" ><div\n\t\t\t\n\t\t\tclass=\"so-widget-sow-editor so-widget-sow-editor-base\"\n\t\t\t\n\t\t>\n<div class=\"siteorigin-widget-tinymce textwidget\">\n\t<h4 style=\"text-align: center;\">IMPORT BULK<\/h4>\n<\/div>\n<\/div><\/div><\/div><div id=\"pgc-w5cf670738f466-0-2\"  class=\"panel-grid-cell\" ><div id=\"panel-w5cf670738f466-0-2-0\" class=\"so-panel widget widget_sow-image panel-first-child\" data-index=\"4\" ><div\n\t\t\t\n\t\t\tclass=\"so-widget-sow-image so-widget-sow-image-default-c67d20f9f743\"\n\t\t\t\n\t\t>\n<div class=\"sow-image-container\">\n\t\t\t<a href=\"https:\/\/www.rochalog.com.br\/en\/unidades-de-negocio-2\/porto-seco-e-industrializados\/\"\n\t\t\t\t\t>\n\t\t\t<img \n\tsrc=\"https:\/\/www.rochalog.com.br\/wp-content\/uploads\/2019\/03\/icones_julho_2019_0002_1.png\" width=\"134\" height=\"134\" sizes=\"(max-width: 134px) 100vw, 134px\" title=\"Dry Port\" alt=\"Porto Seco\" \t\tclass=\"so-widget-image\"\/>\n\t\t\t<\/a><\/div>\n\n<\/div><\/div><div id=\"panel-w5cf670738f466-0-2-1\" class=\"so-panel widget widget_sow-editor panel-last-child\" data-index=\"5\" ><div\n\t\t\t\n\t\t\tclass=\"so-widget-sow-editor so-widget-sow-editor-base\"\n\t\t\t\n\t\t>\n<div class=\"siteorigin-widget-tinymce textwidget\">\n\t<h4 style=\"text-align: center;\">INDUSTRIALIZED<\/h4>\n<\/div>\n<\/div><\/div><\/div><\/div><\/div><\/div><\/div><\/div><\/div><\/div><div id=\"pg-2238-5\"  class=\"panel-grid panel-has-style\" ><div class=\"siteorigin-panels-stretch panel-row-style panel-row-style-for-2238-5\" data-stretch-type=\"full\" ><div id=\"pgc-2238-5-0\"  class=\"panel-grid-cell\" ><\/div><\/div><\/div><div id=\"pg-2238-6\"  class=\"panel-grid panel-has-style\" ><div class=\"barras siteorigin-panels-stretch panel-row-style panel-row-style-for-2238-6\" data-stretch-type=\"full\" ><div id=\"pgc-2238-6-0\"  class=\"panel-grid-cell panel-grid-cell-empty\" ><\/div><\/div><\/div><\/div>","protected":false},"excerpt":{"rendered":"<p>Business Units<\/p>","protected":false},"author":1,"featured_media":6798,"parent":0,"menu_order":0,"comment_status":"closed","ping_status":"closed","template":"templates\/template-full-notitle.php","meta":{"footnotes":""},"class_list":["post-2238","page","type-page","status-publish","has-post-thumbnail","hentry","post","post-with-thumbnail","post-with-thumbnail-large"],"aioseo_notices":[],"jetpack_sharing_enabled":true,"_links":{"self":[{"href":"https:\/\/www.rochalog.com.br\/en\/wp-json\/wp\/v2\/pages\/2238","targetHints":{"allow":["GET"]}}],"collection":[{"href":"https:\/\/www.rochalog.com.br\/en\/wp-json\/wp\/v2\/pages"}],"about":[{"href":"https:\/\/www.rochalog.com.br\/en\/wp-json\/wp\/v2\/types\/page"}],"author":[{"embeddable":true,"href":"https:\/\/www.rochalog.com.br\/en\/wp-json\/wp\/v2\/users\/1"}],"replies":[{"embeddable":true,"href":"https:\/\/www.rochalog.com.br\/en\/wp-json\/wp\/v2\/comments?post=2238"}],"version-history":[{"count":0,"href":"https:\/\/www.rochalog.com.br\/en\/wp-json\/wp\/v2\/pages\/2238\/revisions"}],"wp:featuredmedia":[{"embeddable":true,"href":"https:\/\/www.rochalog.com.br\/en\/wp-json\/wp\/v2\/media\/6798"}],"wp:attachment":[{"href":"https:\/\/www.rochalog.com.br\/en\/wp-json\/wp\/v2\/media?parent=2238"}],"curies":[{"name":"wp","href":"https:\/\/api.w.org\/{rel}","templated":true}]}}