{"id":1661,"date":"2018-04-11T10:59:30","date_gmt":"2018-04-11T13:59:30","guid":{"rendered":"http:\/\/pontodesign.com.br\/clientes\/rocha\/site\/?page_id=1661"},"modified":"2021-09-28T09:08:40","modified_gmt":"2021-09-28T12:08:40","slug":"ouvidoria","status":"publish","type":"page","link":"https:\/\/www.rochalog.com.br\/en\/contatos\/ouvidoria\/","title":{"rendered":"Canal de \u00c9tica"},"content":{"rendered":"<div id=\"pl-1661\"  class=\"panel-layout\" ><div id=\"pg-1661-0\"  class=\"panel-grid panel-has-style\" ><div class=\"rocha-banner siteorigin-panels-stretch panel-row-style panel-row-style-for-1661-0\" data-stretch-type=\"full-stretched\" ><div id=\"pgc-1661-0-0\"  class=\"panel-grid-cell panel-grid-cell-empty\" ><\/div><\/div><\/div><div id=\"pg-1661-1\"  class=\"panel-grid panel-no-style\" ><div id=\"pgc-1661-1-0\"  class=\"panel-grid-cell\" ><div id=\"panel-1661-1-0-0\" class=\"so-panel widget widget_sow-editor panel-first-child panel-last-child\" data-index=\"0\" ><div\n\t\t\t\n\t\t\tclass=\"so-widget-sow-editor so-widget-sow-editor-base\"\n\t\t\t\n\t\t>\n<div class=\"siteorigin-widget-tinymce textwidget\">\n\t<h1 style=\"margin-bottom: 0;\">Canal de \u00c9tica<\/h1>\n<\/div>\n<\/div><\/div><\/div><\/div><div id=\"pg-1661-2\"  class=\"panel-grid panel-has-style\" ><div class=\"siteorigin-panels-stretch panel-row-style panel-row-style-for-1661-2\" data-stretch-type=\"full-stretched\" ><div id=\"pgc-1661-2-0\"  class=\"panel-grid-cell\" ><div id=\"panel-1661-2-0-0\" class=\"so-panel widget widget_siteorigin-panels-builder panel-first-child panel-last-child\" data-index=\"1\" ><div id=\"pl-w615305c89269b\"  class=\"panel-layout\" ><div id=\"pg-w615305c89269b-0\"  class=\"panel-grid panel-has-style\" ><div class=\"max-tamanho-home-ouvidoria panel-row-style panel-row-style-for-w615305c89269b-0\" ><div id=\"pgc-w615305c89269b-0-0\"  class=\"panel-grid-cell\" ><div class=\"box-sugestoes panel-cell-style panel-cell-style-for-w615305c89269b-0-0\" ><div id=\"panel-w615305c89269b-0-0-0\" class=\"so-panel widget widget_sow-editor panel-first-child panel-last-child\" data-index=\"0\" ><div class=\"panel-widget-style panel-widget-style-for-w615305c89269b-0-0-0\" ><div\n\t\t\t\n\t\t\tclass=\"so-widget-sow-editor so-widget-sow-editor-base\"\n\t\t\t\n\t\t>\n<div class=\"siteorigin-widget-tinymce textwidget\">\n\t<p>Por meio do link \u201cCanal de \u00c9tica\u201d voc\u00ea poder\u00e1 informar qualquer situa\u00e7\u00e3o que conflite com o nosso C\u00f3digo de \u00c9tica e de Conduta, de forma sigilosa e confi\u00e1vel. As den\u00fancias ser\u00e3o destinadas ao Comit\u00ea de \u00c9tica e de Conduta da Rocha.<\/p>\n<p>Whether anonymous or not, complaints will be investigated promptly and further action will be taken as directed by the members of the Ethics and Conduct Committee.<\/p>\n<\/div>\n<\/div><\/div><\/div><\/div><\/div><div id=\"pgc-w615305c89269b-0-1\"  class=\"panel-grid-cell\" ><div id=\"panel-w615305c89269b-0-1-0\" class=\"so-panel widget widget_sow-editor panel-first-child panel-last-child\" data-index=\"1\" ><div\n\t\t\t\n\t\t\tclass=\"so-widget-sow-editor so-widget-sow-editor-base\"\n\t\t\t\n\t\t>\n<div class=\"siteorigin-widget-tinymce textwidget\">\n\t<p><a href=\"https:\/\/contatoseguro.com.br\/rochalog\"><img loading=\"lazy\" decoding=\"async\" class=\"aligncenter wp-image-4923 size-full\" src=\"https:\/\/www.rochalog.com.br\/wp-content\/uploads\/2019\/03\/canal_de_denuncia__2.jpg\" alt=\"ROCHA - CANAL DE DENUNCIA\" width=\"543\" height=\"183\" srcset=\"https:\/\/www.rochalog.com.br\/wp-content\/uploads\/2019\/03\/canal_de_denuncia__2.jpg 543w, https:\/\/www.rochalog.com.br\/wp-content\/uploads\/2019\/03\/canal_de_denuncia__2-300x101.jpg 300w\" sizes=\"auto, (max-width: 543px) 100vw, 543px\" \/><\/a><\/p>\n<\/div>\n<\/div><\/div><\/div><\/div><\/div><\/div><\/div><\/div><\/div><\/div><div id=\"pg-1661-3\"  class=\"panel-grid panel-has-style\" ><div class=\"siteorigin-panels-stretch panel-row-style panel-row-style-for-1661-3\" data-stretch-type=\"full\" ><div id=\"pgc-1661-3-0\"  class=\"panel-grid-cell\" ><\/div><\/div><\/div><\/div>","protected":false},"excerpt":{"rendered":"<p>Canal de \u00c9tica<\/p>","protected":false},"author":1,"featured_media":0,"parent":29,"menu_order":0,"comment_status":"closed","ping_status":"closed","template":"templates\/template-full-notitle.php","meta":{"footnotes":""},"class_list":["post-1661","page","type-page","status-publish","hentry","post"],"aioseo_notices":[],"jetpack_sharing_enabled":true,"_links":{"self":[{"href":"https:\/\/www.rochalog.com.br\/en\/wp-json\/wp\/v2\/pages\/1661","targetHints":{"allow":["GET"]}}],"collection":[{"href":"https:\/\/www.rochalog.com.br\/en\/wp-json\/wp\/v2\/pages"}],"about":[{"href":"https:\/\/www.rochalog.com.br\/en\/wp-json\/wp\/v2\/types\/page"}],"author":[{"embeddable":true,"href":"https:\/\/www.rochalog.com.br\/en\/wp-json\/wp\/v2\/users\/1"}],"replies":[{"embeddable":true,"href":"https:\/\/www.rochalog.com.br\/en\/wp-json\/wp\/v2\/comments?post=1661"}],"version-history":[{"count":0,"href":"https:\/\/www.rochalog.com.br\/en\/wp-json\/wp\/v2\/pages\/1661\/revisions"}],"up":[{"embeddable":true,"href":"https:\/\/www.rochalog.com.br\/en\/wp-json\/wp\/v2\/pages\/29"}],"wp:attachment":[{"href":"https:\/\/www.rochalog.com.br\/en\/wp-json\/wp\/v2\/media?parent=1661"}],"curies":[{"name":"wp","href":"https:\/\/api.w.org\/{rel}","templated":true}]}}