{"id":1153,"date":"2018-03-27T21:59:13","date_gmt":"2018-03-28T00:59:13","guid":{"rendered":"http:\/\/pontodesign.com.br\/clientes\/rocha\/site\/?page_id=1153"},"modified":"2020-01-20T09:25:36","modified_gmt":"2020-01-20T12:25:36","slug":"fullport-2","status":"publish","type":"page","link":"https:\/\/www.rochalog.com.br\/en\/negocios-e-investidas-2\/fullport-2\/","title":{"rendered":"FullPort"},"content":{"rendered":"<div id=\"pl-1153\"  class=\"panel-layout\" ><div id=\"pg-1153-0\"  class=\"panel-grid panel-has-style\" ><div class=\"rocha-banner siteorigin-panels-stretch panel-row-style panel-row-style-for-1153-0\" id=\"rocha-banner\" data-stretch-type=\"full-stretched\" ><div id=\"pgc-1153-0-0\"  class=\"panel-grid-cell panel-grid-cell-empty\" ><\/div><\/div><\/div><div id=\"pg-1153-1\"  class=\"panel-grid panel-has-style\" ><div class=\"siteorigin-panels-stretch panel-row-style panel-row-style-for-1153-1\" data-stretch-type=\"full\" ><div id=\"pgc-1153-1-0\"  class=\"panel-grid-cell\" ><div id=\"panel-1153-1-0-0\" class=\"so-panel widget widget_sow-editor panel-first-child panel-last-child\" data-index=\"0\" ><div\n\t\t\t\n\t\t\tclass=\"so-widget-sow-editor so-widget-sow-editor-base\"\n\t\t\t\n\t\t>\n<div class=\"siteorigin-widget-tinymce textwidget\">\n\t<p><img loading=\"lazy\" decoding=\"async\" class=\"alignnone wp-image-1157\" src=\"https:\/\/www.rochalog.com.br\/wp-content\/uploads\/2018\/03\/logo-fullport-1.jpg\" alt=\"\" width=\"139\" height=\"100\" \/><\/p>\n<\/div>\n<\/div><\/div><\/div><\/div><\/div><div id=\"pg-1153-2\"  class=\"panel-grid panel-has-style\" ><div class=\"siteorigin-panels-stretch panel-row-style panel-row-style-for-1153-2\" data-stretch-type=\"full\" ><div id=\"pgc-1153-2-0\"  class=\"panel-grid-cell\" ><div id=\"panel-1153-2-0-0\" class=\"so-panel widget widget_sow-editor panel-first-child\" data-index=\"1\" ><div\n\t\t\t\n\t\t\tclass=\"so-widget-sow-editor so-widget-sow-editor-base\"\n\t\t\t\n\t\t>\n<div class=\"siteorigin-widget-tinymce textwidget\">\n\t<h1 style=\"margin-bottom: 0;\">FULLPORT OPERA\u00c7\u00c3O PORTU\u00c1RIA E ARMAZENAGEM LTDA<\/h1>\n<p style=\"margin-top: 3px;\"><strong>Strategically located with easy access to major southern and southeastern cities.<\/strong><\/p>\n<\/div>\n<\/div><\/div><div id=\"panel-1153-2-0-1\" class=\"so-panel widget widget_sow-editor panel-last-child\" data-index=\"2\" ><div\n\t\t\t\n\t\t\tclass=\"so-widget-sow-editor so-widget-sow-editor-base\"\n\t\t\t\n\t\t>\n<div class=\"siteorigin-widget-tinymce textwidget\">\n\t<p style=\"text-align: justify;\">The port of S\u00e3o Francisco do Sul, in the State of Santa Catarina, has a strategic geographical position for national and international port logistics. Expanding its geographic operations in the solid bulk segment, ROCHA made investments in assets and integrated FullPort under a <em>joint venture<\/em> with its affiliated companies, holding 28.3% of the share capital. The strategic decision took into consideration the port activities that include the discharge of fertilizers and handling of other solid bulk cargos.<\/p>\n<p style=\"text-align: justify;\">Through its partners, which have facilities in the vicinity of S\u00e3o Francisco do Sul region, FullPort has a storage capacity of over 200,000 tons for bulk cargo imports, general cargo and steel products. The location of the company is privileged with easy access to the main highway that connects to the major cities of the south and southeast of the country - Joinville, Florian\u00f3polis, Porto Alegre, Curitiba and S\u00e3o Paulo.<\/p>\n<p style=\"text-align: justify;\">To learn more about FullPort Port Operation and Storage Ltd., visit the company's website. Click <a href=\"http:\/\/www.fullport8.com.br\/\" target=\"_blank\" rel=\"noopener\">HERE<\/a>.<\/p>\n<\/div>\n<\/div><\/div><\/div><\/div><\/div><div id=\"pg-1153-3\"  class=\"panel-grid panel-has-style\" ><div class=\"siteorigin-panels-stretch panel-row-style panel-row-style-for-1153-3\" data-stretch-type=\"full\" ><div id=\"pgc-1153-3-0\"  class=\"panel-grid-cell\" ><\/div><\/div><\/div><div id=\"pg-1153-4\"  class=\"panel-grid panel-has-style\" ><div class=\"barras siteorigin-panels-stretch panel-row-style panel-row-style-for-1153-4\" data-stretch-type=\"full\" ><div id=\"pgc-1153-4-0\"  class=\"panel-grid-cell panel-grid-cell-empty\" ><\/div><\/div><\/div><\/div>","protected":false},"excerpt":{"rendered":"<p>FULLPORT OPERA\u00c7\u00c3O PORTU\u00c1RIA E ARMAZENAGEM LTDA Localiza\u00e7\u00e3o estrat\u00e9gica com f\u00e1cil acesso aos grandes centros do sul e sudeste. O porto [&hellip;]<\/p>","protected":false},"author":1,"featured_media":6906,"parent":220,"menu_order":0,"comment_status":"closed","ping_status":"closed","template":"templates\/template-full-notitle.php","meta":{"footnotes":""},"class_list":["post-1153","page","type-page","status-publish","has-post-thumbnail","hentry","post","post-with-thumbnail","post-with-thumbnail-large"],"aioseo_notices":[],"jetpack_sharing_enabled":true,"_links":{"self":[{"href":"https:\/\/www.rochalog.com.br\/en\/wp-json\/wp\/v2\/pages\/1153","targetHints":{"allow":["GET"]}}],"collection":[{"href":"https:\/\/www.rochalog.com.br\/en\/wp-json\/wp\/v2\/pages"}],"about":[{"href":"https:\/\/www.rochalog.com.br\/en\/wp-json\/wp\/v2\/types\/page"}],"author":[{"embeddable":true,"href":"https:\/\/www.rochalog.com.br\/en\/wp-json\/wp\/v2\/users\/1"}],"replies":[{"embeddable":true,"href":"https:\/\/www.rochalog.com.br\/en\/wp-json\/wp\/v2\/comments?post=1153"}],"version-history":[{"count":0,"href":"https:\/\/www.rochalog.com.br\/en\/wp-json\/wp\/v2\/pages\/1153\/revisions"}],"up":[{"embeddable":true,"href":"https:\/\/www.rochalog.com.br\/en\/wp-json\/wp\/v2\/pages\/220"}],"wp:featuredmedia":[{"embeddable":true,"href":"https:\/\/www.rochalog.com.br\/en\/wp-json\/wp\/v2\/media\/6906"}],"wp:attachment":[{"href":"https:\/\/www.rochalog.com.br\/en\/wp-json\/wp\/v2\/media?parent=1153"}],"curies":[{"name":"wp","href":"https:\/\/api.w.org\/{rel}","templated":true}]}}