{"id":1141,"date":"2018-03-27T21:45:29","date_gmt":"2018-03-28T00:45:29","guid":{"rendered":"http:\/\/pontodesign.com.br\/clientes\/rocha\/site\/?page_id=1141"},"modified":"2023-05-31T16:58:43","modified_gmt":"2023-05-31T19:58:43","slug":"unidade_rs","status":"publish","type":"page","link":"https:\/\/www.rochalog.com.br\/en\/unidades-de-negocio-2\/unidade_rs\/","title":{"rendered":"Unidade RS"},"content":{"rendered":"<div id=\"pl-1141\"  class=\"panel-layout\" ><div id=\"pg-1141-0\"  class=\"panel-grid panel-has-style\" ><div class=\"rocha-banner siteorigin-panels-stretch panel-row-style panel-row-style-for-1141-0\" id=\"rocha-banner\" data-stretch-type=\"full-stretched\" ><div id=\"pgc-1141-0-0\"  class=\"panel-grid-cell panel-grid-cell-empty\" ><\/div><\/div><\/div><div id=\"pg-1141-1\"  class=\"panel-grid panel-has-style\" ><div class=\"siteorigin-panels-stretch panel-row-style panel-row-style-for-1141-1\" data-stretch-type=\"full\" ><div id=\"pgc-1141-1-0\"  class=\"panel-grid-cell\" ><div id=\"panel-1141-1-0-0\" class=\"so-panel widget widget_sow-editor panel-first-child\" data-index=\"0\" ><div\n\t\t\t\n\t\t\tclass=\"so-widget-sow-editor so-widget-sow-editor-base\"\n\t\t\t\n\t\t>\n<div class=\"siteorigin-widget-tinymce textwidget\">\n\t<h1 style=\"margin-bottom: 0;\">UNIDADE RS<\/h1>\n<\/div>\n<\/div><\/div><div id=\"panel-1141-1-0-1\" class=\"so-panel widget widget_sow-editor panel-last-child\" data-index=\"1\" ><div\n\t\t\t\n\t\t\tclass=\"so-widget-sow-editor so-widget-sow-editor-base\"\n\t\t\t\n\t\t>\n<div class=\"siteorigin-widget-tinymce textwidget\">\n\t<p>Em 2013, a ROCHA amplia sua presen\u00e7a geogr\u00e1fica no segmento, passando a deter participa\u00e7\u00e3o acion\u00e1ria em uma empresa log\u00edstica de Rio Grande-RS. Consolidando sua atua\u00e7\u00e3o na regi\u00e3o, em 2022, a Companhia inaugura um terminal de gran\u00e9is minerais e carga geral na cidade de\u00a0 Rio Grande.<\/p>\n<p>A ROCHA RS, principal operadora portu\u00e1ria bandeira branca na movimenta\u00e7\u00e3o de gran\u00e9is s\u00f3lidos no porto p\u00fablico de Rio Grande, tem como principais neg\u00f3cios a presta\u00e7\u00e3o de servi\u00e7os de carga e descarga de gran\u00e9is de importa\u00e7\u00e3o e exporta\u00e7\u00e3o, al\u00e9m de armazenagem de fertilizantes e carga geral.<\/p>\n<p>Alinhado aos seus projetos de expans\u00e3o e amplia\u00e7\u00e3o, as atividades passaram a ser oficialmente executadas por essa nova unidade e assim, oferece \u00e0 cidade de Rio Grande uma estrutura ampla e qualificada para a movimenta\u00e7\u00e3o de cargas portu\u00e1rias.<\/p>\n<p>Principais Opera\u00e7\u00f5es:<\/p>\n<ul>\n<li>Armazenagem de fertilizantes e toras de madeira;<\/li>\n<li>Opera\u00e7\u00f5es de carga e descarga de gran\u00e9is e carga geral;<\/li>\n<\/ul>\n<p>O principal diferencial da Rocha \u2013 Unidade RS consiste no reconhecimento dos seus clientes quanto ao elevado n\u00edvel de atendimento e efici\u00eancia nos processos.<\/p>\n<p>A unidade oferece armaz\u00e9m para fertilizantes e cereais, com capacidade est\u00e1tica de <strong>35 mil toneladas<\/strong>, e p\u00e1tio para armazenagem de outros produtos. Al\u00e9m de contar com parcerias estrat\u00e9gicas para armazenagem, com capacidade est\u00e1tica de aproximadamente 45 mil toneladas.<\/p>\n<p>Considerando a capacidade est\u00e1tica do terminal pr\u00f3prio e de parceiros, a Rocha RS garante alta capacidade instalada para armazenagem de gran\u00e9is minerais e carga geral no Porto de Rio Grande, podendo movimentar com agilidade e efici\u00eancia diferenciadas aproximadamente 1 milh\u00e3o de toneladas por ano.<\/p>\n<\/div>\n<\/div><\/div><\/div><\/div><\/div><div id=\"pg-1141-2\"  class=\"panel-grid panel-has-style\" ><div class=\"siteorigin-panels-stretch panel-row-style panel-row-style-for-1141-2\" data-stretch-type=\"full\" ><div id=\"pgc-1141-2-0\"  class=\"panel-grid-cell\" ><div id=\"panel-1141-2-0-0\" class=\"so-panel widget widget_shortcodes-ultimate shortcodes-ultimate panel-first-child panel-last-child\" data-index=\"2\" ><div class=\"textwidget\"><div class=\"su-image-carousel  su-image-carousel-columns-3 su-image-carousel-has-spacing su-image-carousel-crop su-image-carousel-crop-4-3 su-image-carousel-has-outline su-image-carousel-adaptive su-image-carousel-slides-style-photo su-image-carousel-controls-style-light su-image-carousel-align-center\" style=\"\" data-flickity-options='{\"groupCells\":true,\"cellSelector\":\".su-image-carousel-item\",\"adaptiveHeight\":false,\"cellAlign\":\"left\",\"prevNextButtons\":true,\"pageDots\":true,\"autoPlay\":5000,\"imagesLoaded\":true,\"contain\":true,\"selectedAttraction\":0.025000000000000001387778780781445675529539585113525390625,\"friction\":0.2800000000000000266453525910037569701671600341796875}' id=\"su_image_carousel_69d197de8294a\"><div class=\"su-image-carousel-item\"><div class=\"su-image-carousel-item-content\"><a href=\"https:\/\/www.rochalog.com.br\/wp-content\/uploads\/2022\/07\/Rocha-Unidade-RS.jpg\" data-caption=\"\"><img loading=\"lazy\" decoding=\"async\" width=\"720\" height=\"450\" src=\"https:\/\/www.rochalog.com.br\/wp-content\/uploads\/2022\/07\/Rocha-Unidade-RS-1024x640.jpg\" class=\"\" alt=\"\" srcset=\"https:\/\/www.rochalog.com.br\/wp-content\/uploads\/2022\/07\/Rocha-Unidade-RS-1024x640.jpg 1024w, https:\/\/www.rochalog.com.br\/wp-content\/uploads\/2022\/07\/Rocha-Unidade-RS-300x188.jpg 300w, https:\/\/www.rochalog.com.br\/wp-content\/uploads\/2022\/07\/Rocha-Unidade-RS-768x480.jpg 768w, https:\/\/www.rochalog.com.br\/wp-content\/uploads\/2022\/07\/Rocha-Unidade-RS-18x12.jpg 18w, https:\/\/www.rochalog.com.br\/wp-content\/uploads\/2022\/07\/Rocha-Unidade-RS-436x272.jpg 436w, https:\/\/www.rochalog.com.br\/wp-content\/uploads\/2022\/07\/Rocha-Unidade-RS.jpg 1440w\" sizes=\"auto, (max-width: 720px) 100vw, 720px\" \/><\/a><\/div><\/div><div class=\"su-image-carousel-item\"><div class=\"su-image-carousel-item-content\"><a href=\"https:\/\/www.rochalog.com.br\/wp-content\/uploads\/2022\/07\/Rocha-Unidade-RS-2.jpg\" data-caption=\"\"><img loading=\"lazy\" decoding=\"async\" width=\"720\" height=\"450\" src=\"https:\/\/www.rochalog.com.br\/wp-content\/uploads\/2022\/07\/Rocha-Unidade-RS-2-1024x640.jpg\" class=\"\" alt=\"\" srcset=\"https:\/\/www.rochalog.com.br\/wp-content\/uploads\/2022\/07\/Rocha-Unidade-RS-2-1024x640.jpg 1024w, https:\/\/www.rochalog.com.br\/wp-content\/uploads\/2022\/07\/Rocha-Unidade-RS-2-300x188.jpg 300w, https:\/\/www.rochalog.com.br\/wp-content\/uploads\/2022\/07\/Rocha-Unidade-RS-2-768x480.jpg 768w, https:\/\/www.rochalog.com.br\/wp-content\/uploads\/2022\/07\/Rocha-Unidade-RS-2-18x12.jpg 18w, https:\/\/www.rochalog.com.br\/wp-content\/uploads\/2022\/07\/Rocha-Unidade-RS-2-436x272.jpg 436w, https:\/\/www.rochalog.com.br\/wp-content\/uploads\/2022\/07\/Rocha-Unidade-RS-2.jpg 1440w\" sizes=\"auto, (max-width: 720px) 100vw, 720px\" \/><\/a><\/div><\/div><div class=\"su-image-carousel-item\"><div class=\"su-image-carousel-item-content\"><a href=\"https:\/\/www.rochalog.com.br\/wp-content\/uploads\/2022\/07\/Rocha-Unidade-RS-3.jpg\" data-caption=\"\"><img loading=\"lazy\" decoding=\"async\" width=\"720\" height=\"450\" src=\"https:\/\/www.rochalog.com.br\/wp-content\/uploads\/2022\/07\/Rocha-Unidade-RS-3-1024x640.jpg\" class=\"\" alt=\"\" srcset=\"https:\/\/www.rochalog.com.br\/wp-content\/uploads\/2022\/07\/Rocha-Unidade-RS-3-1024x640.jpg 1024w, https:\/\/www.rochalog.com.br\/wp-content\/uploads\/2022\/07\/Rocha-Unidade-RS-3-300x188.jpg 300w, https:\/\/www.rochalog.com.br\/wp-content\/uploads\/2022\/07\/Rocha-Unidade-RS-3-768x480.jpg 768w, https:\/\/www.rochalog.com.br\/wp-content\/uploads\/2022\/07\/Rocha-Unidade-RS-3-18x12.jpg 18w, https:\/\/www.rochalog.com.br\/wp-content\/uploads\/2022\/07\/Rocha-Unidade-RS-3-436x272.jpg 436w, https:\/\/www.rochalog.com.br\/wp-content\/uploads\/2022\/07\/Rocha-Unidade-RS-3.jpg 1440w\" sizes=\"auto, (max-width: 720px) 100vw, 720px\" \/><\/a><\/div><\/div><div class=\"su-image-carousel-item\"><div class=\"su-image-carousel-item-content\"><a href=\"https:\/\/www.rochalog.com.br\/wp-content\/uploads\/2022\/07\/Rocha-Unidade-RS-5.jpg\" data-caption=\"\"><img loading=\"lazy\" decoding=\"async\" width=\"720\" height=\"450\" src=\"https:\/\/www.rochalog.com.br\/wp-content\/uploads\/2022\/07\/Rocha-Unidade-RS-5-1024x640.jpg\" class=\"\" alt=\"\" srcset=\"https:\/\/www.rochalog.com.br\/wp-content\/uploads\/2022\/07\/Rocha-Unidade-RS-5-1024x640.jpg 1024w, https:\/\/www.rochalog.com.br\/wp-content\/uploads\/2022\/07\/Rocha-Unidade-RS-5-300x188.jpg 300w, https:\/\/www.rochalog.com.br\/wp-content\/uploads\/2022\/07\/Rocha-Unidade-RS-5-768x480.jpg 768w, https:\/\/www.rochalog.com.br\/wp-content\/uploads\/2022\/07\/Rocha-Unidade-RS-5-18x12.jpg 18w, https:\/\/www.rochalog.com.br\/wp-content\/uploads\/2022\/07\/Rocha-Unidade-RS-5-436x272.jpg 436w, https:\/\/www.rochalog.com.br\/wp-content\/uploads\/2022\/07\/Rocha-Unidade-RS-5.jpg 1440w\" sizes=\"auto, (max-width: 720px) 100vw, 720px\" \/><\/a><\/div><\/div><div class=\"su-image-carousel-item\"><div class=\"su-image-carousel-item-content\"><a href=\"https:\/\/www.rochalog.com.br\/wp-content\/uploads\/2022\/07\/Rocha-Unidade-RS-6.jpg\" data-caption=\"\"><img loading=\"lazy\" decoding=\"async\" width=\"720\" height=\"450\" src=\"https:\/\/www.rochalog.com.br\/wp-content\/uploads\/2022\/07\/Rocha-Unidade-RS-6-1024x640.jpg\" class=\"\" alt=\"\" srcset=\"https:\/\/www.rochalog.com.br\/wp-content\/uploads\/2022\/07\/Rocha-Unidade-RS-6-1024x640.jpg 1024w, https:\/\/www.rochalog.com.br\/wp-content\/uploads\/2022\/07\/Rocha-Unidade-RS-6-300x188.jpg 300w, https:\/\/www.rochalog.com.br\/wp-content\/uploads\/2022\/07\/Rocha-Unidade-RS-6-768x480.jpg 768w, https:\/\/www.rochalog.com.br\/wp-content\/uploads\/2022\/07\/Rocha-Unidade-RS-6-18x12.jpg 18w, https:\/\/www.rochalog.com.br\/wp-content\/uploads\/2022\/07\/Rocha-Unidade-RS-6-436x272.jpg 436w, https:\/\/www.rochalog.com.br\/wp-content\/uploads\/2022\/07\/Rocha-Unidade-RS-6.jpg 1440w\" sizes=\"auto, (max-width: 720px) 100vw, 720px\" \/><\/a><\/div><\/div><div class=\"su-image-carousel-item\"><div class=\"su-image-carousel-item-content\"><a href=\"https:\/\/www.rochalog.com.br\/wp-content\/uploads\/2022\/07\/Rocha-Unidade-RS-7.jpg\" data-caption=\"\"><img loading=\"lazy\" decoding=\"async\" width=\"720\" height=\"450\" src=\"https:\/\/www.rochalog.com.br\/wp-content\/uploads\/2022\/07\/Rocha-Unidade-RS-7-1024x640.jpg\" class=\"\" alt=\"\" srcset=\"https:\/\/www.rochalog.com.br\/wp-content\/uploads\/2022\/07\/Rocha-Unidade-RS-7-1024x640.jpg 1024w, https:\/\/www.rochalog.com.br\/wp-content\/uploads\/2022\/07\/Rocha-Unidade-RS-7-300x188.jpg 300w, https:\/\/www.rochalog.com.br\/wp-content\/uploads\/2022\/07\/Rocha-Unidade-RS-7-768x480.jpg 768w, https:\/\/www.rochalog.com.br\/wp-content\/uploads\/2022\/07\/Rocha-Unidade-RS-7-18x12.jpg 18w, https:\/\/www.rochalog.com.br\/wp-content\/uploads\/2022\/07\/Rocha-Unidade-RS-7-436x272.jpg 436w, https:\/\/www.rochalog.com.br\/wp-content\/uploads\/2022\/07\/Rocha-Unidade-RS-7.jpg 1440w\" sizes=\"auto, (max-width: 720px) 100vw, 720px\" \/><\/a><\/div><\/div><\/div><script id=\"su_image_carousel_69d197de8294a_script\">if(window.SUImageCarousel){setTimeout(function() {window.SUImageCarousel.initGallery(document.getElementById(\"su_image_carousel_69d197de8294a\"))}, 0);}var su_image_carousel_69d197de8294a_script=document.getElementById(\"su_image_carousel_69d197de8294a_script\");if(su_image_carousel_69d197de8294a_script){su_image_carousel_69d197de8294a_script.parentNode.removeChild(su_image_carousel_69d197de8294a_script);}<\/script><\/div><\/div><\/div><\/div><\/div><div id=\"pg-1141-3\"  class=\"panel-grid panel-has-style\" ><div class=\"siteorigin-panels-stretch panel-row-style panel-row-style-for-1141-3\" data-stretch-type=\"full\" ><div id=\"pgc-1141-3-0\"  class=\"panel-grid-cell\" ><div id=\"panel-1141-3-0-0\" class=\"so-panel widget widget_sow-editor panel-first-child panel-last-child\" data-index=\"3\" ><div\n\t\t\t\n\t\t\tclass=\"so-widget-sow-editor so-widget-sow-editor-base\"\n\t\t\t\n\t\t>\n<div class=\"siteorigin-widget-tinymce textwidget\">\n\t<h4 style=\"margin-bottom: 0;\">Current Capacity<\/h4>\n<p>Capacidade est\u00e1tica para a estocagem de gran\u00e9is e carga geral de <strong>120 mil toneladas<\/strong>, sendo:<\/p>\n<\/div>\n<\/div><\/div><\/div><\/div><\/div><div id=\"pg-1141-4\"  class=\"panel-grid panel-has-style\" ><div class=\"linha-granel panel-row-style panel-row-style-for-1141-4\" ><div id=\"pgc-1141-4-0\"  class=\"panel-grid-cell\" ><div id=\"panel-1141-4-0-0\" class=\"so-panel widget widget_sow-editor panel-first-child panel-last-child\" data-index=\"4\" ><div class=\"fino borda-esquerda panel-widget-style panel-widget-style-for-1141-4-0-0\" ><div\n\t\t\t\n\t\t\tclass=\"so-widget-sow-editor so-widget-sow-editor-base\"\n\t\t\t\n\t\t>\n<div class=\"siteorigin-widget-tinymce textwidget\">\n\t<p><img loading=\"lazy\" decoding=\"async\" class=\"size-full wp-image-2181 alignnone\" src=\"https:\/\/www.rochalog.com.br\/wp-content\/uploads\/2018\/05\/gimpo-icone-06.png\" alt=\"\" width=\"66\" height=\"42\" \/><\/p>\n<p><strong>80 mil toneladas para fertilizantes<\/strong> (35 mil tons terminal pr\u00f3prio + 45 mil tons armaz\u00e9m de parceiros).<\/p>\n<\/div>\n<\/div><\/div><\/div><\/div><div id=\"pgc-1141-4-1\"  class=\"panel-grid-cell\" ><div id=\"panel-1141-4-1-0\" class=\"so-panel widget widget_sow-editor panel-first-child panel-last-child\" data-index=\"5\" ><div class=\"fino borda-esquerda panel-widget-style panel-widget-style-for-1141-4-1-0\" ><div\n\t\t\t\n\t\t\tclass=\"so-widget-sow-editor so-widget-sow-editor-base\"\n\t\t\t\n\t\t>\n<div class=\"siteorigin-widget-tinymce textwidget\">\n\t<p><img loading=\"lazy\" decoding=\"async\" class=\"size-full wp-image-4863 alignleft\" src=\"https:\/\/www.rochalog.com.br\/wp-content\/uploads\/2019\/03\/icones_cargas_especiais.png\" alt=\"\" width=\"119\" height=\"42\" \/><\/p>\n<p>&nbsp;<\/p>\n<p>&nbsp;<\/p>\n<p><strong>40 mil toneladas para armazenagem de toras de madeira<\/strong> em p\u00e1tio preparado para acomoda\u00e7\u00e3o deste tipo de carga.<\/p>\n<\/div>\n<\/div><\/div><\/div><\/div><div id=\"pgc-1141-4-2\"  class=\"panel-grid-cell panel-grid-cell-empty panel-grid-cell-mobile-last\" ><\/div><div id=\"pgc-1141-4-3\"  class=\"panel-grid-cell panel-grid-cell-empty\" ><\/div><\/div><\/div><div id=\"pg-1141-5\"  class=\"panel-grid panel-has-style\" ><div class=\"siteorigin-panels-stretch panel-row-style panel-row-style-for-1141-5\" data-stretch-type=\"full\" ><div id=\"pgc-1141-5-0\"  class=\"panel-grid-cell\" ><div id=\"panel-1141-5-0-0\" class=\"so-panel widget widget_sow-editor panel-first-child panel-last-child\" data-index=\"6\" ><div\n\t\t\t\n\t\t\tclass=\"so-widget-sow-editor so-widget-sow-editor-base\"\n\t\t\t\n\t\t>\n<div class=\"siteorigin-widget-tinymce textwidget\">\n\t<h4>DIFERENTIALS<\/h4>\n<\/div>\n<\/div><\/div><\/div><\/div><\/div><div id=\"pg-1141-6\"  class=\"panel-grid panel-has-style\" ><div class=\"linha-granel panel-row-style panel-row-style-for-1141-6\" ><div id=\"pgc-1141-6-0\"  class=\"panel-grid-cell\" ><div id=\"panel-1141-6-0-0\" class=\"so-panel widget widget_sow-editor panel-first-child panel-last-child\" data-index=\"7\" ><div class=\"fino borda-esquerda panel-widget-style panel-widget-style-for-1141-6-0-0\" ><div\n\t\t\t\n\t\t\tclass=\"so-widget-sow-editor so-widget-sow-editor-base\"\n\t\t\t\n\t\t>\n<div class=\"siteorigin-widget-tinymce textwidget\">\n\t<p><img loading=\"lazy\" decoding=\"async\" class=\"size-full wp-image-2762 alignnone\" src=\"https:\/\/www.rochalog.com.br\/wp-content\/uploads\/2018\/05\/portoseco-icone-02.png\" alt=\"\" width=\"119\" height=\"42\" \/><\/p>\n<p>Terminal estrategicamente localizado em \u00e1rea industrial, pr\u00f3ximo aos maiores terminais e fertilizantes;<\/p>\n<\/div>\n<\/div><\/div><\/div><\/div><div id=\"pgc-1141-6-1\"  class=\"panel-grid-cell\" ><div id=\"panel-1141-6-1-0\" class=\"so-panel widget widget_sow-editor panel-first-child panel-last-child\" data-index=\"8\" ><div class=\"fino borda-esquerda panel-widget-style panel-widget-style-for-1141-6-1-0\" ><div\n\t\t\t\n\t\t\tclass=\"so-widget-sow-editor so-widget-sow-editor-base\"\n\t\t\t\n\t\t>\n<div class=\"siteorigin-widget-tinymce textwidget\">\n\t<p><img loading=\"lazy\" decoding=\"async\" class=\"size-full wp-image-54 alignnone\" src=\"https:\/\/www.rochalog.com.br\/wp-content\/uploads\/2018\/03\/ICONE_NAVIO.png\" alt=\"Navio - Rocha Terminais Portu\u00e1rios e Log\u00edstica\" width=\"49\" height=\"39\" \/><\/p>\n<p>Opera\u00e7\u00f5es \u00e1geis de importa\u00e7\u00e3o e exporta\u00e7\u00e3o, al\u00e9m de transbordo de navios para barca\u00e7as;<\/p>\n<\/div>\n<\/div><\/div><\/div><\/div><div id=\"pgc-1141-6-2\"  class=\"panel-grid-cell panel-grid-cell-mobile-last\" ><div id=\"panel-1141-6-2-0\" class=\"so-panel widget widget_sow-editor panel-first-child panel-last-child\" data-index=\"9\" ><div class=\"fino borda-esquerda panel-widget-style panel-widget-style-for-1141-6-2-0\" ><div\n\t\t\t\n\t\t\tclass=\"so-widget-sow-editor so-widget-sow-editor-base\"\n\t\t\t\n\t\t>\n<div class=\"siteorigin-widget-tinymce textwidget\">\n\t<p><img loading=\"lazy\" decoding=\"async\" class=\"wp-image-8824 alignnone\" src=\"https:\/\/www.rochalog.com.br\/wp-content\/uploads\/2022\/07\/guindaste-2.png\" alt=\"\" width=\"37\" height=\"38\" srcset=\"https:\/\/www.rochalog.com.br\/wp-content\/uploads\/2022\/07\/guindaste-2.png 415w, https:\/\/www.rochalog.com.br\/wp-content\/uploads\/2022\/07\/guindaste-2-292x300.png 292w, https:\/\/www.rochalog.com.br\/wp-content\/uploads\/2022\/07\/guindaste-2-150x150.png 150w, https:\/\/www.rochalog.com.br\/wp-content\/uploads\/2022\/07\/guindaste-2-12x12.png 12w\" sizes=\"auto, (max-width: 37px) 100vw, 37px\" \/><\/p>\n<p>3 guindastes de terra\/MHCs (Mobile Harbor Cranes), que garantem escala, produtividade, seguran\u00e7a e qualidade dos produtos nas descargas de navios.<\/p>\n<\/div>\n<\/div><\/div><\/div><\/div><div id=\"pgc-1141-6-3\"  class=\"panel-grid-cell panel-grid-cell-empty\" ><\/div><\/div><\/div><div id=\"pg-1141-7\"  class=\"panel-grid panel-has-style\" ><div class=\"siteorigin-panels-stretch panel-row-style panel-row-style-for-1141-7\" data-stretch-type=\"full\" ><div id=\"pgc-1141-7-0\"  class=\"panel-grid-cell\" ><div id=\"panel-1141-7-0-0\" class=\"so-panel widget widget_sow-editor panel-first-child panel-last-child\" data-index=\"10\" ><div\n\t\t\t\n\t\t\tclass=\"so-widget-sow-editor so-widget-sow-editor-base\"\n\t\t\t\n\t\t>\n<div class=\"siteorigin-widget-tinymce textwidget\">\n\t<h4>TO WHOM IT IS INTENDED<\/h4>\n<\/div>\n<\/div><\/div><\/div><\/div><\/div><div id=\"pg-1141-8\"  class=\"panel-grid panel-no-style\" ><div id=\"pgc-1141-8-0\"  class=\"panel-grid-cell\" ><div id=\"panel-1141-8-0-0\" class=\"so-panel widget widget_sow-editor panel-first-child panel-last-child\" data-index=\"11\" ><div\n\t\t\t\n\t\t\tclass=\"so-widget-sow-editor so-widget-sow-editor-base\"\n\t\t\t\n\t\t>\n<div class=\"siteorigin-widget-tinymce textwidget\">\n\t<p>Empresas dos mais variados segmentos que trabalham com importa\u00e7\u00e3o ou exporta\u00e7\u00e3o de gran\u00e9is e carga geral.<\/p>\n<\/div>\n<\/div><\/div><\/div><\/div><div id=\"pg-1141-9\"  class=\"panel-grid panel-has-style\" ><div class=\"siteorigin-panels-stretch panel-row-style panel-row-style-for-1141-9\" data-stretch-type=\"full\" ><div id=\"pgc-1141-9-0\"  class=\"panel-grid-cell panel-grid-cell-empty\" ><\/div><\/div><\/div><div id=\"pg-1141-10\"  class=\"panel-grid panel-no-style\" ><div id=\"pgc-1141-10-0\"  class=\"panel-grid-cell panel-grid-cell-empty panel-grid-cell-mobile-last\" ><\/div><div id=\"pgc-1141-10-1\"  class=\"panel-grid-cell panel-grid-cell-empty\" ><\/div><\/div><div id=\"pg-1141-11\"  class=\"panel-grid panel-no-style\" ><div id=\"pgc-1141-11-0\"  class=\"panel-grid-cell\" ><\/div><\/div><\/div>","protected":false},"excerpt":{"rendered":"<p>UNIDADE RS Em 2013, a ROCHA amplia sua presen\u00e7a geogr\u00e1fica no segmento, passando a deter participa\u00e7\u00e3o acion\u00e1ria em uma empresa [&hellip;]<\/p>","protected":false},"author":1,"featured_media":9180,"parent":2238,"menu_order":0,"comment_status":"closed","ping_status":"closed","template":"templates\/template-full-notitle.php","meta":{"footnotes":""},"class_list":["post-1141","page","type-page","status-publish","has-post-thumbnail","hentry","post","post-with-thumbnail","post-with-thumbnail-large"],"aioseo_notices":[],"jetpack_sharing_enabled":true,"_links":{"self":[{"href":"https:\/\/www.rochalog.com.br\/en\/wp-json\/wp\/v2\/pages\/1141","targetHints":{"allow":["GET"]}}],"collection":[{"href":"https:\/\/www.rochalog.com.br\/en\/wp-json\/wp\/v2\/pages"}],"about":[{"href":"https:\/\/www.rochalog.com.br\/en\/wp-json\/wp\/v2\/types\/page"}],"author":[{"embeddable":true,"href":"https:\/\/www.rochalog.com.br\/en\/wp-json\/wp\/v2\/users\/1"}],"replies":[{"embeddable":true,"href":"https:\/\/www.rochalog.com.br\/en\/wp-json\/wp\/v2\/comments?post=1141"}],"version-history":[{"count":0,"href":"https:\/\/www.rochalog.com.br\/en\/wp-json\/wp\/v2\/pages\/1141\/revisions"}],"up":[{"embeddable":true,"href":"https:\/\/www.rochalog.com.br\/en\/wp-json\/wp\/v2\/pages\/2238"}],"wp:featuredmedia":[{"embeddable":true,"href":"https:\/\/www.rochalog.com.br\/en\/wp-json\/wp\/v2\/media\/9180"}],"wp:attachment":[{"href":"https:\/\/www.rochalog.com.br\/en\/wp-json\/wp\/v2\/media?parent=1141"}],"curies":[{"name":"wp","href":"https:\/\/api.w.org\/{rel}","templated":true}]}}