{"id":1119,"date":"2018-03-27T20:58:08","date_gmt":"2018-03-27T23:58:08","guid":{"rendered":"http:\/\/pontodesign.com.br\/clientes\/rocha\/site\/?page_id=1119"},"modified":"2023-05-24T17:20:47","modified_gmt":"2023-05-24T20:20:47","slug":"cattalini","status":"publish","type":"page","link":"https:\/\/www.rochalog.com.br\/en\/negocios-e-investidas-2\/cattalini\/","title":{"rendered":"Cattalini"},"content":{"rendered":"<div id=\"pl-1119\"  class=\"panel-layout\" ><div id=\"pg-1119-0\"  class=\"panel-grid panel-has-style\" ><div class=\"rocha-banner siteorigin-panels-stretch panel-row-style panel-row-style-for-1119-0\" id=\"rocha-banner\" data-stretch-type=\"full-stretched\" ><div id=\"pgc-1119-0-0\"  class=\"panel-grid-cell panel-grid-cell-empty\" ><\/div><\/div><\/div><div id=\"pg-1119-1\"  class=\"panel-grid panel-has-style\" ><div class=\"siteorigin-panels-stretch panel-row-style panel-row-style-for-1119-1\" data-stretch-type=\"full\" ><div id=\"pgc-1119-1-0\"  class=\"panel-grid-cell\" ><div id=\"panel-1119-1-0-0\" class=\"so-panel widget widget_sow-editor panel-first-child panel-last-child\" data-index=\"0\" ><div\n\t\t\t\n\t\t\tclass=\"so-widget-sow-editor so-widget-sow-editor-base\"\n\t\t\t\n\t\t>\n<div class=\"siteorigin-widget-tinymce textwidget\">\n\t<p><img loading=\"lazy\" decoding=\"async\" class=\"alignnone wp-image-1123\" src=\"https:\/\/www.rochalog.com.br\/wp-content\/uploads\/2018\/03\/logo-cattalini.jpg\" alt=\"\" width=\"200\" height=\"40\" srcset=\"https:\/\/www.rochalog.com.br\/wp-content\/uploads\/2018\/03\/logo-cattalini.jpg 301w, https:\/\/www.rochalog.com.br\/wp-content\/uploads\/2018\/03\/logo-cattalini-300x60.jpg 300w\" sizes=\"auto, (max-width: 200px) 100vw, 200px\" \/><\/p>\n<\/div>\n<\/div><\/div><\/div><\/div><\/div><div id=\"pg-1119-2\"  class=\"panel-grid panel-has-style\" ><div class=\"siteorigin-panels-stretch panel-row-style panel-row-style-for-1119-2\" data-stretch-type=\"full\" ><div id=\"pgc-1119-2-0\"  class=\"panel-grid-cell\" ><div id=\"panel-1119-2-0-0\" class=\"so-panel widget widget_sow-editor panel-first-child\" data-index=\"1\" ><div\n\t\t\t\n\t\t\tclass=\"so-widget-sow-editor so-widget-sow-editor-base\"\n\t\t\t\n\t\t>\n<div class=\"siteorigin-widget-tinymce textwidget\">\n\t<h1 style=\"margin-bottom: 0;\">CATTALINI TERMINAIS MAR\u00cdTIMOS S.A.<\/h1>\n<p style=\"margin-top: 3px;\"><strong>The Largest private terminal of liquid bulk in Latin America.<\/strong><\/p>\n<\/div>\n<\/div><\/div><div id=\"panel-1119-2-0-1\" class=\"so-panel widget widget_sow-editor panel-last-child\" data-index=\"2\" ><div\n\t\t\t\n\t\t\tclass=\"so-widget-sow-editor so-widget-sow-editor-base\"\n\t\t\t\n\t\t>\n<div class=\"siteorigin-widget-tinymce textwidget\">\n\t<p style=\"text-align: justify;\">ROCHA holds a 50% sharehold interest in Cattalini Terminais Mar\u00edtimos S \/ A, which currently has the largest private bulk liquid terminal in Latin America. The company was founded in 1981 in Paranagu\u00e1, Paran\u00e1. It is an independent port operator and a leader among liquid bulk terminals in Brazil, with proven expertise in the safe storage and handling of vegetable, chemical and fuel oils.<\/p>\n<p style=\"text-align: justify;\">A Cattalini Terminais Mar\u00edtimos mant\u00e9m as certifica\u00e7\u00f5es ISO 45001 (Sistema de Gest\u00e3o de Seguran\u00e7a e Sa\u00fade Ocupacional), ISO 14001 (Sistema de Gest\u00e3o Ambiental), ISO 9001 (Sistema de Gest\u00e3o da Qualidade) e \u00e9 auditada pelo CDI-T (Chemical Distribution Institute-Terminals).<\/p>\n<p style=\"text-align: justify;\">Com 610 mil metros c\u00fabicos de capacidade est\u00e1tica, a estrutura disponibilizada aos clientes permite a armazenagem dos mais variados gran\u00e9is l\u00edquidos. O espa\u00e7o \u00e9 interligado por meio de oito dutos aos quatro ber\u00e7os para atraca\u00e7\u00e3o (2 privados e 2 p\u00fablicos), com capacidade para atender quatro navios simultaneamente e p\u00e1tio com capacidade para receber 350 caminh\u00f5es.<\/p>\n<p style=\"text-align: justify;\">A estrutura da Cattalini oferece 133 tanques, divididos em quatro centros de tancagens alfandegados e entrepostados, interligados por sistema de tubula\u00e7\u00f5es independentes, assegurando a separa\u00e7\u00e3o e seguran\u00e7a dos produtos armazenados.<\/p>\n<p style=\"text-align: justify;\">To learn more about Cattalini, visit the company's website. Just click <a href=\"https:\/\/www.cattaliniterminais.com.br\/\">HERE.<\/a><\/p>\n<\/div>\n<\/div><\/div><\/div><\/div><\/div><div id=\"pg-1119-3\"  class=\"panel-grid panel-has-style\" ><div class=\"siteorigin-panels-stretch panel-row-style panel-row-style-for-1119-3\" data-stretch-type=\"full\" ><div id=\"pgc-1119-3-0\"  class=\"panel-grid-cell\" ><\/div><\/div><\/div><div id=\"pg-1119-4\"  class=\"panel-grid panel-has-style\" ><div class=\"barras siteorigin-panels-stretch panel-row-style panel-row-style-for-1119-4\" data-stretch-type=\"full\" ><div id=\"pgc-1119-4-0\"  class=\"panel-grid-cell panel-grid-cell-empty\" ><\/div><\/div><\/div><\/div>","protected":false},"excerpt":{"rendered":"<p>CATTALINI TERMINAIS MAR\u00cdTIMOS S.A. Maior terminal privado para gran\u00e9is l\u00edquidos da Am\u00e9rica Latina. A ROCHA det\u00e9m 50% de participa\u00e7\u00e3o societ\u00e1ria [&hellip;]<\/p>","protected":false},"author":1,"featured_media":6755,"parent":220,"menu_order":0,"comment_status":"closed","ping_status":"closed","template":"templates\/template-full-notitle.php","meta":{"footnotes":""},"class_list":["post-1119","page","type-page","status-publish","has-post-thumbnail","hentry","post","post-with-thumbnail","post-with-thumbnail-large"],"aioseo_notices":[],"jetpack_sharing_enabled":true,"_links":{"self":[{"href":"https:\/\/www.rochalog.com.br\/en\/wp-json\/wp\/v2\/pages\/1119","targetHints":{"allow":["GET"]}}],"collection":[{"href":"https:\/\/www.rochalog.com.br\/en\/wp-json\/wp\/v2\/pages"}],"about":[{"href":"https:\/\/www.rochalog.com.br\/en\/wp-json\/wp\/v2\/types\/page"}],"author":[{"embeddable":true,"href":"https:\/\/www.rochalog.com.br\/en\/wp-json\/wp\/v2\/users\/1"}],"replies":[{"embeddable":true,"href":"https:\/\/www.rochalog.com.br\/en\/wp-json\/wp\/v2\/comments?post=1119"}],"version-history":[{"count":0,"href":"https:\/\/www.rochalog.com.br\/en\/wp-json\/wp\/v2\/pages\/1119\/revisions"}],"up":[{"embeddable":true,"href":"https:\/\/www.rochalog.com.br\/en\/wp-json\/wp\/v2\/pages\/220"}],"wp:featuredmedia":[{"embeddable":true,"href":"https:\/\/www.rochalog.com.br\/en\/wp-json\/wp\/v2\/media\/6755"}],"wp:attachment":[{"href":"https:\/\/www.rochalog.com.br\/en\/wp-json\/wp\/v2\/media?parent=1119"}],"curies":[{"name":"wp","href":"https:\/\/api.w.org\/{rel}","templated":true}]}}