{"id":1040,"date":"2018-03-27T15:40:55","date_gmt":"2018-03-27T18:40:55","guid":{"rendered":"http:\/\/pontodesign.com.br\/clientes\/rocha\/site\/?page_id=1040"},"modified":"2024-06-10T16:39:45","modified_gmt":"2024-06-10T19:39:45","slug":"porto-seco-e-industrializados","status":"publish","type":"page","link":"https:\/\/www.rochalog.com.br\/en\/unidades-de-negocio-2\/porto-seco-e-industrializados\/","title":{"rendered":"Industrialized"},"content":{"rendered":"<div id=\"pl-1040\"  class=\"panel-layout\" ><div id=\"pg-1040-0\"  class=\"panel-grid panel-has-style\" ><div class=\"rocha-banner siteorigin-panels-stretch panel-row-style panel-row-style-for-1040-0\" id=\"rocha-banner\" data-stretch-type=\"full-width-stretch\" ><div id=\"pgc-1040-0-0\"  class=\"panel-grid-cell panel-grid-cell-empty\" ><\/div><\/div><\/div><div id=\"pg-1040-1\"  class=\"panel-grid panel-no-style\" ><div id=\"pgc-1040-1-0\"  class=\"panel-grid-cell\" ><div id=\"panel-1040-1-0-0\" class=\"so-panel widget widget_sow-editor panel-first-child panel-last-child\" data-index=\"0\" ><div\n\t\t\t\n\t\t\tclass=\"so-widget-sow-editor so-widget-sow-editor-base\"\n\t\t\t\n\t\t>\n<div class=\"siteorigin-widget-tinymce textwidget\">\n\t<h1 style=\"text-align: left; margin-bottom: 0;\">Industrialized<\/h1>\n<p style=\"margin-top: 3px;\"><strong>Integrated cargo logistics operations.<\/strong><\/p>\n<p>ROCHA stands out in the market for containerized cargo, general cargo and project cargo of any nature, through its following subsidiaries and services:<\/p>\n<ul>\n<li>AZ9A Facility \u2013 Bonded facility located in Paranagu\u00e1 (PR);<\/li>\n<li>Customs clearance;<\/li>\n<li>Dry Port - Bonded warehouse located in S\u00e3o Francisco do Sul (SC);<\/li>\n<li>Road transportation<\/li>\n<\/ul>\n<p>Integrated solution for logistics in a single company attending clients in a personalized and customized way.<\/p>\n<p>Click on the items below and learn more about our industrialized business<\/p>\n<\/div>\n<\/div><\/div><\/div><\/div><div id=\"pg-1040-2\"  class=\"panel-grid panel-has-style\" ><div class=\"siteorigin-panels-stretch panel-row-style panel-row-style-for-1040-2\" data-stretch-type=\"full\" ><div id=\"pgc-1040-2-0\"  class=\"panel-grid-cell\" ><div id=\"panel-1040-2-0-0\" class=\"so-panel widget widget_sow-editor panel-first-child\" data-index=\"1\" ><div class=\"firula-titulo-botoes panel-widget-style panel-widget-style-for-1040-2-0-0\" ><div\n\t\t\t\n\t\t\tclass=\"so-widget-sow-editor so-widget-sow-editor-base\"\n\t\t\t\n\t\t>\n<div class=\"siteorigin-widget-tinymce textwidget\">\n\t<h3 style=\"text-align: center;\">AZ9A FACILITY<\/h3>\n<\/div>\n<\/div><\/div><\/div><div id=\"panel-1040-2-0-1\" class=\"so-panel widget widget_sow-button panel-last-child\" data-index=\"2\" ><div class=\"btn-saibamais panel-widget-style panel-widget-style-for-1040-2-0-1\" ><div\n\t\t\t\n\t\t\tclass=\"so-widget-sow-button so-widget-sow-button-flat-cda89239c2e3-1040\"\n\t\t\t\n\t\t><div class=\"ow-button-base ow-button-align-left\"\n>\n\t\t\t<a\n\t\t\t\t\thref=\"https:\/\/www.rochalog.com.br\/en\/unidades-de-negocio-2\/porto-seco-e-industrializados\/az9a-2\/\"\n\t\t\t\t\tclass=\"sowb-button ow-icon-placement-left ow-button-hover\" \t>\n\t\t<span>\n\t\t\t\n\t\t\tKNOW MORE\t\t<\/span>\n\t\t\t<\/a>\n\t<\/div>\n<\/div><\/div><\/div><\/div><div id=\"pgc-1040-2-1\"  class=\"panel-grid-cell\" ><div id=\"panel-1040-2-1-0\" class=\"so-panel widget widget_sow-editor panel-first-child\" data-index=\"3\" ><div class=\"firula-titulo-botoes panel-widget-style panel-widget-style-for-1040-2-1-0\" ><div\n\t\t\t\n\t\t\tclass=\"so-widget-sow-editor so-widget-sow-editor-base\"\n\t\t\t\n\t\t>\n<div class=\"siteorigin-widget-tinymce textwidget\">\n\t<h3 style=\"text-align: center;\">CUSTOMS CLEARANCE<\/h3>\n<\/div>\n<\/div><\/div><\/div><div id=\"panel-1040-2-1-1\" class=\"so-panel widget widget_sow-button panel-last-child\" data-index=\"4\" ><div class=\"btn-saibamais panel-widget-style panel-widget-style-for-1040-2-1-1\" ><div\n\t\t\t\n\t\t\tclass=\"so-widget-sow-button so-widget-sow-button-flat-9e893134e64e-1040\"\n\t\t\t\n\t\t><div class=\"ow-button-base ow-button-align-left\"\n>\n\t\t\t<a\n\t\t\t\t\thref=\"https:\/\/www.rochalog.com.br\/en\/?page_id=1017\"\n\t\t\t\t\tclass=\"sowb-button ow-icon-placement-left ow-button-hover\" \t>\n\t\t<span>\n\t\t\t\n\t\t\tKNOW MORE\t\t<\/span>\n\t\t\t<\/a>\n\t<\/div>\n<\/div><\/div><\/div><\/div><div id=\"pgc-1040-2-2\"  class=\"panel-grid-cell\" ><div id=\"panel-1040-2-2-0\" class=\"so-panel widget widget_sow-editor panel-first-child\" data-index=\"5\" ><div class=\"firula-titulo-botoes panel-widget-style panel-widget-style-for-1040-2-2-0\" ><div\n\t\t\t\n\t\t\tclass=\"so-widget-sow-editor so-widget-sow-editor-base\"\n\t\t\t\n\t\t>\n<div class=\"siteorigin-widget-tinymce textwidget\">\n\t<h3 style=\"text-align: center;\">DRY PORT<\/h3>\n<\/div>\n<\/div><\/div><\/div><div id=\"panel-1040-2-2-1\" class=\"so-panel widget widget_sow-button panel-last-child\" data-index=\"6\" ><div class=\"btn-saibamais panel-widget-style panel-widget-style-for-1040-2-2-1\" ><div\n\t\t\t\n\t\t\tclass=\"so-widget-sow-button so-widget-sow-button-flat-9e893134e64e-1040\"\n\t\t\t\n\t\t><div class=\"ow-button-base ow-button-align-left\"\n>\n\t\t\t<a\n\t\t\t\t\thref=\"https:\/\/www.rochalog.com.br\/en\/unidades-de-negocio-2\/porto-seco-e-industrializados\/porto-seco\/\"\n\t\t\t\t\tclass=\"sowb-button ow-icon-placement-left ow-button-hover\" \t>\n\t\t<span>\n\t\t\t\n\t\t\tKNOW MORE\t\t<\/span>\n\t\t\t<\/a>\n\t<\/div>\n<\/div><\/div><\/div><\/div><div id=\"pgc-1040-2-3\"  class=\"panel-grid-cell\" ><div id=\"panel-1040-2-3-0\" class=\"so-panel widget widget_sow-editor panel-first-child\" data-index=\"7\" ><div class=\"firula-titulo-botoes panel-widget-style panel-widget-style-for-1040-2-3-0\" ><div\n\t\t\t\n\t\t\tclass=\"so-widget-sow-editor so-widget-sow-editor-base\"\n\t\t\t\n\t\t>\n<div class=\"siteorigin-widget-tinymce textwidget\">\n\t<h3 style=\"text-align: center;\">ROAD TRANSPORTATION<\/h3>\n<\/div>\n<\/div><\/div><\/div><div id=\"panel-1040-2-3-1\" class=\"so-panel widget widget_sow-button panel-last-child\" data-index=\"8\" ><div class=\"btn-saibamais panel-widget-style panel-widget-style-for-1040-2-3-1\" ><div\n\t\t\t\n\t\t\tclass=\"so-widget-sow-button so-widget-sow-button-flat-9e893134e64e-1040\"\n\t\t\t\n\t\t><div class=\"ow-button-base ow-button-align-left\"\n>\n\t\t\t<a\n\t\t\t\t\thref=\"https:\/\/www.rochalog.com.br\/en\/unidades-de-negocio-2\/porto-seco-e-industrializados\/transporte-rodoviario\/\"\n\t\t\t\t\tclass=\"sowb-button ow-icon-placement-left ow-button-hover\" \t>\n\t\t<span>\n\t\t\t\n\t\t\tKNOW MORE\t\t<\/span>\n\t\t\t<\/a>\n\t<\/div>\n<\/div><\/div><\/div><\/div><\/div><\/div><div id=\"pg-1040-3\"  class=\"panel-grid panel-has-style\" ><div class=\"siteorigin-panels-stretch panel-row-style panel-row-style-for-1040-3\" data-stretch-type=\"full\" ><div id=\"pgc-1040-3-0\"  class=\"panel-grid-cell panel-grid-cell-empty\" ><\/div><div id=\"pgc-1040-3-1\"  class=\"panel-grid-cell panel-grid-cell-empty panel-grid-cell-mobile-last\" ><\/div><div id=\"pgc-1040-3-2\"  class=\"panel-grid-cell panel-grid-cell-empty\" ><\/div><\/div><\/div><div id=\"pg-1040-4\"  class=\"panel-grid panel-has-style\" ><div class=\"siteorigin-panels-stretch panel-row-style panel-row-style-for-1040-4\" data-stretch-type=\"full\" ><div id=\"pgc-1040-4-0\"  class=\"panel-grid-cell\" ><\/div><\/div><\/div><div id=\"pg-1040-5\"  class=\"panel-grid panel-has-style\" ><div class=\"barras siteorigin-panels-stretch panel-row-style panel-row-style-for-1040-5\" data-stretch-type=\"full\" ><div id=\"pgc-1040-5-0\"  class=\"panel-grid-cell panel-grid-cell-empty\" ><\/div><\/div><\/div><\/div>","protected":false},"excerpt":{"rendered":"<p>Industrializados Opera\u00e7\u00f5es log\u00edsticas integradas para maior conveni\u00eancia. A ROCHA se destaca no mercado de cargas conteinerizadas, cargas gerais e de [&hellip;]<\/p>","protected":false},"author":1,"featured_media":6981,"parent":2238,"menu_order":0,"comment_status":"closed","ping_status":"closed","template":"templates\/template-full-notitle.php","meta":{"footnotes":""},"class_list":["post-1040","page","type-page","status-publish","has-post-thumbnail","hentry","post","post-with-thumbnail","post-with-thumbnail-large"],"aioseo_notices":[],"jetpack_sharing_enabled":true,"_links":{"self":[{"href":"https:\/\/www.rochalog.com.br\/en\/wp-json\/wp\/v2\/pages\/1040","targetHints":{"allow":["GET"]}}],"collection":[{"href":"https:\/\/www.rochalog.com.br\/en\/wp-json\/wp\/v2\/pages"}],"about":[{"href":"https:\/\/www.rochalog.com.br\/en\/wp-json\/wp\/v2\/types\/page"}],"author":[{"embeddable":true,"href":"https:\/\/www.rochalog.com.br\/en\/wp-json\/wp\/v2\/users\/1"}],"replies":[{"embeddable":true,"href":"https:\/\/www.rochalog.com.br\/en\/wp-json\/wp\/v2\/comments?post=1040"}],"version-history":[{"count":0,"href":"https:\/\/www.rochalog.com.br\/en\/wp-json\/wp\/v2\/pages\/1040\/revisions"}],"up":[{"embeddable":true,"href":"https:\/\/www.rochalog.com.br\/en\/wp-json\/wp\/v2\/pages\/2238"}],"wp:featuredmedia":[{"embeddable":true,"href":"https:\/\/www.rochalog.com.br\/en\/wp-json\/wp\/v2\/media\/6981"}],"wp:attachment":[{"href":"https:\/\/www.rochalog.com.br\/en\/wp-json\/wp\/v2\/media?parent=1040"}],"curies":[{"name":"wp","href":"https:\/\/api.w.org\/{rel}","templated":true}]}}